{"id":149602,"date":"2025-03-31T19:42:25","date_gmt":"2025-03-31T17:43:03","guid":{"rendered":"https:\/\/shop4trac.com\/sin%20categor\u00eda\/manual-manual-de-servicio-iseki-motor-isuzu-e3af1-e3ae1-e3ad1-e3ag1\/"},"modified":"2025-08-01T17:14:04","modified_gmt":"2025-08-01T15:14:04","slug":"manual-manual-de-servicio-iseki-motor-isuzu-e3af1-e3ae1-e3ad1-e3ag1","status":"publish","type":"product","link":"https:\/\/shop4trac.com\/es\/otras-partes\/manuales\/manual-manual-de-servicio-iseki-motor-isuzu-e3af1-e3ae1-e3ad1-e3ag1\/","title":{"rendered":"Manual \u2013 manual de servicio Iseki | Motor Isuzu | E3AF1 | E3AE1 | E3AD1 | E3AG1"},"content":{"rendered":"<p>Manual para el motor de muchos modelos Iseki con motor Isuzu.<\/p>\n<p class=\"p1\"><b>Manual de servicio para motores Isuzu \u2013 E3AF1 | E3AE1 | E3AD1 | E3AG1<\/b><b><\/b><\/p>\n<p class=\"p3\">Este manual de servicio proporciona informaci\u00f3n detallada para el mantenimiento y la reparaci\u00f3n de los motores Isuzu E3AF1, E3AE1, E3AD1 y E3AG1. Incluye especificaciones t\u00e9cnicas, diagramas el\u00e9ctricos e instrucciones paso a paso para desmontaje, inspecci\u00f3n y montaje. Indispensable para mec\u00e1nicos, talleres y cualquier persona que trabaje con motores industriales\/tractores Isuzu.  <\/p>\n<p>Los siguientes modelos est\u00e1n equipados con el motor del manual<\/p>\n<p><strong>Iseki<\/strong><\/p>\n<ul>\n<li>TE4270, TL1901, TL2100, TL2300, TL2500<\/li>\n<li>TU197, TU197F, TU220, TU225, TU240, TU245, TU324<\/li>\n<li>TE3210, TL1900, TL2800, TL2900, TL2901, TL3200, TL3201, TU1700, TU1900, TU2100<\/li>\n<li>TU180, TU185, TU200, TU205<\/li>\n<li>TA255, TA263, TA267, TA287, TA317, TA530<\/li>\n<li>TA207, TA210, TA227, TA247, TA230<\/li>\n<\/ul>\n<p><strong>Motor Isuzu<\/strong><\/p>\n<ul>\n<li>E3AF1 | E3AE1 | E3AD1 | E3AG1<\/li>\n<\/ul>\n<p><strong>Massey Ferguson<\/strong><\/p>\n<ul>\n<li>MF1250 \u2013 \u00a1Versi\u00f3n ISuzu!<\/li>\n<\/ul>\n<p><strong>Bolens<\/strong><\/p>\n<ul>\n<li>G272, G274<\/li>\n<li>G212, G214<\/li>\n<\/ul>\n<p><span style=\"text-decoration: underline\">94 p\u00e1ginas<\/span><\/p>\n<p><strong>En ingl\u00e9s<\/strong><\/p>\n<p class=\"p1\"><b>? Manual de servicio para motores di\u00e9sel Iseki<\/b><b><\/b><\/p>\n<p class=\"p3\"><b>Modelos: E3AE1 | E3AF1 | E3AD1 | E3AG1<\/b><b><\/b><\/p>\n<p class=\"p4\">? <span class=\"s1\"><b>Manual de servicio Iseki \/ Isuzu<\/b><\/span> para motores di\u00e9sel de 3 cilindros. Indispensable para el mantenimiento, diagn\u00f3stico y revisi\u00f3n de los siguientes tipos de motores: <\/p>\n<p class=\"p5\">\u2022E3AE1<\/p>\n<p class=\"p5\">\u2022E3AF1<\/p>\n<p class=\"p5\">\u2022E3AD1<\/p>\n<p class=\"p5\">\u2022E3AG1<\/p>\n<p class=\"p4\">Este manual contiene informaci\u00f3n detallada sobre:<\/p>\n<p class=\"p4\">\u2714\ufe0f Especificaciones t\u00e9cnicas<\/p>\n<p class=\"p4\">\u2714\ufe0f Desmontaje y montaje paso a paso<\/p>\n<p class=\"p4\">\u2714\ufe0f Programas de lubricaci\u00f3n y valores de torque<\/p>\n<p class=\"p4\">\u2714\ufe0f Diagramas el\u00e9ctricos<\/p>\n<p class=\"p4\">\u2714\ufe0f Intervalos de mantenimiento y resoluci\u00f3n de problemas<\/p>\n<p class=\"p4\">? <span class=\"s1\"><b>Idioma<\/b><\/span> : Ingl\u00e9s<\/p>\n<p class=\"p4\">? <span class=\"s1\"><b>Formato<\/b><\/span> : Descarga digital (PDF) o versi\u00f3n en papel<\/p>\n<p class=\"p4\">? <span class=\"s1\"><b>Aplicaci\u00f3n<\/b><\/span> : Ampliamente utilizado en tractores Iseki y aplicaciones industriales.<\/p>\n","protected":false},"excerpt":{"rendered":"<p>Manual para el motor de muchos modelos Iseki con motor Isuzu. Manual de servicio para motores Isuzu \u2013 E3AF1 | E3AE1 | E3AD1 | E3AG1 Este manual de servicio proporciona informaci\u00f3n detallada para el mantenimiento y la reparaci\u00f3n de los motores Isuzu E3AF1, E3AE1, E3AD1 y E3AG1. Incluye especificaciones t\u00e9cnicas, diagramas el\u00e9ctricos e instrucciones paso&hellip;<\/p>\n","protected":false},"featured_media":149601,"comment_status":"open","ping_status":"open","template":"","meta":[],"product_cat":[9014],"product_tag":[],"class_list":{"0":"post-149602","1":"product","2":"type-product","3":"status-publish","4":"has-post-thumbnail","6":"product_cat-manuales","7":"pa_merk-bolens-es","8":"pa_merk-iseki-es","9":"pa_merk-massey-ferguson-es","11":"first","12":"instock","13":"sale","14":"taxable","15":"shipping-taxable","16":"purchasable","17":"product-type-variable","18":"col-xs-6 col-sm-4","19":"col-md-3 col-lg-3","20":"un-4-cols"},"_links":{"self":[{"href":"https:\/\/shop4trac.com\/es\/wp-json\/wp\/v2\/product\/149602","targetHints":{"allow":["GET"]}}],"collection":[{"href":"https:\/\/shop4trac.com\/es\/wp-json\/wp\/v2\/product"}],"about":[{"href":"https:\/\/shop4trac.com\/es\/wp-json\/wp\/v2\/types\/product"}],"replies":[{"embeddable":true,"href":"https:\/\/shop4trac.com\/es\/wp-json\/wp\/v2\/comments?post=149602"}],"wp:featuredmedia":[{"embeddable":true,"href":"https:\/\/shop4trac.com\/es\/wp-json\/wp\/v2\/media\/149601"}],"wp:attachment":[{"href":"https:\/\/shop4trac.com\/es\/wp-json\/wp\/v2\/media?parent=149602"}],"wp:term":[{"taxonomy":"product_cat","embeddable":true,"href":"https:\/\/shop4trac.com\/es\/wp-json\/wp\/v2\/product_cat?post=149602"},{"taxonomy":"product_tag","embeddable":true,"href":"https:\/\/shop4trac.com\/es\/wp-json\/wp\/v2\/product_tag?post=149602"}],"curies":[{"name":"wp","href":"https:\/\/api.w.org\/{rel}","templated":true}]}}