{"id":149306,"date":"2025-03-27T20:57:24","date_gmt":"2025-03-27T19:57:24","guid":{"rendered":"https:\/\/shop4trac.com\/sin%20categor\u00eda\/brazo-elevador-cat1-enlace-inferior-kubota-l-l1-gl-gt-serie-x-hinomoto\/"},"modified":"2026-02-17T10:43:18","modified_gmt":"2026-02-17T09:43:18","slug":"brazo-elevador-cat1-enlace-inferior-kubota-l-l1-gl-gt-serie-x-hinomoto","status":"publish","type":"product","link":"https:\/\/shop4trac.com\/es\/otras-partes\/conjunto-de-elevacion\/brazo-elevador-cat1-enlace-inferior-kubota-l-l1-gl-gt-serie-x-hinomoto\/","title":{"rendered":"Brazo elevador CAT1 | Enlace inferior | Kubota L | L1 | GL | GT | Serie X | Hinomoto"},"content":{"rendered":"<p>Brazo de elevaci\u00f3n adecuado para todo tipo de Kubota<\/p>\n<p><span style=\"text-decoration: underline;\"><strong>\u00a1El brazo de elevaci\u00f3n se vende por unidad!<\/strong><\/span><\/p>\n<p><strong>Datos t\u00e9cnicos<\/strong><\/p>\n<ul>\n<li>680 mm de largo<\/li>\n<li>65 mm de alto<\/li>\n<li>22 mm de espesor: \u00a1calidad extra fuerte!<\/li>\n<li>Di\u00e1metro del brazo elevador central de los agujeros: 14 mm<\/li>\n<li>Di\u00e1metro de conexi\u00f3n 22 mm CAT1<\/li>\n<\/ul>\n<p><strong>Kioti<\/strong><\/p>\n<ul>\n<li>LK2554<\/li>\n<\/ul>\n<p><strong>Kubota<\/strong><\/p>\n<ul>\n<li>L1801, L1802, L2000, L2002, L2050, L2201, L2202, L2250, L2255, L2350DT (&lt; n\u00famero de serie 54672), L2350F (&lt;n\u00famero de serie 11295)<\/li>\n<li>L2402, L2500, L2550, L2600F, L2601DT, L2602, L2650, L2850, L3000, L3001<\/li>\n<li>L1-18, L1-20, L1-20, L1-22, L1-24, L1-195, L1-215, L1-225, L1-235, L1245, L1-255<\/li>\n<li>GL19, GL21, GL23, GL25, GL26, GL27, GL29, GL32<\/li>\n<li>GL201, GL201 MFWD, GL220, GL220 MFWD, GL221, GL240, GL241, GL260, GL261, GL281<\/li>\n<li>GT-3, GT-5, GT-8, X-20, X-24<\/li>\n<li>B2150HST , B9200HST-DB<\/li>\n<li>L225, L235, L245, L260, L275, L285, L295<\/li>\n<li>L245F, L245H, L235, L275, L295, B9200HST.<\/li>\n<\/ul>\n<p><strong>Hinomoto<\/strong><\/p>\n<ul>\n<li>NX21, NX23, NX25, NX27, NX29, NX32<\/li>\n<li>NX240, NX260<\/li>\n<li>\n<p class=\"p1\">NX201, NX201 TDM, NX220, NX220 TDM, NX221, NX240, NX241, NX260, NX261, NX277, NX280, NX281<\/p>\n<\/li>\n<\/ul>\n<p><strong>Zen-noh<\/strong><\/p>\n<ul>\n<li>ZL1801, ZL2200, ZL2201, ZL3001<\/li>\n<li>ZL1802, ZL2002, ZL2202, ZL2402<\/li>\n<\/ul>\n","protected":false},"excerpt":{"rendered":"<p>Brazo de elevaci\u00f3n adecuado para todo tipo de Kubota \u00a1El brazo de elevaci\u00f3n se vende por unidad! Datos t\u00e9cnicos 680 mm de largo 65 mm de alto 22 mm de espesor: \u00a1calidad extra fuerte! Di\u00e1metro del brazo elevador central de los agujeros: 14 mm Di\u00e1metro de conexi\u00f3n 22 mm CAT1 Kioti LK2554 Kubota L1801, L1802,&hellip;<\/p>\n","protected":false},"featured_media":149285,"comment_status":"open","ping_status":"closed","template":"","meta":[],"product_cat":[17630],"product_tag":[],"class_list":{"0":"post-149306","1":"product","2":"type-product","3":"status-publish","4":"has-post-thumbnail","6":"product_cat-conjunto-de-elevacion","7":"pa_merk-hinomoto-es","8":"pa_merk-kubota-es","10":"first","11":"instock","12":"sale","13":"taxable","14":"shipping-taxable","15":"purchasable","16":"product-type-simple","17":"col-xs-6 col-sm-4","18":"col-md-3 col-lg-3","19":"un-4-cols"},"_links":{"self":[{"href":"https:\/\/shop4trac.com\/es\/wp-json\/wp\/v2\/product\/149306","targetHints":{"allow":["GET"]}}],"collection":[{"href":"https:\/\/shop4trac.com\/es\/wp-json\/wp\/v2\/product"}],"about":[{"href":"https:\/\/shop4trac.com\/es\/wp-json\/wp\/v2\/types\/product"}],"replies":[{"embeddable":true,"href":"https:\/\/shop4trac.com\/es\/wp-json\/wp\/v2\/comments?post=149306"}],"wp:featuredmedia":[{"embeddable":true,"href":"https:\/\/shop4trac.com\/es\/wp-json\/wp\/v2\/media\/149285"}],"wp:attachment":[{"href":"https:\/\/shop4trac.com\/es\/wp-json\/wp\/v2\/media?parent=149306"}],"wp:term":[{"taxonomy":"product_cat","embeddable":true,"href":"https:\/\/shop4trac.com\/es\/wp-json\/wp\/v2\/product_cat?post=149306"},{"taxonomy":"product_tag","embeddable":true,"href":"https:\/\/shop4trac.com\/es\/wp-json\/wp\/v2\/product_tag?post=149306"}],"curies":[{"name":"wp","href":"https:\/\/api.w.org\/{rel}","templated":true}]}}