{"id":147833,"date":"2025-03-17T19:18:51","date_gmt":"2025-03-17T18:24:05","guid":{"rendered":"https:\/\/shop4trac.com\/sin%20categor\u00eda\/estabilizador-de-brazo-elevador-ajustador-de-brazo-elevador-kubota-yanmar-iseki-hinomoto-kioti-solis\/"},"modified":"2025-08-01T17:14:29","modified_gmt":"2025-08-01T15:14:29","slug":"estabilizador-de-brazo-elevador-ajustador-de-brazo-elevador-kubota-yanmar-iseki-hinomoto-kioti-solis","status":"publish","type":"product","link":"https:\/\/shop4trac.com\/es\/otras-partes\/conjunto-de-elevacion\/estabilizador-de-brazo-elevador-ajustador-de-brazo-elevador-kubota-yanmar-iseki-hinomoto-kioti-solis\/","title":{"rendered":"Estabilizador de brazo elevador | Ajustador de brazo elevador Kubota | Yanmar | Iseki | Hinomoto | Kioti | Sol\u00eds"},"content":{"rendered":"<p>Estabilizador de brazo elevador adecuado para todos los mini tractores<\/p>\n<h3>Opci\u00f3n 1:<\/h3>\n<p>Centrado principalmente en el conjunto de elevaci\u00f3n Kubota:<\/p>\n<ul>\n<li>Longitud de trabajo: m\u00ednimo 430MM mm.<\/li>\n<li>Longitud de trabajo: m\u00e1ximo 500MM mm.<\/li>\n<li>Di\u00e1metro de conexi\u00f3n al tractor: 22,50 mm<\/li>\n<\/ul>\n<p><strong>Modelos Kubota de referencia<\/strong><\/p>\n<ul>\n<li>B1700 D\/HD, B2100 D\/HD, B2400 D\/HD<\/li>\n<li>B1700D, B1700E, B1700HSD, B1700HSE, B2100D, B2100E, B2100HSD, B2100HSE, B2320DT, B2320DTN(-1)<\/li>\n<li>B2320DTWO, B2320HSD, B2320HSDN, B2400D, B2400E, B2400HSD, B2400HSE, B2410HSD, B2410HSDB, B2410HSE, B2620HSD, B2920HSD, B3200HSD, B3200HSDWO, B7300HSD, B7400HSD, B7410D<\/li>\n<li>B7500D, B7500DTN, B7500HSD, B7510D, B7510DN, B7510HSD, B7510HSDTR, B7610HSD<\/li>\n<\/ul>\n<p><strong>OEM para referencia<\/strong><\/p>\n<ul>\n<li>6C040-65290, 6C040-65293<\/li>\n<\/ul>\n<h3>Opci\u00f3n 2:<\/h3>\n<ul>\n<li>Longitud de trabajo: m\u00ednimo 400MM.<\/li>\n<li>Longitud de trabajo: m\u00e1ximo 515MM.<\/li>\n<li>Di\u00e1metro del pasador: 16 mm<\/li>\n<\/ul>\n<p><strong>Modelos de ejemplo de Kubota<\/strong><\/p>\n<ul>\n<li>M7040DT, M8200DT, M8540DTH, M9000DT, M9540DTH<\/li>\n<li>etc.<\/li>\n<\/ul>\n<p><strong>OEM para referencia<\/strong><\/p>\n<ul>\n<li>W9501-65052<\/li>\n<li>3C085-91100<\/li>\n<\/ul>\n<h3>Opci\u00f3n 3:<\/h3>\n<ul>\n<li>Longitud de trabajo: m\u00ednimo 380MM.<\/li>\n<li>Longitud de trabajo: m\u00e1ximo 470MM.<\/li>\n<li>Di\u00e1metro del pasador: 16 mm<\/li>\n<\/ul>\n<p><strong>OEM para referencia<\/strong><\/p>\n<ul>\n<li>W9501-65052<\/li>\n<li>3C085-91100<\/li>\n<\/ul>\n","protected":false},"excerpt":{"rendered":"<p>Estabilizador de brazo elevador adecuado para todos los mini tractores Opci\u00f3n 1: Centrado principalmente en el conjunto de elevaci\u00f3n Kubota: Longitud de trabajo: m\u00ednimo 430MM mm. Longitud de trabajo: m\u00e1ximo 500MM mm. Di\u00e1metro de conexi\u00f3n al tractor: 22,50 mm Modelos Kubota de referencia B1700 D\/HD, B2100 D\/HD, B2400 D\/HD B1700D, B1700E, B1700HSD, B1700HSE, B2100D, B2100E,&hellip;<\/p>\n","protected":false},"featured_media":147832,"comment_status":"open","ping_status":"open","template":"","meta":[],"product_cat":[17630],"product_tag":[],"class_list":{"0":"post-147833","1":"product","2":"type-product","3":"status-publish","4":"has-post-thumbnail","6":"product_cat-conjunto-de-elevacion","7":"pa_merk-bcs-es","8":"pa_merk-ferrari-agricola","9":"pa_merk-gianni-ferrari-es","10":"pa_merk-gutbrod-es","11":"pa_merk-hinomoto-es","12":"pa_merk-john-deere-es","13":"pa_merk-kubota-es","14":"pa_merk-shibaura-es","15":"pa_merk-yanmar-es","17":"first","18":"instock","19":"sale","20":"taxable","21":"shipping-taxable","22":"purchasable","23":"product-type-variable","24":"col-xs-6 col-sm-4","25":"col-md-3 col-lg-3","26":"un-4-cols"},"_links":{"self":[{"href":"https:\/\/shop4trac.com\/es\/wp-json\/wp\/v2\/product\/147833","targetHints":{"allow":["GET"]}}],"collection":[{"href":"https:\/\/shop4trac.com\/es\/wp-json\/wp\/v2\/product"}],"about":[{"href":"https:\/\/shop4trac.com\/es\/wp-json\/wp\/v2\/types\/product"}],"replies":[{"embeddable":true,"href":"https:\/\/shop4trac.com\/es\/wp-json\/wp\/v2\/comments?post=147833"}],"wp:featuredmedia":[{"embeddable":true,"href":"https:\/\/shop4trac.com\/es\/wp-json\/wp\/v2\/media\/147832"}],"wp:attachment":[{"href":"https:\/\/shop4trac.com\/es\/wp-json\/wp\/v2\/media?parent=147833"}],"wp:term":[{"taxonomy":"product_cat","embeddable":true,"href":"https:\/\/shop4trac.com\/es\/wp-json\/wp\/v2\/product_cat?post=147833"},{"taxonomy":"product_tag","embeddable":true,"href":"https:\/\/shop4trac.com\/es\/wp-json\/wp\/v2\/product_tag?post=147833"}],"curies":[{"name":"wp","href":"https:\/\/api.w.org\/{rel}","templated":true}]}}