{"id":147364,"date":"2025-03-13T13:25:33","date_gmt":"2025-03-13T12:25:33","guid":{"rendered":"https:\/\/shop4trac.com\/sin%20categor\u00eda\/caja-de-direccion-completa-kubota-b4200-b7100-zen-noh-zb5000-zb7001\/"},"modified":"2025-08-01T17:14:39","modified_gmt":"2025-08-01T15:14:39","slug":"caja-de-direccion-completa-kubota-b4200-b7100-zen-noh-zb5000-zb7001","status":"publish","type":"product","link":"https:\/\/shop4trac.com\/es\/otras-partes\/rotula-de-direccion\/caja-de-direccion-completa-kubota-b4200-b7100-zen-noh-zb5000-zb7001\/","title":{"rendered":"Caja de direcci\u00f3n completa Kubota B4200 \u2013 B7100 | Zen-noh ZB5000 \u2013 ZB7001"},"content":{"rendered":"<p>Caja de direcci\u00f3n completa para Kubota<\/p>\n<p><span style=\"text-decoration: underline\"><strong>Preste mucha atenci\u00f3n a la versi\u00f3n. Hay 2 variantes en circulaci\u00f3n. Compara las dimensiones y comprueba el n\u00famero de chasis.  <\/strong><\/span><\/p>\n<p>Adecuado para las siguientes m\u00e1quinas<\/p>\n<p><strong>Kubota<\/strong><\/p>\n<ul>\n<li>B4200D, B5100D, B5100E<\/li>\n<li>B6000 (N\u00famero de chasis.NO:&gt; 72863)<\/li>\n<li>B6000E (N\u00famero de chasis.NO:&gt; 17451)<\/li>\n<li>B6100D (sin HST), B6100E (sin HST), B7100 (sin HST)<\/li>\n<li>B7000, B7001, B6001, B5000, B5001<\/li>\n<\/ul>\n<p><strong>zen-noh<\/strong><\/p>\n<ul>\n<li>ZB5000, ZB5001, ZB6000, ZB6001, ZB7000, ZB7001<\/li>\n<\/ul>\n<p><strong>OEM para referencia<\/strong><\/p>\n<ul>\n<li>67001-41100<\/li>\n<li>66611-4112-2, 66611-41122<\/li>\n<li>66711-41100, 66711-41103, 66811-41110, 66811-41200, 66811-41140, 66811-41150, 09500-22358, 66811-41160, 66811-41170, 01120-50822, 66811-41180<\/li>\n<li>66811-41190, 66811-41210, 66811-41220, 66811-41230, 66811-41240, 66811-41250, 04714-00800, 61101-18140, 66711-41122, 66711-41123, 01153-50825, 04512-50080, 34150-16640<\/li>\n<li>66811-41320, 66811-41330, 66811-41340, 66811-41350, 66811-41360, 09500-16287, 66591-41250<\/li>\n<\/ul>\n","protected":false},"excerpt":{"rendered":"<p>Caja de direcci\u00f3n completa para Kubota Preste mucha atenci\u00f3n a la versi\u00f3n. Hay 2 variantes en circulaci\u00f3n. Compara las dimensiones y comprueba el n\u00famero de chasis. Adecuado para las siguientes m\u00e1quinas Kubota B4200D, B5100D, B5100E B6000 (N\u00famero de chasis.NO:&gt; 72863) B6000E (N\u00famero de chasis.NO:&gt; 17451) B6100D (sin HST), B6100E (sin HST), B7100 (sin HST) B7000,&hellip;<\/p>\n","protected":false},"featured_media":147315,"comment_status":"open","ping_status":"closed","template":"","meta":[],"product_cat":[493],"product_tag":[],"class_list":{"0":"post-147364","1":"product","2":"type-product","3":"status-publish","4":"has-post-thumbnail","6":"product_cat-rotula-de-direccion","7":"pa_merk-kubota-es","8":"pa_merk-zen-noh-es","10":"first","11":"outofstock","12":"sale","13":"taxable","14":"shipping-taxable","15":"purchasable","16":"product-type-simple","17":"col-xs-6 col-sm-4","18":"col-md-3 col-lg-3","19":"un-4-cols"},"_links":{"self":[{"href":"https:\/\/shop4trac.com\/es\/wp-json\/wp\/v2\/product\/147364","targetHints":{"allow":["GET"]}}],"collection":[{"href":"https:\/\/shop4trac.com\/es\/wp-json\/wp\/v2\/product"}],"about":[{"href":"https:\/\/shop4trac.com\/es\/wp-json\/wp\/v2\/types\/product"}],"replies":[{"embeddable":true,"href":"https:\/\/shop4trac.com\/es\/wp-json\/wp\/v2\/comments?post=147364"}],"wp:featuredmedia":[{"embeddable":true,"href":"https:\/\/shop4trac.com\/es\/wp-json\/wp\/v2\/media\/147315"}],"wp:attachment":[{"href":"https:\/\/shop4trac.com\/es\/wp-json\/wp\/v2\/media?parent=147364"}],"wp:term":[{"taxonomy":"product_cat","embeddable":true,"href":"https:\/\/shop4trac.com\/es\/wp-json\/wp\/v2\/product_cat?post=147364"},{"taxonomy":"product_tag","embeddable":true,"href":"https:\/\/shop4trac.com\/es\/wp-json\/wp\/v2\/product_tag?post=147364"}],"curies":[{"name":"wp","href":"https:\/\/api.w.org\/{rel}","templated":true}]}}