{"id":141402,"date":"2025-01-23T10:38:11","date_gmt":"2025-01-23T09:38:11","guid":{"rendered":"https:\/\/shop4trac.com\/sin%20categor\u00eda\/kit-de-filtro-kubota-b2150-b2150hst-b9200hst-d950\/"},"modified":"2025-09-02T11:42:08","modified_gmt":"2025-09-02T09:42:08","slug":"kit-de-filtro-kubota-b2150-b2150hst-b9200hst-d950","status":"publish","type":"product","link":"https:\/\/shop4trac.com\/es\/filtros\/juegos-de-filtros\/kit-de-filtro-kubota-b2150-b2150hst-b9200hst-d950\/","title":{"rendered":"Kit de filtros Kubota B2150 | B2150HST \u2013 B9200HST | D950"},"content":{"rendered":"<p>Kit de filtro | Juego de mantenimiento adecuado para:<\/p>\n<p>Consta de:<\/p>\n<ul>\n<li>Filtro de aire\n<ul>\n<li>Di\u00e1metro exterior: 105 mm<\/li>\n<li>Di\u00e1metro interior: 62 mm<\/li>\n<li>Longitud: 270 mm<\/li>\n<\/ul>\n<\/li>\n<li>Filtro de combustible\n<ul>\n<li>Di\u00e1metro exterior: 29mm<\/li>\n<li>Di\u00e1metro interior: 13mm<\/li>\n<li>Longitud: 84mm<\/li>\n<\/ul>\n<\/li>\n<li>Filtro de aceite\n<ul>\n<li>Rosca: M20x1.5<\/li>\n<li>Di\u00e1metro: 80,0 mm<\/li>\n<li>Altura: 80 mm<\/li>\n<\/ul>\n<\/li>\n<\/ul>\n<p><strong>Motor Kubota<\/strong><\/p>\n<ul>\n<li class=\"p1\">D950<\/li>\n<\/ul>\n<p><strong>Kubota<\/strong><\/p>\n<ul>\n<li class=\"p1\">B9200 HST, B2150 D\/HD, B2350 HDB, B2150 HST<\/li>\n<\/ul>\n<p><strong>OEM de referencia<\/strong><\/p>\n<ul>\n<li>15241-32090 \u2013 Filtro de aceite<\/li>\n<li>66418-58210 \u2013 Filtro de aire<\/li>\n<li>15231-43560 \u2013 Filtro de combustible<\/li>\n<\/ul>\n","protected":false},"excerpt":{"rendered":"<p>Kit de filtro | Juego de mantenimiento adecuado para: Consta de: Filtro de aire Di\u00e1metro exterior: 105 mm Di\u00e1metro interior: 62 mm Longitud: 270 mm Filtro de combustible Di\u00e1metro exterior: 29mm Di\u00e1metro interior: 13mm Longitud: 84mm Filtro de aceite Rosca: M20x1.5 Di\u00e1metro: 80,0 mm Altura: 80 mm Motor Kubota D950 Kubota B9200 HST, B2150 D\/HD,&hellip;<\/p>\n","protected":false},"featured_media":141376,"comment_status":"open","ping_status":"open","template":"","meta":[],"product_cat":[474],"product_tag":[],"class_list":{"0":"post-141402","1":"product","2":"type-product","3":"status-publish","4":"has-post-thumbnail","6":"product_cat-juegos-de-filtros","7":"pa_merk-kubota-es","9":"first","10":"instock","11":"sale","12":"taxable","13":"shipping-taxable","14":"purchasable","15":"product-type-simple","16":"col-xs-6 col-sm-4","17":"col-md-3 col-lg-3","18":"un-4-cols"},"_links":{"self":[{"href":"https:\/\/shop4trac.com\/es\/wp-json\/wp\/v2\/product\/141402","targetHints":{"allow":["GET"]}}],"collection":[{"href":"https:\/\/shop4trac.com\/es\/wp-json\/wp\/v2\/product"}],"about":[{"href":"https:\/\/shop4trac.com\/es\/wp-json\/wp\/v2\/types\/product"}],"replies":[{"embeddable":true,"href":"https:\/\/shop4trac.com\/es\/wp-json\/wp\/v2\/comments?post=141402"}],"wp:featuredmedia":[{"embeddable":true,"href":"https:\/\/shop4trac.com\/es\/wp-json\/wp\/v2\/media\/141376"}],"wp:attachment":[{"href":"https:\/\/shop4trac.com\/es\/wp-json\/wp\/v2\/media?parent=141402"}],"wp:term":[{"taxonomy":"product_cat","embeddable":true,"href":"https:\/\/shop4trac.com\/es\/wp-json\/wp\/v2\/product_cat?post=141402"},{"taxonomy":"product_tag","embeddable":true,"href":"https:\/\/shop4trac.com\/es\/wp-json\/wp\/v2\/product_tag?post=141402"}],"curies":[{"name":"wp","href":"https:\/\/api.w.org\/{rel}","templated":true}]}}