{"id":140254,"date":"2025-01-14T13:02:53","date_gmt":"2025-01-14T12:02:53","guid":{"rendered":"https:\/\/shop4trac.com\/sin%20categor\u00eda\/piston-yanmar-3tnv76-takeushi-oroni-komatsu-landini-mccormick-valpadana\/"},"modified":"2025-08-01T17:16:25","modified_gmt":"2025-08-01T15:16:25","slug":"piston-yanmar-3tnv76-takeushi-oroni-komatsu-landini-mccormick-valpadana","status":"publish","type":"product","link":"https:\/\/shop4trac.com\/es\/partes-de-motor\/pistones\/piston-yanmar-3tnv76-takeushi-oroni-komatsu-landini-mccormick-valpadana\/","title":{"rendered":"Pist\u00f3n Yanmar 3TNV76 | Takeushi | Oroni | Komatsu | Landini | McCormick | Valpada\u00f1a"},"content":{"rendered":"<p>Pist\u00f3n <strong>de primera<\/strong> calidad adecuado para los siguientes modelos.<\/p>\n<p><strong>Datos t\u00e9cnicos<\/strong><\/p>\n<ul>\n<li>76 mm<\/li>\n<\/ul>\n<p><strong>John Deere<\/strong><\/p>\n<ul>\n<li>X495, X595, X740, X744, X748, X950<\/li>\n<li>1026R, 2026R, 2305, 2320<\/li>\n<\/ul>\n<p><strong>Motor Yanmar<\/strong> :<\/p>\n<ul>\n<li>3TNV76<\/li>\n<\/ul>\n<p><strong>Takeushi<\/strong><\/p>\n<ul>\n<li>TB20R<\/li>\n<\/ul>\n<p><strong>Goldoni<\/strong><\/p>\n<ul>\n<li>Boxster 25<\/li>\n<\/ul>\n<p><strong>Komatsu<\/strong><\/p>\n<ul>\n<li>PC22MR-3 PC26MR-3<\/li>\n<li>3D76E<\/li>\n<\/ul>\n<p><strong>Landini<\/strong><\/p>\n<ul>\n<li>4630 BRAZO, 4630 ISM,<\/li>\n<\/ul>\n<p><strong>McCormick<\/strong><\/p>\n<ul>\n<li>4630 BRAZO, 4630 ISM,<\/li>\n<\/ul>\n<p><strong>Valpadana<\/strong><\/p>\n<ul>\n<li>4630 BRAZO, 4630 ISM,<\/li>\n<\/ul>\n<p><strong>Ammann<\/strong><\/p>\n<ul>\n<li>AV 12-2, AV 16-2 K, AV 16-2, AV 20-2,<\/li>\n<\/ul>\n<p><strong>Fuchs<\/strong><\/p>\n<ul>\n<li>F853,<\/li>\n<\/ul>\n<p><strong>Gehl<\/strong><\/p>\n<ul>\n<li>AL-140,<\/li>\n<\/ul>\n<p><strong>Hitachi<\/strong><\/p>\n<ul>\n<li>Zaxis \/ ZX 26U-5A,<\/li>\n<\/ul>\n<p><strong>Kramer<\/strong><\/p>\n<ul>\n<li>250, 348-00, 0001 -&gt;,<\/li>\n<\/ul>\n<p><strong>Maeda<\/strong><\/p>\n<ul>\n<li>MC-305C-2,<\/li>\n<\/ul>\n<p><strong>Mustang<\/strong><\/p>\n<ul>\n<li>AL-106, 1503, 2803ZT,<\/li>\n<\/ul>\n<p><strong>Wacker Neuson<\/strong><\/p>\n<ul>\n<li>1404, 1703, 1703, 2003, 2003, 2404, 28Z3, 28Z3, ET18, ET20, ET24, EZ17, EZ28<\/li>\n<\/ul>\n<p><strong>Mase<\/strong><\/p>\n<ul>\n<li>IS 7.6, IS 8.1, Mariner 810,<\/li>\n<\/ul>\n<p><strong>Mosa<\/strong><\/p>\n<ul>\n<li>GE 10 YSX, GE 10 YSXC, GE 8 YSXC<\/li>\n<\/ul>\n<p><strong>OEM para referencia<\/strong><\/p>\n<ul>\n<li>119717-22300<\/li>\n<li>119717-22080 ETS<\/li>\n<li>119718-22090<\/li>\n<\/ul>\n","protected":false},"excerpt":{"rendered":"<p>Pist\u00f3n de primera calidad adecuado para los siguientes modelos. Datos t\u00e9cnicos 76 mm John Deere X495, X595, X740, X744, X748, X950 1026R, 2026R, 2305, 2320 Motor Yanmar : 3TNV76 Takeushi TB20R Goldoni Boxster 25 Komatsu PC22MR-3 PC26MR-3 3D76E Landini 4630 BRAZO, 4630 ISM, McCormick 4630 BRAZO, 4630 ISM, Valpadana 4630 BRAZO, 4630 ISM, Ammann AV&hellip;<\/p>\n","protected":false},"featured_media":190430,"comment_status":"open","ping_status":"closed","template":"","meta":[],"product_cat":[509],"product_tag":[],"class_list":{"0":"post-140254","1":"product","2":"type-product","3":"status-publish","4":"has-post-thumbnail","6":"product_cat-pistones","7":"pa_merk-goldoni-es","8":"pa_merk-hitachi-es","9":"pa_merk-john-deere-es","10":"pa_merk-komatsu-es","11":"pa_merk-landini-es","12":"pa_merk-mustang-es","13":"pa_merk-takeuchi-es","14":"pa_merk-yanmar-es","15":"pa_motor-3tnv76-es","17":"first","18":"instock","19":"sale","20":"taxable","21":"shipping-taxable","22":"purchasable","23":"product-type-variable","24":"col-xs-6 col-sm-4","25":"col-md-3 col-lg-3","26":"un-4-cols"},"_links":{"self":[{"href":"https:\/\/shop4trac.com\/es\/wp-json\/wp\/v2\/product\/140254","targetHints":{"allow":["GET"]}}],"collection":[{"href":"https:\/\/shop4trac.com\/es\/wp-json\/wp\/v2\/product"}],"about":[{"href":"https:\/\/shop4trac.com\/es\/wp-json\/wp\/v2\/types\/product"}],"replies":[{"embeddable":true,"href":"https:\/\/shop4trac.com\/es\/wp-json\/wp\/v2\/comments?post=140254"}],"wp:featuredmedia":[{"embeddable":true,"href":"https:\/\/shop4trac.com\/es\/wp-json\/wp\/v2\/media\/190430"}],"wp:attachment":[{"href":"https:\/\/shop4trac.com\/es\/wp-json\/wp\/v2\/media?parent=140254"}],"wp:term":[{"taxonomy":"product_cat","embeddable":true,"href":"https:\/\/shop4trac.com\/es\/wp-json\/wp\/v2\/product_cat?post=140254"},{"taxonomy":"product_tag","embeddable":true,"href":"https:\/\/shop4trac.com\/es\/wp-json\/wp\/v2\/product_tag?post=140254"}],"curies":[{"name":"wp","href":"https:\/\/api.w.org\/{rel}","templated":true}]}}