{"id":139544,"date":"2025-01-07T11:45:30","date_gmt":"2025-01-07T10:45:30","guid":{"rendered":"https:\/\/shop4trac.com\/sin%20categor\u00eda\/motor-de-arranque-agria-carraro-titular-bertolini-oroni-lanzamiento-lombardini-valpadana\/"},"modified":"2025-09-06T20:31:35","modified_gmt":"2025-09-06T18:31:35","slug":"motor-de-arranque-agria-carraro-titular-bertolini-oroni-lanzamiento-lombardini-valpadana","status":"publish","type":"product","link":"https:\/\/shop4trac.com\/es\/piezas-electricas\/motor-de-arranque\/motor-de-arranque-agria-carraro-titular-bertolini-oroni-lanzamiento-lombardini-valpadana\/","title":{"rendered":"Motor de arranque Agria | Carraro | Titular | Bertolini | Oroni | lanzamiento | Lombardini | valpada\u00f1a"},"content":{"rendered":"<p>El motor de arranque lo suministra un proveedor <strong>certificado<\/strong> y est\u00e1 totalmente probado. Con sumo cuidado, se han buscado modelos compatibles.<\/p>\n<p><strong>Datos t\u00e9cnicos:<\/strong><\/p>\n<ul>\n<li>Voltaje 12 V<\/li>\n<li>Potencia (kW) 2,7<\/li>\n<li>Borde de montaje (mm) 82,1<\/li>\n<li>N\u00famero de dientes 9<\/li>\n<li>Posici\u00f3n inicial del pi\u00f1\u00f3n 21.0<\/li>\n<li>B+<\/li>\n<li>Tama\u00f1o de perno M10<\/li>\n<li>N\u00famero de orificios de montaje 2<\/li>\n<li>Posici\u00f3n de montaje (\u00b0) +145<\/li>\n<li>Rotaci\u00f3n CW (en el sentido de las agujas del reloj)<\/li>\n<\/ul>\n<p><strong>agria<\/strong><\/p>\n<ul>\n<li>6900D<\/li>\n<\/ul>\n<p><strong>Agr\u00edcola<\/strong><\/p>\n<ul>\n<li>80,56, 80,56 TD<\/li>\n<\/ul>\n<p><strong>Allgaier<\/strong><\/p>\n<ul>\n<li>A 111, A 133<\/li>\n<\/ul>\n<p><strong>Arona Motor<\/strong><\/p>\n<ul>\n<li>295 m d.C., 395 m d.C., 4100 m d.C., 495 m d.C., 952 p.m. d.C., 953 p.m. d.C., 954 p.m. d.C.<\/li>\n<\/ul>\n<p><strong>Bautz<\/strong><\/p>\n<ul>\n<li>14 caballeros, 200, Comodoro, T 600<\/li>\n<\/ul>\n<p><strong>Bertolini<\/strong><\/p>\n<ul>\n<li>740<\/li>\n<\/ul>\n<p><strong>Motor BPM<\/strong><\/p>\n<ul>\n<li>I\u00f3nico 127<\/li>\n<\/ul>\n<p><strong>Carraro<\/strong><\/p>\n<ul>\n<li>S\u00faper Tigre 635, S\u00faper Tigre 650, S\u00faper Tigre 835, S\u00faper Tigre 850, Tigrone Atlas 750, Tigrone Tropical 750<\/li>\n<\/ul>\n<p><strong>Dexheimer<\/strong><\/p>\n<ul>\n<li>345 SC<\/li>\n<\/ul>\n<p><strong>Motor Farymann<\/strong><\/p>\n<ul>\n<li>71 W, 71 W 8, G, G 10, G 20, GS, LCS, LG, LGS<\/li>\n<\/ul>\n<p><strong>FENDT<\/strong><\/p>\n<ul>\n<li>F 231 GT, Farmer 2 (FW 139), Farmer 2 D (FW 228\/1), Farmer 2 DE, Farmer 2 E, Farmer 2 N, Farmer 2 S, Farmer 3 S, Farmer 3 S (FW 238), Farmer 4 S, Favorito 3, Arreglar 2 E<\/li>\n<\/ul>\n<p><strong>Ferrari<\/strong><\/p>\n<ul>\n<li>745, 76, 85, 86, 933, 94 TR, 95, 95 RS, 96, 96 RS<\/li>\n<\/ul>\n<p><strong>Goldoni<\/strong><\/p>\n<ul>\n<li>1038, 1040, 230, 238, 240, 245, 336, 3445, 40 B, 45 B, 50 B, 834, 900 RS, 938, 945 RS\/DT, GM 4-L 30, Transcar 50 RS, Transporter 336, universales 230, universales 236<\/li>\n<\/ul>\n<p><strong>Gutbrod<\/strong><\/p>\n<ul>\n<li>2500D<\/li>\n<\/ul>\n<p><strong>hela<\/strong><\/p>\n<ul>\n<li>D 112, D 434<\/li>\n<\/ul>\n<p><strong>Titular<\/strong><\/p>\n<ul>\n<li>A20, A20 S, A21, A21 S<\/li>\n<\/ul>\n<p><strong>Hurlimann<\/strong><\/p>\n<ul>\n<li>D 100 L, D 100 S, D 110, D 115, D 65, D 70 S\u00faper Especial, D 90 S\u00faper Especial, D 95<\/li>\n<\/ul>\n<p><strong>John Deere<\/strong><\/p>\n<ul>\n<li>W260<\/li>\n<\/ul>\n<p><strong>Motor KHD<\/strong><\/p>\n<ul>\n<li>F 1 L 410, F 1 L 411 D, F 1 L 411 W, F 2 L 410<\/li>\n<\/ul>\n<p><strong>Lamborghini<\/strong><\/p>\n<ul>\n<li>503 DT, 583 DT-2 RM, 603 DT, R 240 DT, R 350 DT, R 503 S, R 603 S<\/li>\n<\/ul>\n<p><strong>motor lamborghini<\/strong><\/p>\n<ul>\n<li>L 802 E, L 900, L 910<\/li>\n<\/ul>\n<p><strong>lanza<\/strong><\/p>\n<ul>\n<li>NF, NI-F, NI-R, NO, RA<\/li>\n<\/ul>\n<p><strong>Motor Lombardini<\/strong><\/p>\n<ul>\n<li>11 LD 535.3, 11 LD 625.3, 11 LD 626.3, 5 LD 675.2, 5 LD 675.3, 5 LD 825.2 L, 5 LD 825.3, 5 LD 825.3 L, 5 LD 825.3 T, 5 LD 825.4, 5 LD 825,4 L, 5 LD 930,3, 5 LD 930,3 L, 5 LD 930,4, 5 LD 930,4 L, 832, 833<\/li>\n<\/ul>\n<p><strong>MAG (Motosacoche S.A.)<\/strong><\/p>\n<ul>\n<li>1067 DRT<\/li>\n<\/ul>\n<p><strong>Motor di\u00e9sel MWM<\/strong><\/p>\n<ul>\n<li>D 208-2, D 208-3, D 208-4, D 208-6, D 225-2, D 225-3, D 226-2, D 226-3, D 308-2, D 308-3, D 308-4, D 308-6, D 325-2, D 325-3, D 327-2, D 327-3<\/li>\n<\/ul>\n<p><strong>DE ACUERDO<\/strong><\/p>\n<ul>\n<li>Motrak S10<\/li>\n<\/ul>\n<p><strong>Porsche<\/strong><\/p>\n<ul>\n<li>P 122, P 133, Est\u00e1ndar 208, Est\u00e1ndar Star 219, Est\u00e1ndar T, Super, Super B, Super Export, Super L<\/li>\n<\/ul>\n<p><strong>Schanzlin<\/strong><\/p>\n<ul>\n<li>Gigante 300, Gigante 300 K<\/li>\n<\/ul>\n<p><strong>Pintor<\/strong><\/p>\n<ul>\n<li>1300, TR1000, TR1500, TR2000<\/li>\n<\/ul>\n<p><strong>Schmiedag<\/strong><\/p>\n<ul>\n<li>K 300H<\/li>\n<\/ul>\n<p><strong>Motor Slanzi<\/strong><\/p>\n<ul>\n<li>2001, DVA 1500, DVA 1550, DVA 1550 S2, DVA 1750, DVA 1750 S, DVA 2350<\/li>\n<\/ul>\n<p><strong>Steyr<\/strong><\/p>\n<ul>\n<li>180 A, Tipo 182, Tipo 182 A<\/li>\n<\/ul>\n<p><strong>Toselli<\/strong><\/p>\n<ul>\n<li>30 euros<\/li>\n<\/ul>\n<p><strong>Unimog<\/strong><\/p>\n<ul>\n<li>U-421<\/li>\n<\/ul>\n<p><strong>Valpadana<\/strong><\/p>\n<ul>\n<li>2536, 2540, 4 RM 6055 DT, 40.40, 6000, 6000 DT, 6000 RS\/DT, 6000 ST, 6040, 6042 RS\/DT, 6045 RS, 6050, 6050 RS, 6055 RS, 6060 RS, 7060, 7070, 8080RS<\/li>\n<\/ul>\n<p><strong>Zettelmeyer<\/strong><\/p>\n<ul>\n<li>VT2, VTL<\/li>\n<\/ul>\n<p><strong>OEM para referencia<\/strong><\/p>\n<ul>\n<li>0001354027, 0001354012, 0001354052, MS313, 0001354055, 0001354082, 0001354091, 0001358038, 0001362017, 0001362018, 0001362040<\/li>\n<li>0001362076, 0001362098, 0001366004, 0001366015, 0986017310, 0986017311, 11130432, 11130612, 120495A<\/li>\n<li>LRS01007, LRS567, MS313, MRF1217, MT71GB, MTL1221, STR1300s<\/li>\n<\/ul>\n","protected":false},"excerpt":{"rendered":"<p>El motor de arranque lo suministra un proveedor certificado y est\u00e1 totalmente probado. Con sumo cuidado, se han buscado modelos compatibles. Datos t\u00e9cnicos: Voltaje 12 V Potencia (kW) 2,7 Borde de montaje (mm) 82,1 N\u00famero de dientes 9 Posici\u00f3n inicial del pi\u00f1\u00f3n 21.0 B+ Tama\u00f1o de perno M10 N\u00famero de orificios de montaje 2 Posici\u00f3n&hellip;<\/p>\n","protected":false},"featured_media":139508,"comment_status":"open","ping_status":"closed","template":"","meta":[],"product_cat":[470],"product_tag":[],"class_list":{"0":"post-139544","1":"product","2":"type-product","3":"status-publish","4":"has-post-thumbnail","6":"product_cat-motor-de-arranque","7":"pa_merk-agria-es","8":"pa_merk-antonio-carraro-es","9":"pa_merk-bertolini-es","10":"pa_merk-carraro-es","11":"pa_merk-ferrari-agricola","12":"pa_merk-goldoni-es","13":"pa_merk-gutbrod-es","14":"pa_merk-holder-es","15":"pa_merk-john-deere-es","16":"pa_merk-lamborghini-es","18":"first","19":"instock","20":"sale","21":"taxable","22":"shipping-taxable","23":"purchasable","24":"product-type-simple","25":"col-xs-6 col-sm-4","26":"col-md-3 col-lg-3","27":"un-4-cols"},"_links":{"self":[{"href":"https:\/\/shop4trac.com\/es\/wp-json\/wp\/v2\/product\/139544","targetHints":{"allow":["GET"]}}],"collection":[{"href":"https:\/\/shop4trac.com\/es\/wp-json\/wp\/v2\/product"}],"about":[{"href":"https:\/\/shop4trac.com\/es\/wp-json\/wp\/v2\/types\/product"}],"replies":[{"embeddable":true,"href":"https:\/\/shop4trac.com\/es\/wp-json\/wp\/v2\/comments?post=139544"}],"wp:featuredmedia":[{"embeddable":true,"href":"https:\/\/shop4trac.com\/es\/wp-json\/wp\/v2\/media\/139508"}],"wp:attachment":[{"href":"https:\/\/shop4trac.com\/es\/wp-json\/wp\/v2\/media?parent=139544"}],"wp:term":[{"taxonomy":"product_cat","embeddable":true,"href":"https:\/\/shop4trac.com\/es\/wp-json\/wp\/v2\/product_cat?post=139544"},{"taxonomy":"product_tag","embeddable":true,"href":"https:\/\/shop4trac.com\/es\/wp-json\/wp\/v2\/product_tag?post=139544"}],"curies":[{"name":"wp","href":"https:\/\/api.w.org\/{rel}","templated":true}]}}