{"id":139191,"date":"2025-01-03T10:31:09","date_gmt":"2025-01-03T09:31:09","guid":{"rendered":"https:\/\/shop4trac.com\/sin%20categor\u00eda\/kit-de-mantenimiento-completo-iseki-tx1300-tx1500-2-cilindros\/"},"modified":"2026-01-12T15:44:29","modified_gmt":"2026-01-12T14:44:29","slug":"kit-de-mantenimiento-completo-iseki-tx1300-tx1500-2-cilindros","status":"publish","type":"product","link":"https:\/\/shop4trac.com\/es\/filtros\/conjunto-de-mantenimiento-completo\/kit-de-mantenimiento-completo-iseki-tx1300-tx1500-2-cilindros\/","title":{"rendered":"Kit de mantenimiento completo Iseki TX1300 | TX1500 | 2 cilindros"},"content":{"rendered":"<p>\u00bfPor qu\u00e9 este juego de mantenimiento completo? Con este juego puede estar tranquilo durante al menos 2 a\u00f1os. Muchos olvidan que un peque\u00f1o esfuerzo puede generar grandes ahorros.   <strong>\u00a1Y ahorra m\u00e1s de 50 \u20ac!<\/strong><\/p>\n<p>El kit de mantenimiento completo consta de<\/p>\n<ul>\n<li><strong>Correa trapezoidal<\/strong><\/li>\n<li><strong>Kit de filtros<\/strong> \u2013 filtro de combustible + aceite + aire<\/li>\n<li><strong>Aceite de motor<\/strong> \u2013 5 litros \u2013 suficiente para estos tractores<\/li>\n<li><strong>Manguito superior del radiador<\/strong> \u2013 sequedad com\u00fan de los manguitos del refrigerante<\/li>\n<li><strong>Agua de refrigeraci\u00f3n<\/strong> \u2013 5 litros \u2013 suficiente para estos tractores<\/li>\n<li><strong>Llave de contacto<\/strong> \u2013 Como llave de repuesto<\/li>\n<li><strong>Aceite del eje delantero<\/strong> \u2013 importante porque a menudo hay muy poco o hay humedad en el eje. \u00a1Previene costes importantes!  <\/li>\n<\/ul>\n<p><strong>Iseki<\/strong><\/p>\n<ul>\n<li>TX1300, TX1500, TX1300F, TX1500F<\/li>\n<\/ul>\n<p><strong>Bolens<\/strong><\/p>\n<ul>\n<li>G152, G154 \u2013 <span style=\"text-decoration: underline\"><strong>\u00a12 cilindros!<\/strong><\/span><\/li>\n<\/ul>\n","protected":false},"excerpt":{"rendered":"<p>\u00bfPor qu\u00e9 este juego de mantenimiento completo? Con este juego puede estar tranquilo durante al menos 2 a\u00f1os. Muchos olvidan que un peque\u00f1o esfuerzo puede generar grandes ahorros. \u00a1Y ahorra m\u00e1s de 50 \u20ac! El kit de mantenimiento completo consta de Correa trapezoidal Kit de filtros \u2013 filtro de combustible + aceite + aire Aceite&hellip;<\/p>\n","protected":false},"featured_media":177590,"comment_status":"open","ping_status":"closed","template":"","meta":[],"product_cat":[24645],"product_tag":[],"class_list":{"0":"post-139191","1":"product","2":"type-product","3":"status-publish","4":"has-post-thumbnail","6":"product_cat-conjunto-de-mantenimiento-completo","7":"pa_merk-iseki-es","9":"first","10":"onbackorder","11":"sale","12":"taxable","13":"shipping-taxable","14":"purchasable","15":"product-type-simple","16":"col-xs-6 col-sm-4","17":"col-md-3 col-lg-3","18":"un-4-cols"},"_links":{"self":[{"href":"https:\/\/shop4trac.com\/es\/wp-json\/wp\/v2\/product\/139191","targetHints":{"allow":["GET"]}}],"collection":[{"href":"https:\/\/shop4trac.com\/es\/wp-json\/wp\/v2\/product"}],"about":[{"href":"https:\/\/shop4trac.com\/es\/wp-json\/wp\/v2\/types\/product"}],"replies":[{"embeddable":true,"href":"https:\/\/shop4trac.com\/es\/wp-json\/wp\/v2\/comments?post=139191"}],"wp:featuredmedia":[{"embeddable":true,"href":"https:\/\/shop4trac.com\/es\/wp-json\/wp\/v2\/media\/177590"}],"wp:attachment":[{"href":"https:\/\/shop4trac.com\/es\/wp-json\/wp\/v2\/media?parent=139191"}],"wp:term":[{"taxonomy":"product_cat","embeddable":true,"href":"https:\/\/shop4trac.com\/es\/wp-json\/wp\/v2\/product_cat?post=139191"},{"taxonomy":"product_tag","embeddable":true,"href":"https:\/\/shop4trac.com\/es\/wp-json\/wp\/v2\/product_tag?post=139191"}],"curies":[{"name":"wp","href":"https:\/\/api.w.org\/{rel}","templated":true}]}}