{"id":137805,"date":"2024-12-05T17:36:21","date_gmt":"2024-12-05T16:36:21","guid":{"rendered":"https:\/\/shop4trac.com\/sin%20categor\u00eda\/kit-de-mantenimiento-completo-tx1410-tx2160-tu1400-tu1601-tx144-tx155-bolens\/"},"modified":"2025-12-08T23:24:12","modified_gmt":"2025-12-08T21:24:12","slug":"kit-de-mantenimiento-completo-tx1410-tx2160-tu1400-tu1601-tx144-tx155-bolens","status":"publish","type":"product","link":"https:\/\/shop4trac.com\/es\/filtros\/conjunto-de-mantenimiento-completo\/kit-de-mantenimiento-completo-tx1410-tx2160-tu1400-tu1601-tx144-tx155-bolens\/","title":{"rendered":"Kit de mantenimiento completo TX1410 \u2013 TX2160 | TU1400 \u2013 TU1601 | TX144 | TX155 | Bolens"},"content":{"rendered":"<p>\u00bfPor qu\u00e9 este completo set de mantenimiento? Con este set podr\u00e1s usarlo durante al menos 2 a\u00f1os. Muchos olvidan que un poco de esfuerzo puede generar muchos ahorros.    <span style=\"text-decoration: underline;\"><strong>\u00a1Y ahorra m\u00e1s de 30\u20ac!<\/strong><\/span><\/p>\n<p><span style=\"text-decoration: underline;\"><strong>\u00a1Muy importante! Este kit incluye tap\u00f3n de c\u00e1rter. A menudo se olvida el tap\u00f3n del c\u00e1rter de aceite, lo que provoca fugas de aceite. \u00a1Siempre debe reemplazarse!   <\/strong><\/span><\/p>\n<p>El kit de mantenimiento completo consta de:<\/p>\n<ul>\n<li><strong>Correa trapezoidal<\/strong><\/li>\n<li><strong>Kit de filtro<\/strong> : combustible+aceite+filtro de aire<\/li>\n<li><strong>Aceite de motor<\/strong> \u2013 5 litros \u2013 suficiente para estos tractores<\/li>\n<li><strong>Manguera inferior y superior del radiador<\/strong> : secado com\u00fan de las mangueras de agua de refrigeraci\u00f3n<\/li>\n<li><strong>Agua de refrigeraci\u00f3n<\/strong> \u2013 5 litros \u2013 suficiente para estos tractores<\/li>\n<li><strong>Llave de contacto<\/strong> \u2013 Como llave de repuesto<\/li>\n<li><strong>Aceite del eje delantero<\/strong> : importante porque a menudo hay muy poco en el eje o tiene humedad. <span style=\"text-decoration: underline;\">\u00a1Evita grandes costes!<\/span><\/li>\n<\/ul>\n<p><strong>Iseki<\/strong><\/p>\n<ul>\n<li>TX1410, TX1510 \u2013  <span style=\"text-decoration: underline;\">\u00a1Para la nueva serie sin eje pasante trasero! \u00a1O revise el filtro de aire para estar seguro! Esto es lo \u00fanico que difiere.  <\/span><\/li>\n<li>TX145, TX155, TX2140, TX2160<\/li>\n<li>TU1400, TU1500, TU1600, TU1410, TU1501, TU1601<\/li>\n<\/ul>\n<p><strong>Bolens<\/strong><\/p>\n<ul>\n<li>G152, G154, G172, G174 \u2013 <span style=\"text-decoration: underline;\"><strong>\u00a1Solo para las versiones de 3 cilindros!<\/strong><\/span><\/li>\n<\/ul>\n<p>&nbsp;<\/p>\n","protected":false},"excerpt":{"rendered":"<p>\u00bfPor qu\u00e9 este completo set de mantenimiento? Con este set podr\u00e1s usarlo durante al menos 2 a\u00f1os. Muchos olvidan que un poco de esfuerzo puede generar muchos ahorros. \u00a1Y ahorra m\u00e1s de 30\u20ac! \u00a1Muy importante! Este kit incluye tap\u00f3n de c\u00e1rter. A menudo se olvida el tap\u00f3n del c\u00e1rter de aceite, lo que provoca fugas&hellip;<\/p>\n","protected":false},"featured_media":181948,"comment_status":"open","ping_status":"closed","template":"","meta":[],"product_cat":[24645],"product_tag":[],"class_list":{"0":"post-137805","1":"product","2":"type-product","3":"status-publish","4":"has-post-thumbnail","6":"product_cat-conjunto-de-mantenimiento-completo","7":"pa_merk-bolens-es","8":"pa_merk-iseki-es","10":"first","11":"instock","12":"sale","13":"taxable","14":"shipping-taxable","15":"purchasable","16":"product-type-simple","17":"col-xs-6 col-sm-4","18":"col-md-3 col-lg-3","19":"un-4-cols"},"_links":{"self":[{"href":"https:\/\/shop4trac.com\/es\/wp-json\/wp\/v2\/product\/137805","targetHints":{"allow":["GET"]}}],"collection":[{"href":"https:\/\/shop4trac.com\/es\/wp-json\/wp\/v2\/product"}],"about":[{"href":"https:\/\/shop4trac.com\/es\/wp-json\/wp\/v2\/types\/product"}],"replies":[{"embeddable":true,"href":"https:\/\/shop4trac.com\/es\/wp-json\/wp\/v2\/comments?post=137805"}],"wp:featuredmedia":[{"embeddable":true,"href":"https:\/\/shop4trac.com\/es\/wp-json\/wp\/v2\/media\/181948"}],"wp:attachment":[{"href":"https:\/\/shop4trac.com\/es\/wp-json\/wp\/v2\/media?parent=137805"}],"wp:term":[{"taxonomy":"product_cat","embeddable":true,"href":"https:\/\/shop4trac.com\/es\/wp-json\/wp\/v2\/product_cat?post=137805"},{"taxonomy":"product_tag","embeddable":true,"href":"https:\/\/shop4trac.com\/es\/wp-json\/wp\/v2\/product_tag?post=137805"}],"curies":[{"name":"wp","href":"https:\/\/api.w.org\/{rel}","templated":true}]}}