{"id":137730,"date":"2024-12-05T13:31:10","date_gmt":"2024-12-05T12:31:10","guid":{"rendered":"https:\/\/shop4trac.com\/sin%20categor\u00eda\/kit-de-mantenimiento-completo-kubota-b6001-b7001-b6100-b7100\/"},"modified":"2025-12-17T18:49:36","modified_gmt":"2025-12-17T16:49:36","slug":"kit-de-mantenimiento-completo-kubota-b6001-b7001-b6100-b7100","status":"publish","type":"product","link":"https:\/\/shop4trac.com\/es\/filtros\/conjunto-de-mantenimiento-completo\/kit-de-mantenimiento-completo-kubota-b6001-b7001-b6100-b7100\/","title":{"rendered":"Kit de mantenimiento completo Kubota B6001 \u2013 B7001 | B6100 \u2013 B7100"},"content":{"rendered":"<p>\u00bfPor qu\u00e9 este completo set de mantenimiento? Con este set podr\u00e1s usarlo durante al menos 2 a\u00f1os. Muchos olvidan que un poco de esfuerzo puede generar muchos ahorros.    <span style=\"text-decoration: underline;\"><strong>\u00a1Y ahorra m\u00e1s de 30\u20ac!<\/strong><\/span><\/p>\n<p><strong>\u00a1Muy importante! Este juego incluye una junta de cobre para el tap\u00f3n del c\u00e1rter. A menudo se olvida la junta del tap\u00f3n del c\u00e1rter de aceite, lo que provoca fugas de aceite. \u00a1Siempre debe reemplazarse!   <\/strong><\/p>\n<p>El kit de mantenimiento completo consta de:<\/p>\n<ul>\n<li><strong>Correa trapezoidal<\/strong><\/li>\n<li><strong>Junta de tap\u00f3n Caterpillar<\/strong><\/li>\n<li><strong>Kit de filtro<\/strong> : combustible+aceite+filtro de aire<\/li>\n<li><strong>Aceite de motor<\/strong> \u2013 5 litros \u2013 suficiente para estos tractores<\/li>\n<li><strong>Manguera inferior y superior del radiador<\/strong> : secado com\u00fan de las mangueras de agua de refrigeraci\u00f3n<\/li>\n<li><strong>Agua de refrigeraci\u00f3n<\/strong> \u2013 5 litros \u2013 suficiente para estos tractores<\/li>\n<li><strong>Llave de contacto<\/strong> \u2013 Como llave de repuesto<\/li>\n<li><strong>Aceite del eje delantero<\/strong> : importante porque a menudo hay muy poco en el eje o tiene humedad. <span style=\"text-decoration: underline;\">\u00a1Evita grandes costes!<\/span><\/li>\n<\/ul>\n<p><strong>Kubota<\/strong><\/p>\n<ul>\n<li>B6001, B7001, B6100, B7100<\/li>\n<\/ul>\n<p><strong>Zen-noh<\/strong><\/p>\n<ul>\n<li>ZB6001, ZB7001<\/li>\n<\/ul>\n<p><strong>Datos B6001 | B7001 del manual japon\u00e9s<\/strong><\/p>\n<p class=\"p1\">1. <b>Modelo<\/b> : B6001 o B7001<\/p>\n<p class=\"p1\">2. <b>Dimensiones<\/b> :<\/p>\n<p class=\"p2\">\u2022Longitud total: 2.005 mm<\/p>\n<p class=\"p2\">\u2022Distancia entre ejes: 1.250 mm<\/p>\n<p class=\"p2\">\u2022Ancho de ruedas delanteras: 0,405 m<\/p>\n<p class=\"p2\">\u2022Ancho de las ruedas traseras: 0,445 m<\/p>\n<p class=\"p2\">\u2022Altura total: 1.155 mm<\/p>\n<p class=\"p1\">3. <b>motor<\/b> :<\/p>\n<p class=\"p2\">\u2022Tipo de combustible: Di\u00e9sel D650 B6001 o D750 B7001<\/p>\n<p class=\"p1\">4. <b>Sistema el\u00e9ctrico<\/b> :<\/p>\n<p class=\"p2\">\u2022Voltaje: 12V<\/p>\n<p class=\"p2\">\u2022Sistema de iluminaci\u00f3n: 12V \/ 15W<\/p>\n<p class=\"p1\">5. <b>Peso<\/b> : alrededor de 480 kg<\/p>\n<p class=\"p1\">6. <b>Ejes<\/b> :<\/p>\n<p class=\"p2\">\u2022Ancho del eje delantero: 0,760 m<\/p>\n<p class=\"p2\">\u2022Ancho del eje trasero: 0,805 m<\/p>\n<p class=\"p1\">7. <b>Neum\u00e1ticos<\/b> :<\/p>\n<p class=\"p2\">\u2022Neum\u00e1ticos delanteros: Aproximadamente 3,50\u20138<\/p>\n<p class=\"p2\">\u2022Neum\u00e1ticos traseros: aproximadamente 6,00\u201312<\/p>\n<p class=\"p1\">8. <b>Solicitud<\/b><\/p>\n<p class=\"p2\">\u2022Los reflectores y la iluminaci\u00f3n est\u00e1n visiblemente indicados.<\/p>\n<p class=\"p2\">\u2022Apto para uso en entornos agr\u00edcolas.<\/p>\n<p>&nbsp;<\/p>\n","protected":false},"excerpt":{"rendered":"<p>\u00bfPor qu\u00e9 este completo set de mantenimiento? Con este set podr\u00e1s usarlo durante al menos 2 a\u00f1os. Muchos olvidan que un poco de esfuerzo puede generar muchos ahorros. \u00a1Y ahorra m\u00e1s de 30\u20ac! \u00a1Muy importante! Este juego incluye una junta de cobre para el tap\u00f3n del c\u00e1rter. A menudo se olvida la junta del tap\u00f3n&hellip;<\/p>\n","protected":false},"featured_media":183159,"comment_status":"open","ping_status":"closed","template":"","meta":[],"product_cat":[24645],"product_tag":[],"class_list":{"0":"post-137730","1":"product","2":"type-product","3":"status-publish","4":"has-post-thumbnail","6":"product_cat-conjunto-de-mantenimiento-completo","7":"pa_merk-kubota-es","8":"pa_merk-zen-noh-es","10":"first","11":"onbackorder","12":"sale","13":"featured","14":"taxable","15":"shipping-taxable","16":"purchasable","17":"product-type-simple","18":"col-xs-6 col-sm-4","19":"col-md-3 col-lg-3","20":"un-4-cols"},"_links":{"self":[{"href":"https:\/\/shop4trac.com\/es\/wp-json\/wp\/v2\/product\/137730","targetHints":{"allow":["GET"]}}],"collection":[{"href":"https:\/\/shop4trac.com\/es\/wp-json\/wp\/v2\/product"}],"about":[{"href":"https:\/\/shop4trac.com\/es\/wp-json\/wp\/v2\/types\/product"}],"replies":[{"embeddable":true,"href":"https:\/\/shop4trac.com\/es\/wp-json\/wp\/v2\/comments?post=137730"}],"wp:featuredmedia":[{"embeddable":true,"href":"https:\/\/shop4trac.com\/es\/wp-json\/wp\/v2\/media\/183159"}],"wp:attachment":[{"href":"https:\/\/shop4trac.com\/es\/wp-json\/wp\/v2\/media?parent=137730"}],"wp:term":[{"taxonomy":"product_cat","embeddable":true,"href":"https:\/\/shop4trac.com\/es\/wp-json\/wp\/v2\/product_cat?post=137730"},{"taxonomy":"product_tag","embeddable":true,"href":"https:\/\/shop4trac.com\/es\/wp-json\/wp\/v2\/product_tag?post=137730"}],"curies":[{"name":"wp","href":"https:\/\/api.w.org\/{rel}","templated":true}]}}