{"id":136986,"date":"2024-11-28T21:48:03","date_gmt":"2024-11-28T19:48:03","guid":{"rendered":"https:\/\/shop4trac.com\/sin%20categor\u00eda\/linea-de-inyeccion-linea-de-presion-kubota-v1305-v1505-d1005-d1105\/"},"modified":"2025-08-01T17:17:19","modified_gmt":"2025-08-01T15:17:19","slug":"linea-de-inyeccion-linea-de-presion-kubota-v1305-v1505-d1005-d1105","status":"publish","type":"product","link":"https:\/\/shop4trac.com\/es\/partes-de-motor\/linea-de-presion-de-combustible\/linea-de-inyeccion-linea-de-presion-kubota-v1305-v1505-d1005-d1105\/","title":{"rendered":"L\u00ednea de inyecci\u00f3n | L\u00ednea de presi\u00f3n Kubota V1305 | V1505 | D1005 | D1105"},"content":{"rendered":"<p>L\u00ednea de inyecci\u00f3n suministro de combustible l\u00ednea de presi\u00f3n de combustible adecuada para:<\/p>\n<p><strong>motor kubota<\/strong><\/p>\n<ul>\n<li>V1505, V1505-EB, V1305<\/li>\n<li>D1105-T, D1005-T<\/li>\n<\/ul>\n<p><strong>OEM para referencia<\/strong><\/p>\n<ul>\n<li>16271-53732, 16271-5373-2<\/li>\n<li>16271-53730, 16271-5373-0<\/li>\n<\/ul>\n<p><strong>Aichi<\/strong><\/p>\n<ul>\n<li>FR300<\/li>\n<\/ul>\n<p><strong>Ausa<\/strong><\/p>\n<ul>\n<li>Ausa D100, D120, D150, D85<\/li>\n<\/ul>\n<p><strong>Avant<\/strong><\/p>\n<ul>\n<li>R28, R35, 528, 630, 635, 640<\/li>\n<\/ul>\n<p><strong>Gato mont\u00e9s<\/strong><\/p>\n<ul>\n<li>425, 428, 553, S100, S100-BCZ<\/li>\n<\/ul>\n<p><strong>eurotrac<\/strong><\/p>\n<ul>\n<li>W11 K26, W12 K36<\/li>\n<\/ul>\n<p><strong>Gigante<\/strong><\/p>\n<ul>\n<li>D242S, D261, D261S, D262S, D262SW, D263S, D263SW, D263SW<\/li>\n<li>D335T (S040), D335T (S068), G1500, G1500 X-tra, G2200, G2200<\/li>\n<li>V4501T, V4502T, V4502T Tele, V4502T X-tra, V451T ECO, V451T, V451T<\/li>\n<\/ul>\n<p><strong>Hitachi<\/strong><\/p>\n<ul>\n<li>EX15-2<\/li>\n<\/ul>\n<p><strong>JCB<\/strong><\/p>\n<ul>\n<li>403, 1T-HT, TMT 20.17<\/li>\n<\/ul>\n<p><strong>J.L.G<\/strong><\/p>\n<ul>\n<li>260MRT<\/li>\n<\/ul>\n<p><strong>Kubota<\/strong><\/p>\n<ul>\n<li>A-19, A-195, B1700D, B1700HSD, B1710D, B2400, B2410, B26, B2630, B2620, B7610, B7610HSD, B2400HST-D, B2400HST-E, B2410HSD, B2410HSDB, B2410HSE, 0HSD, B3000HSDCC, B3030HSD<\/li>\n<li>B3150HSD, B3150HSDCC, B3150SUHSD, B3350HSD, B3350HSDC, B3350HSDCC, B3350SUHSD, B7800HSD, BX2200, BX2660<\/li>\n<li>BX1850D, BX1860D, BX2660, BX2670, BX25D, D1105, D1105-E2B, D1105-E3B, \u200b\u200bD1105-E4B, F2400, F2560E, F2680E, F2690E, F2880, F2880E, ZD2 8,<\/li>\n<li>FZ2400, F2560, F2880, F2680, FZ2400, U25S, KX41-2S, KX41-2, KX61-2, KX61-2S, KX41H, KX61-2, KX61-2S, KX61-3, KX61-3S, KX71-2, KX71-2A, KX71-2G, KX71-3, KX71-3S, KX91-2, KX91-2S, KX91-2, KX91-2S, KX018-4, KX57-4, KX61-2, KX61-2S<\/li>\n<li>KX-71-3S, KX080-3, KX027-4, KX030-4, KX71-2, KX71-2A, KX71-2G, KX71-3, KX71-3S, KX61-2, KX61-2S, KX71-2, KX71-2S, KX61-2, KX61-2S, M6141, M7060D, M126GX<\/li>\n<li>RTV1100, RTV1100CW9, RTV1140CPX, RTV1100RW9, RTV1140CPX, RTV1100RW9, RTV1100, RTV1100CW9, RTV1140CPX, RTV1100RW9, S175, T190, RTV1140CPX, RTV1100RW9, S17 5, 190, T250, RTV1100, RTV1100CW9, RTV1140CPX, RTV1100RW9<\/li>\n<li>T190, T250, T300, U20-3a, U27-4H<\/li>\n<\/ul>\n<p><strong>Manitou<\/strong><\/p>\n<ul>\n<li>TMT 20.17<\/li>\n<\/ul>\n<p><strong>Sch\u00e4ffer<\/strong><\/p>\n<ul>\n<li>2336, 2336 TR, 2345, 2345 TR, 2436, 2436 TR, 2445, 2445 TR, 2445 T, 3036, 3036e, 3036 TR, 3038, 3038e, 3038 TR, 3045, 3045e, TR, 4048, 4048e, 4050 Z , 4050 ZL, 4050 ZL T, 4050, 4050 T, 5050, 5050 T, 5060, 5060 T, 660 T, 668 T, 861 T, 963 T, 964 T<\/li>\n<\/ul>\n<p><strong>Steiner<\/strong><\/p>\n<ul>\n<li>Tractores 230, 525<\/li>\n<\/ul>\n<p><strong>tendo<\/strong><\/p>\n<ul>\n<li>4548 Tend\u00f3n<\/li>\n<\/ul>\n<p><strong>Otras maquinas<\/strong><\/p>\n<ul>\n<li>B7800HSD, D1105, D1105-E2B, D1105-E3B, \u200b\u200bD1105-E4B, D1105, D1105-E2B, D1105-E3B, \u200b\u200bD1105-E4B, D1105, D1105-E2B, D1105-E3B, \u200b\u200bD1105-E4B, D1105, 1105-E2B<\/li>\n<li>D1105-E3B, \u200b\u200b\u200b\u200bD1105-E4B, D1105, D1105-E2B, D1105-E3B, \u200b\u200bD1105-E4B, D1105, D1105-E2B, D1105-E3B, \u200b\u200bD1105-E4B, D1105, D1105-E2B, D1105- E3B, -E4B, D1105,<\/li>\n<\/ul>\n<p><strong>OEM para referencia<\/strong><\/p>\n<ul>\n<li>16271-53732, 16271-5373-2<\/li>\n<\/ul>\n","protected":false},"excerpt":{"rendered":"<p>L\u00ednea de inyecci\u00f3n suministro de combustible l\u00ednea de presi\u00f3n de combustible adecuada para: motor kubota V1505, V1505-EB, V1305 D1105-T, D1005-T OEM para referencia 16271-53732, 16271-5373-2 16271-53730, 16271-5373-0 Aichi FR300 Ausa Ausa D100, D120, D150, D85 Avant R28, R35, 528, 630, 635, 640 Gato mont\u00e9s 425, 428, 553, S100, S100-BCZ eurotrac W11 K26, W12 K36 Gigante&hellip;<\/p>\n","protected":false},"featured_media":136982,"comment_status":"open","ping_status":"closed","template":"","meta":[],"product_cat":[21445],"product_tag":[],"class_list":{"0":"post-136986","1":"product","2":"type-product","3":"status-publish","4":"has-post-thumbnail","6":"product_cat-linea-de-presion-de-combustible","7":"pa_merk-ausa-es","8":"pa_merk-avant-es","9":"pa_merk-bobcat-es","10":"pa_merk-hitachi-es","11":"pa_merk-jcb-es","12":"pa_merk-kubota-es","14":"first","15":"instock","16":"taxable","17":"shipping-taxable","18":"purchasable","19":"product-type-simple","20":"col-xs-6 col-sm-4","21":"col-md-3 col-lg-3","22":"un-4-cols"},"_links":{"self":[{"href":"https:\/\/shop4trac.com\/es\/wp-json\/wp\/v2\/product\/136986","targetHints":{"allow":["GET"]}}],"collection":[{"href":"https:\/\/shop4trac.com\/es\/wp-json\/wp\/v2\/product"}],"about":[{"href":"https:\/\/shop4trac.com\/es\/wp-json\/wp\/v2\/types\/product"}],"replies":[{"embeddable":true,"href":"https:\/\/shop4trac.com\/es\/wp-json\/wp\/v2\/comments?post=136986"}],"wp:featuredmedia":[{"embeddable":true,"href":"https:\/\/shop4trac.com\/es\/wp-json\/wp\/v2\/media\/136982"}],"wp:attachment":[{"href":"https:\/\/shop4trac.com\/es\/wp-json\/wp\/v2\/media?parent=136986"}],"wp:term":[{"taxonomy":"product_cat","embeddable":true,"href":"https:\/\/shop4trac.com\/es\/wp-json\/wp\/v2\/product_cat?post=136986"},{"taxonomy":"product_tag","embeddable":true,"href":"https:\/\/shop4trac.com\/es\/wp-json\/wp\/v2\/product_tag?post=136986"}],"curies":[{"name":"wp","href":"https:\/\/api.w.org\/{rel}","templated":true}]}}