{"id":136968,"date":"2024-11-28T21:39:29","date_gmt":"2024-11-28T19:39:29","guid":{"rendered":"https:\/\/shop4trac.com\/sin%20categor\u00eda\/piston-kubota-d1402-di-v1902-di-inyeccion-directa\/"},"modified":"2025-08-01T17:17:21","modified_gmt":"2025-08-01T15:17:21","slug":"piston-kubota-d1402-di-v1902-di-inyeccion-directa","status":"publish","type":"product","link":"https:\/\/shop4trac.com\/es\/partes-de-motor\/pistones\/piston-kubota-d1402-di-v1902-di-inyeccion-directa\/","title":{"rendered":"Pist\u00f3n Kubota D1402-DI | V1902-DI | Inyecci\u00f3n directa"},"content":{"rendered":"<p>Pist\u00f3n de primera calidad adecuado para los siguientes modelos.<\/p>\n<ul>\n<li>Inyecci\u00f3n directa \u2013 85 mm<\/li>\n<li>Tama\u00f1o Aros de pist\u00f3n \u2013<\/li>\n<\/ul>\n<p class=\"p1\"><b>Minicargador Thomas<\/b><b><\/b><\/p>\n<p class=\"p2\">\u2022T133, T173 Plus, T173, 784<\/p>\n<p class=\"p1\"><b>Barredora de pisos Tennant<\/b><b><\/b><\/p>\n<p class=\"p2\">\u202295, 97<\/p>\n<p class=\"p1\"><b>Modelo Nissan<\/b><b><\/b><\/p>\n<p class=\"p2\">\u2022PS35SS, RT400, S&amp;B500<\/p>\n<p class=\"p1\"><b>Soporte para tractor<\/b><b><\/b><\/p>\n<p class=\"p2\">\u2022P70A<\/p>\n<p class=\"p1\"><b>Excavadora Hitachi<\/b><b><\/b><\/p>\n<p class=\"p2\">\u2022EX33<\/p>\n<p class=\"p1\"><b>Excavadora Furukawa<\/b><b><\/b><\/p>\n<p class=\"p2\">\u2022FX033, FX040, FX045<\/p>\n<p class=\"p1\"><b>Generador Denyo<\/b><b><\/b><\/p>\n<p class=\"p2\">\u2022DCA15SPX, DCA15XK, DCA20SPK<\/p>\n<p class=\"p1\"><b>Compresor aviador<\/b><b><\/b><\/p>\n<p class=\"p2\">\u2022DCA15SPX, DCA20SPK<\/p>\n<p class=\"p1\"><b>Kubota<\/b><\/p>\n<p class=\"p2\">\u2022KH10, KH20, KH33, KH33H, KH40, KH40H, KH45, KH45H, KH101, KH130, KH151, KX033, KX040, KX045, KX101, KX151, KH-101, KH-151<\/p>\n<p class=\"p2\">\u2022L3350, L3350HDT, L3450DT, L3450F, L3250DT, L3250F, C35SS<\/p>\n<p>\u2022GV-1120, GV-3150, GV-3170, GV-3190<\/p>\n<p class=\"p2\">\u2022R400, R410, R410B<\/p>\n<p class=\"p1\"><b>Minicargadora New Holland<\/b><b><\/b><\/p>\n<p class=\"p2\">\u2022L553, L555, L3250, L3350, L3450, L3602, L3650, L3710<\/p>\n<p class=\"p1\"><b>Excavadora Bobcat<\/b><b><\/b><\/p>\n<p class=\"p2\">\u2022231<\/p>\n<p><strong>motor kubota  <\/strong><\/p>\n<ul>\n<li>V1902-DI<\/li>\n<li>D1402-DI<\/li>\n<\/ul>\n<p><strong>OEM para referencia<\/strong><\/p>\n<ul>\n<li>17365-21120<\/li>\n<\/ul>\n","protected":false},"excerpt":{"rendered":"<p>Pist\u00f3n de primera calidad adecuado para los siguientes modelos. Inyecci\u00f3n directa \u2013 85 mm Tama\u00f1o Aros de pist\u00f3n \u2013 Minicargador Thomas \u2022T133, T173 Plus, T173, 784 Barredora de pisos Tennant \u202295, 97 Modelo Nissan \u2022PS35SS, RT400, S&amp;B500 Soporte para tractor \u2022P70A Excavadora Hitachi \u2022EX33 Excavadora Furukawa \u2022FX033, FX040, FX045 Generador Denyo \u2022DCA15SPX, DCA15XK, DCA20SPK Compresor&hellip;<\/p>\n","protected":false},"featured_media":136951,"comment_status":"open","ping_status":"closed","template":"","meta":[],"product_cat":[509],"product_tag":[],"class_list":{"0":"post-136968","1":"product","2":"type-product","3":"status-publish","4":"has-post-thumbnail","6":"product_cat-pistones","7":"pa_merk-bobcat-es","8":"pa_merk-hitachi-es","9":"pa_merk-kubota-es","11":"first","12":"instock","13":"sale","14":"taxable","15":"shipping-taxable","16":"purchasable","17":"product-type-simple","18":"col-xs-6 col-sm-4","19":"col-md-3 col-lg-3","20":"un-4-cols"},"_links":{"self":[{"href":"https:\/\/shop4trac.com\/es\/wp-json\/wp\/v2\/product\/136968","targetHints":{"allow":["GET"]}}],"collection":[{"href":"https:\/\/shop4trac.com\/es\/wp-json\/wp\/v2\/product"}],"about":[{"href":"https:\/\/shop4trac.com\/es\/wp-json\/wp\/v2\/types\/product"}],"replies":[{"embeddable":true,"href":"https:\/\/shop4trac.com\/es\/wp-json\/wp\/v2\/comments?post=136968"}],"wp:featuredmedia":[{"embeddable":true,"href":"https:\/\/shop4trac.com\/es\/wp-json\/wp\/v2\/media\/136951"}],"wp:attachment":[{"href":"https:\/\/shop4trac.com\/es\/wp-json\/wp\/v2\/media?parent=136968"}],"wp:term":[{"taxonomy":"product_cat","embeddable":true,"href":"https:\/\/shop4trac.com\/es\/wp-json\/wp\/v2\/product_cat?post=136968"},{"taxonomy":"product_tag","embeddable":true,"href":"https:\/\/shop4trac.com\/es\/wp-json\/wp\/v2\/product_tag?post=136968"}],"curies":[{"name":"wp","href":"https:\/\/api.w.org\/{rel}","templated":true}]}}