{"id":135567,"date":"2024-11-19T23:41:44","date_gmt":"2024-11-19T21:41:44","guid":{"rendered":"https:\/\/shop4trac.com\/sin%20categor\u00eda\/juego-de-juntas-yanmar-f17-f175-fx16-fx175d-f5-f7-3tn75u\/"},"modified":"2025-11-28T19:15:29","modified_gmt":"2025-11-28T17:15:29","slug":"juego-de-juntas-yanmar-f17-f175-fx16-fx175d-f5-f7-3tn75u","status":"publish","type":"product","link":"https:\/\/shop4trac.com\/es\/partes-de-motor\/juego-de-juntas\/juego-de-juntas-yanmar-f17-f175-fx16-fx175d-f5-f7-3tn75u\/","title":{"rendered":"Juego de juntas Yanmar F17 \u2013 F175 | FX16 \u2013 FX175D | F5 \u2013 F7 | 3TN75U"},"content":{"rendered":"<p>\u00a1Este juego de juntas de culata es de alta calidad y los modelos compatibles se han buscado con gran cuidado!<\/p>\n<p>Paquete completo con juntas para; <strong>junta de culata (juego)<\/strong>, <strong>retenes de cig\u00fce\u00f1al delantero y trasero<\/strong>, <strong>retenes de v\u00e1stago de v\u00e1lvula<\/strong>, <strong>junta del c\u00e1rter de aceite<\/strong>, <strong>juntas de escape<\/strong>, <strong>juntas de admisi\u00f3n<\/strong>, <strong>sellos<\/strong> y otras <strong>juntas<\/strong> como en la foto.<\/p>\n<p><strong>Yanmar<\/strong><\/p>\n<ul>\n<li>F17, F165, F175, F17D, F165D, F175D<\/li>\n<li>FX16, FX17, FX175D<\/li>\n<li>F5, F6, F7<\/li>\n<\/ul>\n<p><strong>John Deere<\/strong><\/p>\n<ul>\n<li>855<\/li>\n<\/ul>\n<p><strong>Motor Yanmar<\/strong><\/p>\n<ul>\n<li>\n<p class=\"p1\">3TN75, 3TNC78, 3TNC78<\/p>\n<\/li>\n<li>3TN75RJ 3TN75L\/E\/U 3TNV75<\/li>\n<\/ul>\n<p><strong>Yanmar<\/strong><\/p>\n<ul>\n<li>YFW20DW, YFW20D, YFW25R, C25R<\/li>\n<li>B22, B22-2, B25-2, YB121V, YB121VU, YB221U<\/li>\n<\/ul>\n<p><strong>OEM de referencia<\/strong><\/p>\n<ul>\n<li>119865-01331<\/li>\n<\/ul>\n","protected":false},"excerpt":{"rendered":"<p>\u00a1Este juego de juntas de culata es de alta calidad y los modelos compatibles se han buscado con gran cuidado! Paquete completo con juntas para; junta de culata (juego), retenes de cig\u00fce\u00f1al delantero y trasero, retenes de v\u00e1stago de v\u00e1lvula, junta del c\u00e1rter de aceite, juntas de escape, juntas de admisi\u00f3n, sellos y otras juntas&hellip;<\/p>\n","protected":false},"featured_media":135561,"comment_status":"open","ping_status":"closed","template":"","meta":[],"product_cat":[505],"product_tag":[],"class_list":{"0":"post-135567","1":"product","2":"type-product","3":"status-publish","4":"has-post-thumbnail","6":"product_cat-juego-de-juntas","7":"pa_merk-john-deere-es","8":"pa_merk-yanmar-es","10":"first","11":"instock","12":"sale","13":"taxable","14":"shipping-taxable","15":"purchasable","16":"product-type-simple","17":"col-xs-6 col-sm-4","18":"col-md-3 col-lg-3","19":"un-4-cols"},"_links":{"self":[{"href":"https:\/\/shop4trac.com\/es\/wp-json\/wp\/v2\/product\/135567","targetHints":{"allow":["GET"]}}],"collection":[{"href":"https:\/\/shop4trac.com\/es\/wp-json\/wp\/v2\/product"}],"about":[{"href":"https:\/\/shop4trac.com\/es\/wp-json\/wp\/v2\/types\/product"}],"replies":[{"embeddable":true,"href":"https:\/\/shop4trac.com\/es\/wp-json\/wp\/v2\/comments?post=135567"}],"wp:featuredmedia":[{"embeddable":true,"href":"https:\/\/shop4trac.com\/es\/wp-json\/wp\/v2\/media\/135561"}],"wp:attachment":[{"href":"https:\/\/shop4trac.com\/es\/wp-json\/wp\/v2\/media?parent=135567"}],"wp:term":[{"taxonomy":"product_cat","embeddable":true,"href":"https:\/\/shop4trac.com\/es\/wp-json\/wp\/v2\/product_cat?post=135567"},{"taxonomy":"product_tag","embeddable":true,"href":"https:\/\/shop4trac.com\/es\/wp-json\/wp\/v2\/product_tag?post=135567"}],"curies":[{"name":"wp","href":"https:\/\/api.w.org\/{rel}","templated":true}]}}