{"id":129709,"date":"2024-09-26T20:08:12","date_gmt":"2024-09-26T19:08:12","guid":{"rendered":"https:\/\/shop4trac.com\/sin%20categor\u00eda\/atomizador-completo-iseki-sxg-txg-tm-tle-dn0pd620\/"},"modified":"2026-02-27T21:33:15","modified_gmt":"2026-02-27T20:33:15","slug":"atomizador-completo-iseki-sxg-txg-tm-tle-dn0pd620","status":"publish","type":"product","link":"https:\/\/shop4trac.com\/es\/partes-de-motor\/atomizador\/atomizador-completo-iseki-sxg-txg-tm-tle-dn0pd620\/","title":{"rendered":"Inyector de combustible completo Iseki SXG19 \u2013 SXG326 | TXG23 \u2013 TXG237 | TM223 \u2013 TM3247 | TLE3400 | DN0PD620"},"content":{"rendered":"<p data-path-to-node=\"4\"><b data-path-to-node=\"4\" data-index-in-node=\"3\">Exclusivo de nuestra propia l\u00ednea de producci\u00f3n:<\/b> una <b data-path-to-node=\"4\" data-index-in-node=\"46\">combinaci\u00f3n de inyector de combustible completa<\/b>, totalmente ensamblada y ajustada a la presi\u00f3n de apertura correcta. Este inyector \u2018<strong>Snelparts<\/strong>\u2018 est\u00e1 listo para su montaje directo. <\/p>\n<p data-path-to-node=\"5\">Este inyector de combustible est\u00e1 espec\u00edficamente ajustado a los motores <b data-path-to-node=\"5\" data-index-in-node=\"45\">Iseki serie E3<\/b>. Estos motores se utilizan mucho en las <b data-path-to-node=\"5\" data-index-in-node=\"123\">cortadoras SXG<\/b> profesionales y en los minitractores de la <b data-path-to-node=\"5\" data-index-in-node=\"138\">serie TM<\/b>. <\/p>\n<p data-path-to-node=\"6\"><b data-path-to-node=\"6\" data-index-in-node=\"0\">consejo basado en la experiencia:<\/b><\/p>\n<ul data-path-to-node=\"7\">\n<li>\n<p data-path-to-node=\"7,0,0\">Estas m\u00e1quinas se utilizan a menudo para trabajos cortos (arrancar\/parar) y carga de siega. Una buena atomizaci\u00f3n es crucial para evitar la formaci\u00f3n de holl\u00edn a baja carga. <\/p>\n<\/li>\n<li>\n<p data-path-to-node=\"7,1,0\">La boquilla interna es la <b data-path-to-node=\"7,1,0\" data-index-in-node=\"24\">DN0PD620<\/b>. Compruebe este n\u00famero en su antiguo inyector de combustible para asegurarse. <\/p>\n<\/li>\n<\/ul>\n<div>\n<p><strong>\u00a1Se entrega con un kit de sellado completo para un montaje directo!<\/strong> Suministramos esta boquilla de serie con todas las arandelas de cobre necesarias. As\u00ed podr\u00e1s empezar a trabajar de forma segura y sin fugas de inmediato. El kit incluido consta de:  <\/p>\n<\/div>\n<ul>\n<li>Un nuevo <strong>heatshield<\/strong> (protector t\u00e9rmico) contra el calor extremo y la formaci\u00f3n de holl\u00edn.<\/li>\n<li>Una <strong>junta de cobre para el inyector<\/strong> para mantener la compresi\u00f3n al 100 %.<\/li>\n<li>Una <strong>junta de la l\u00ednea de retorno<\/strong> para evitar fugas de combustible.<\/li>\n<\/ul>\n<p data-path-to-node=\"8\"><b data-path-to-node=\"8\" data-index-in-node=\"0\">Especificaciones t\u00e9cnicas<\/b><\/p>\n<ul data-path-to-node=\"9\">\n<li>\n<p data-path-to-node=\"9,0,0\"><b data-path-to-node=\"9,0,0\" data-index-in-node=\"0\">Tipo:<\/b> Soporte de inyector de combustible completo + Boquilla<\/p>\n<\/li>\n<li>\n<p data-path-to-node=\"9,1,0\"><b data-path-to-node=\"9,1,0\" data-index-in-node=\"0\">Boquilla interna:<\/b> <b data-path-to-node=\"9,1,0\" data-index-in-node=\"16\">DN0PD620<\/b> (tipo de estrangulamiento)<\/p>\n<\/li>\n<li>\n<p data-path-to-node=\"9,2,0\"><b data-path-to-node=\"9,2,0\" data-index-in-node=\"0\">C\u00f3digo de motor:<\/b> Iseki serie E3 (3 cilindros)<\/p>\n<\/li>\n<li>\n<p data-path-to-node=\"9,3,0\"><b data-path-to-node=\"9,3,0\" data-index-in-node=\"0\">Aplicaci\u00f3n:<\/b> Tractores compactos y cortac\u00e9spedes frontales<\/p>\n<\/li>\n<\/ul>\n<p><strong>Motor Iseki<\/strong><\/p>\n<ul>\n<li>E3112-G06, E3112-B13, E3112B54, E3112B55, E3112B56, E3112B57, E3112G03, E3112UA02<\/li>\n<li>E3100G01<\/li>\n<li>E3CDW TB11<\/li>\n<\/ul>\n<p><strong>Iseki<\/strong><\/p>\n<ul>\n<li>SXG323H, SXG326, TM3200<\/li>\n<li>TXG237F3, TXG23<\/li>\n<li>SXG19, SXG22<\/li>\n<li>TM223, TM3215, TM3217, TM3247<\/li>\n<li>TLE3400<\/li>\n<\/ul>\n<p><strong>OEM a referencia<\/strong><\/p>\n<ul>\n<li>DN0PD620<\/li>\n<li>093400-6200<\/li>\n<li>62153000250A<\/li>\n<li>6215-311-027-00<\/li>\n<li>093500-56400<\/li>\n<\/ul>\n","protected":false},"excerpt":{"rendered":"<p>Exclusivo de nuestra propia l\u00ednea de producci\u00f3n: una combinaci\u00f3n de inyector de combustible completa, totalmente ensamblada y ajustada a la presi\u00f3n de apertura correcta. Este inyector \u2018Snelparts\u2018 est\u00e1 listo para su montaje directo. Este inyector de combustible est\u00e1 espec\u00edficamente ajustado a los motores Iseki serie E3. Estos motores se utilizan mucho en las cortadoras SXG&hellip;<\/p>\n","protected":false},"featured_media":192913,"comment_status":"open","ping_status":"closed","template":"","meta":[],"product_cat":[21433],"product_tag":[23992,23996,23437,23999,23998,23997,23995,23994,23993,23991],"class_list":{"0":"post-129709","1":"product","2":"type-product","3":"status-publish","4":"has-post-thumbnail","6":"product_cat-atomizador","7":"product_tag-atomizador-completo-es","8":"product_tag-atomizador-dn0pd620","9":"product_tag-atomizador-iseki-sxg","10":"product_tag-atomizador-iseki-tle","11":"product_tag-atomizador-iseki-tm","12":"product_tag-atomizador-iseki-txg","13":"product_tag-atomizador-tle","14":"product_tag-atomizador-tm","15":"product_tag-atomizador-txg","16":"product_tag-inyector-de-combustible-completo-iseki-sxg-txg-tm-tle-dn0pd620","17":"pa_merk-iseki-es","19":"first","20":"instock","21":"sale","22":"taxable","23":"shipping-taxable","24":"purchasable","25":"product-type-simple","26":"col-xs-6 col-sm-4","27":"col-md-3 col-lg-3","28":"un-4-cols"},"_links":{"self":[{"href":"https:\/\/shop4trac.com\/es\/wp-json\/wp\/v2\/product\/129709","targetHints":{"allow":["GET"]}}],"collection":[{"href":"https:\/\/shop4trac.com\/es\/wp-json\/wp\/v2\/product"}],"about":[{"href":"https:\/\/shop4trac.com\/es\/wp-json\/wp\/v2\/types\/product"}],"replies":[{"embeddable":true,"href":"https:\/\/shop4trac.com\/es\/wp-json\/wp\/v2\/comments?post=129709"}],"wp:featuredmedia":[{"embeddable":true,"href":"https:\/\/shop4trac.com\/es\/wp-json\/wp\/v2\/media\/192913"}],"wp:attachment":[{"href":"https:\/\/shop4trac.com\/es\/wp-json\/wp\/v2\/media?parent=129709"}],"wp:term":[{"taxonomy":"product_cat","embeddable":true,"href":"https:\/\/shop4trac.com\/es\/wp-json\/wp\/v2\/product_cat?post=129709"},{"taxonomy":"product_tag","embeddable":true,"href":"https:\/\/shop4trac.com\/es\/wp-json\/wp\/v2\/product_tag?post=129709"}],"curies":[{"name":"wp","href":"https:\/\/api.w.org\/{rel}","templated":true}]}}