{"id":129257,"date":"2024-09-24T17:54:54","date_gmt":"2024-09-24T16:54:54","guid":{"rendered":"https:\/\/shop4trac.com\/sin%20categor\u00eda\/boquilla-inyectora-atomizadora-mitsubishi-s4q2-y3-s4s-dn0pd80\/"},"modified":"2026-02-27T21:33:06","modified_gmt":"2026-02-27T20:33:06","slug":"boquilla-inyectora-atomizadora-mitsubishi-s4q2-y3-s4s-dn0pd80","status":"publish","type":"product","link":"https:\/\/shop4trac.com\/es\/partes-de-motor\/boquilla-inyectora\/boquilla-inyectora-atomizadora-mitsubishi-s4q2-y3-s4s-dn0pd80\/","title":{"rendered":"Inyector de combustible para Kubota D1403 | D1463 \u2013 D1703 \u2013 V2003 \u2013 V2203 | Hinomoto | Terex | DN0PD80 | Giant | Doosan"},"content":{"rendered":"<p data-path-to-node=\"4\"><strong>E<\/strong><b data-path-to-node=\"4\" data-index-in-node=\"3\">xclusivo de nuestra propia l\u00ednea de producci\u00f3n:<\/b> un inyector de combustible nozzle de alta calidad que cumple con las tolerancias m\u00e1s estrictas. Esta punta de inyector de combustible \u2018<strong>Snelparts<\/strong>\u2019 se ha desarrollado como la alternativa superior a las piezas de repuesto est\u00e1ndar. <\/p>\n<p data-path-to-node=\"5\">Garantizamos una pulverizaci\u00f3n perfecta y un sellado exacto, lo que resulta en un motor que funciona de forma m\u00e1s suave y una combusti\u00f3n m\u00e1s limpia.<\/p>\n<p data-path-to-node=\"6\"><b data-path-to-node=\"6\" data-index-in-node=\"0\">Consejo de experto:<\/b> no optes por alternativas m\u00e1s baratas. Se ha investigado exhaustivamente la calidad OEM, como las marcas conocidas en esta industria.<\/p>\n<p data-path-to-node=\"6\"><b data-path-to-node=\"7\" data-index-in-node=\"0\">Especificaciones t\u00e9cnicas<\/b><\/p>\n<ul data-path-to-node=\"8\">\n<li>\n<p data-path-to-node=\"8,0,0\"><b data-path-to-node=\"8,0,0\" data-index-in-node=\"0\">Presi\u00f3n de apertura:<\/b> aprox. 120 \u2013 130 bares<\/p>\n<\/li>\n<li>\n<p data-path-to-node=\"8,1,0\"><b data-path-to-node=\"8,1,0\" data-index-in-node=\"0\">Par de apriete:<\/b> 35 \u2013 45 Nm<\/p>\n<\/li>\n<\/ul>\n<p data-path-to-node=\"9\"><b data-path-to-node=\"9\" data-index-in-node=\"0\">Adecuado para los siguientes modelos:<\/b><\/p>\n<div>\n<p><strong>\u00a1Se entrega con un kit de juntas completo para un montaje inmediato!<\/strong> Entregamos esta boquilla de serie con todas las arandelas de cobre necesarias. As\u00ed podr\u00e1s empezar a trabajar de forma segura y sin fugas de inmediato. El kit incluye:  <\/p>\n<\/div>\n<ul>\n<li>Un nuevo <strong>protector t\u00e9rmico<\/strong> (arandela cortafuegos) contra el calor extremo y la formaci\u00f3n de holl\u00edn.<\/li>\n<li>Una <strong>junta de cobre para el inyector<\/strong> para mantener la compresi\u00f3n al 100 %.<\/li>\n<li>Una <strong>junta para el conducto de retorno<\/strong> para evitar fugas de combustible.<\/li>\n<\/ul>\n<p><strong>Caterpillar<\/strong><\/p>\n<ul>\n<li>DP20, DP25, DP30, DP35, DP20K, DP25K, DP30K, DP35K<\/li>\n<\/ul>\n<p><strong>clark<\/strong><\/p>\n<ul>\n<li>CDP20, CDP25, CDP30, CDP35<\/li>\n<\/ul>\n<p><strong>Jungheinrich<\/strong><\/p>\n<ul>\n<li>DFG 425, DFG 430, DFG 435<\/li>\n<\/ul>\n<p><strong>Hyundai<\/strong><\/p>\n<ul>\n<li>R80, R75-7<\/li>\n<li>R95W, R95W-3<\/li>\n<\/ul>\n<p><strong>Motor Kubota<\/strong><\/p>\n<ul>\n<li>D1403, D1463 D1503, D1703<\/li>\n<li>V2003, V2203<\/li>\n<\/ul>\n<p><strong>Mitsubishi<\/strong><\/p>\n<ul>\n<li>T4T2-Y3<\/li>\n<li>S4S, S4S-Z3DT61SD, S4S-Z361SD<\/li>\n<\/ul>\n<ul>\n<li>4320, 4340, 4920, 4940, LG2943, 410DTC, 450, 450DTC, 470DTC<\/li>\n<li>Mitsubishi FD15-MC F16C F16D<\/li>\n<\/ul>\n<p><strong>Doosan<\/strong><\/p>\n<ul>\n<li>G30, G40<\/li>\n<\/ul>\n<p><strong>Fogo<\/strong><\/p>\n<ul>\n<li>FM30, FM40<\/li>\n<\/ul>\n<p><strong>Terex<\/strong><\/p>\n<ul>\n<li>TC51, TC65.<\/li>\n<\/ul>\n<p><strong>OEM de referencia<\/strong><\/p>\n<ul>\n<li>DN0PD80<\/li>\n<li>093400-5800<\/li>\n<li>093500-4540<\/li>\n<li>16082-53610, 19077-53610<\/li>\n<\/ul>\n<p><strong>Otros modelos:<\/strong><\/p>\n<p data-path-to-node=\"9\"><b data-path-to-node=\"9\" data-index-in-node=\"0\">ausa<\/b><\/p>\n<ul data-path-to-node=\"10\">\n<li>\n<p data-path-to-node=\"10,0,0\">D 250 AHG, D 250 AHGA, D 300 AM, D 300 AMG, D 350 AHG, D 400 AHG<\/p>\n<\/li>\n<\/ul>\n<p data-path-to-node=\"11\"><b data-path-to-node=\"11\" data-index-in-node=\"0\">Bobcat<\/b><\/p>\n<ul data-path-to-node=\"12\">\n<li>\n<p data-path-to-node=\"12,0,0\">328, 430, 751, 753, 753C, 753F, 753G, 753H, 753L, 763, 763C, 763F, 763G, 773, 773C, 773F, 773G, 7753, S205<\/p>\n<\/li>\n<\/ul>\n<p data-path-to-node=\"13\"><b data-path-to-node=\"13\" data-index-in-node=\"0\">bomag<\/b><\/p>\n<ul data-path-to-node=\"14\">\n<li>\n<p data-path-to-node=\"14,0,0\">BW-100AC-5, BW-100AD-5, BW-120AC-5, BW-120AD-5<\/p>\n<\/li>\n<\/ul>\n<p data-path-to-node=\"15\"><b data-path-to-node=\"15\" data-index-in-node=\"0\">caterpillar<\/b><\/p>\n<ul data-path-to-node=\"16\">\n<li>\n<p data-path-to-node=\"16,0,0\">DP20, DP20K, DP25, DP25K, DP30, DP30K, DP35, DP35K<\/p>\n<\/li>\n<\/ul>\n<p data-path-to-node=\"17\"><b data-path-to-node=\"17\" data-index-in-node=\"0\">clark<\/b><\/p>\n<ul data-path-to-node=\"18\">\n<li>\n<p data-path-to-node=\"18,0,0\">CDP20, CDP25, CDP30, CDP35<\/p>\n<\/li>\n<\/ul>\n<p data-path-to-node=\"19\"><b data-path-to-node=\"19\" data-index-in-node=\"0\">doosan<\/b><\/p>\n<ul data-path-to-node=\"20\">\n<li>\n<p data-path-to-node=\"20,0,0\">G30, G40<\/p>\n<\/li>\n<\/ul>\n<p data-path-to-node=\"21\"><b data-path-to-node=\"21\" data-index-in-node=\"0\">dynapac<\/b><\/p>\n<ul data-path-to-node=\"22\">\n<li>\n<p data-path-to-node=\"22,0,0\">CC1100C, CC1200C<\/p>\n<\/li>\n<\/ul>\n<p data-path-to-node=\"23\"><b data-path-to-node=\"23\" data-index-in-node=\"0\">eurocomach<\/b><\/p>\n<ul data-path-to-node=\"24\">\n<li>\n<p data-path-to-node=\"24,0,0\">E245K, ES 28ZT, ES 35ZT, ES 40ZT, ES 350ZT, ES 400ZT, ES 500ZT<\/p>\n<\/li>\n<\/ul>\n<p data-path-to-node=\"25\"><b data-path-to-node=\"25\" data-index-in-node=\"0\">fogo<\/b><\/p>\n<ul data-path-to-node=\"26\">\n<li>\n<p data-path-to-node=\"26,0,0\">FM30, FM40<\/p>\n<\/li>\n<\/ul>\n<p data-path-to-node=\"27\"><b data-path-to-node=\"27\" data-index-in-node=\"0\">giant<\/b><\/p>\n<ul data-path-to-node=\"28\">\n<li>\n<p data-path-to-node=\"28,0,0\">V5001, V5001T, V5002, V5002 Xtra, V5003, V5003 Tele, V5003<\/p>\n<\/li>\n<\/ul>\n<p data-path-to-node=\"29\"><b data-path-to-node=\"29\" data-index-in-node=\"0\">hamm<\/b><\/p>\n<ul data-path-to-node=\"30\">\n<li>\n<p data-path-to-node=\"30,0,0\">HD 10, HD 10 VO\/VT\/VV, HD 12, HD 12 VO\/VV, HD 13, HD 13 VT\/VV, HD 13i VO\/VT\/VV, HD 14, HD 14 TT\/VO\/VT\/VV, HD 14i VO\/VT\/VV, HD 30 VO\/VT\/VV, HD 35 VO\/VT\/VV<\/p>\n<\/li>\n<\/ul>\n<p data-path-to-node=\"31\"><b data-path-to-node=\"31\" data-index-in-node=\"0\">haulotte<\/b><\/p>\n<ul data-path-to-node=\"32\">\n<li>\n<p data-path-to-node=\"32,0,0\">HA20RTJ, HA20RTJ PRO, HA20RTJO, HA61RTJ PRO, HA61RTJO<\/p>\n<\/li>\n<\/ul>\n<p data-path-to-node=\"33\"><b data-path-to-node=\"33\" data-index-in-node=\"0\">hinomoto<\/b><\/p>\n<ul data-path-to-node=\"34\">\n<li>\n<p data-path-to-node=\"34,0,0\">NX19, NX21, NX23, NX25, NX26, NX27, NX29, NX32, NX33, NX200, NX201, NX220, NX221, NX240, NX241, NX260, NX261, NX268, NX277, NX280, NX281, NX300, NX301, NX320, NX321, NX337, NX338<\/p>\n<\/li>\n<\/ul>\n<p data-path-to-node=\"35\"><b data-path-to-node=\"35\" data-index-in-node=\"0\">Hitachi<\/b><\/p>\n<ul data-path-to-node=\"36\">\n<li>\n<p data-path-to-node=\"36,0,0\">ZW30, ZW40, ZW50<\/p>\n<\/li>\n<\/ul>\n<p data-path-to-node=\"37\"><b data-path-to-node=\"37\" data-index-in-node=\"0\">hyundai<\/b><\/p>\n<ul data-path-to-node=\"38\">\n<li>\n<p data-path-to-node=\"38,0,0\">15D-7E, 15D-9S, 18D-7E, 18D-9S, 20D-9S, 20DA-7E, HDF 15-5, HDF 18-5, HSL650-7, HSL650-7A, HSL680T, R75-7, R80, R95W, R95W-3<\/p>\n<\/li>\n<\/ul>\n<p data-path-to-node=\"39\"><b data-path-to-node=\"39\" data-index-in-node=\"0\">ihi<\/b><\/p>\n<ul data-path-to-node=\"40\">\n<li>\n<p data-path-to-node=\"40,0,0\">45V4, 55V4, 60V4, IC35<\/p>\n<\/li>\n<\/ul>\n<p data-path-to-node=\"41\"><b data-path-to-node=\"41\" data-index-in-node=\"0\">jcb<\/b><\/p>\n<ul data-path-to-node=\"42\">\n<li>\n<p data-path-to-node=\"42,0,0\">2T-FT, 2T-HS, 2T-ST, 3.5T-ST, 3T-FT, 3T-ST, VMT260, W255 K, W265 K<\/p>\n<\/li>\n<\/ul>\n<p data-path-to-node=\"43\"><b data-path-to-node=\"43\" data-index-in-node=\"0\">jungheinrich<\/b><\/p>\n<ul data-path-to-node=\"44\">\n<li>\n<p data-path-to-node=\"44,0,0\">DFG 316, DFG 320, DFG 425, DFG 430, DFG 435<\/p>\n<\/li>\n<\/ul>\n<p data-path-to-node=\"45\"><b data-path-to-node=\"45\" data-index-in-node=\"0\">kubota<\/b><\/p>\n<ul data-path-to-node=\"46\">\n<li>\n<p data-path-to-node=\"46,0,0\">F2100, F2803<\/p>\n<\/li>\n<li>\n<p data-path-to-node=\"46,1,0\">FT21, FT23, FT25, FT28, FT30, FT220, FT240, FT300<\/p>\n<\/li>\n<li>\n<p data-path-to-node=\"46,2,0\">GL19, GL21, GL23, GL25, GL26, GL27, GL29, GL32, GL33, GL200, GL201, GL220, GL221, GL240, GL241, GL260, GL261, GL268, GL277, GL280, GL281, GL301, GL320, GL321, GL337, GL338<\/p>\n<\/li>\n<li>\n<p data-path-to-node=\"46,3,0\">GT-23, GT-26, GT-30<\/p>\n<\/li>\n<li>\n<p data-path-to-node=\"46,4,0\">KH60, KX11H, KX033, KX040, KX91, KX91-3S2, KX91-3a, KX91-3a2, KX101, KX101-3a, KX101-3a2, KX101-3a3, KX101-3a4, KX121-3S, KX121-3a, KX161-3S, KX161-3a<\/p>\n<\/li>\n<li>\n<p data-path-to-node=\"46,5,0\">KL21, KL23, KL25, KL27, KL28, KL30, KL31, KL33, KL34, KL36, KL43, KL210, KL225, KL230, KL245, KL250, KL265, KL270, KL280, KL285, KL300, KL315, KL330, KL340, KL345, KL360, KL430<\/p>\n<\/li>\n<li>\n<p data-path-to-node=\"46,6,0\">KT20, KT22, KT24, KT27, KT30, KT210, KT215, KT230, KT235, KT250, KT255, KT280, KT285, KT300, KT305<\/p>\n<\/li>\n<li>\n<p data-path-to-node=\"46,7,0\">L30F, L305, L1361, L2500, L2501, L2600, L2601, L2800, L2900, L3010, L3130, L3200, L3240, L3300, L3301, L3400, L3408, L3430, L3540, L3560, L3600, L3710, L3800, L3830, L3901, L4240, L4400, L4630, L4740, L5030, L5040, L5240, L5740<\/p>\n<\/li>\n<li>\n<p data-path-to-node=\"46,8,0\">R420, R420 Alpha, R420B, R420S, R520 Alpha, R520S<\/p>\n<\/li>\n<li>\n<p data-path-to-node=\"46,9,0\">RTV1100CR, RTV1100CW<\/p>\n<\/li>\n<li>\n<p data-path-to-node=\"46,10,0\">STA-30, STA-35, STV32, STV36, STV40, STW-34, STW-37, STW-40<\/p>\n<\/li>\n<li>\n<p data-path-to-node=\"46,11,0\">T240<\/p>\n<\/li>\n<li>\n<p data-path-to-node=\"46,12,0\">U30, U35, U36, U45, U50 (Series: -3a, -3S, -4, -5, -6)<\/p>\n<\/li>\n<\/ul>\n<p data-path-to-node=\"47\"><b data-path-to-node=\"47\" data-index-in-node=\"0\">motor kubota<\/b><\/p>\n<ul data-path-to-node=\"48\">\n<li>\n<p data-path-to-node=\"48,0,0\">4D80<\/p>\n<\/li>\n<li>\n<p data-path-to-node=\"48,1,0\">D1403, D1503, D1703, D1703-M<\/p>\n<\/li>\n<li>\n<p data-path-to-node=\"48,2,0\">D1803, D1803-M (IDI)<\/p>\n<\/li>\n<li>\n<p data-path-to-node=\"48,3,0\">V1903, V1903-B, V1903E<\/p>\n<\/li>\n<li>\n<p data-path-to-node=\"48,4,0\">V2003<\/p>\n<\/li>\n<li>\n<p data-path-to-node=\"48,5,0\">V2203, V2203-M, V2203-E, V2203-B, V2203-T<\/p>\n<\/li>\n<li>\n<p data-path-to-node=\"48,6,0\">V2403 (Solo versiones IDI), V2403-M, V2403-M-T<\/p>\n<\/li>\n<li>\n<p data-path-to-node=\"48,7,0\">Z851<\/p>\n<\/li>\n<\/ul>\n<p data-path-to-node=\"49\"><b data-path-to-node=\"49\" data-index-in-node=\"0\">manitou<\/b><\/p>\n<ul data-path-to-node=\"50\">\n<li>\n<p data-path-to-node=\"50,0,0\">MH 20-4, MH 25-4, MSI 20 Turbo, MSI 25 Turbo, MSI 30 Turbo, MSI 35 Turbo, TMT 55 HT\/XT<\/p>\n<\/li>\n<\/ul>\n<p data-path-to-node=\"51\"><b data-path-to-node=\"51\" data-index-in-node=\"0\">menzi muck<\/b><\/p>\n<ul data-path-to-node=\"52\">\n<li>\n<p data-path-to-node=\"52,0,0\">Menzi IHI 45v4, 55v4, 60v4, Menzi Max 30rk<\/p>\n<\/li>\n<\/ul>\n<p data-path-to-node=\"53\"><b data-path-to-node=\"53\" data-index-in-node=\"0\">mitsubishi<\/b><\/p>\n<ul data-path-to-node=\"54\">\n<li>\n<p data-path-to-node=\"54,0,0\">410DTC, 450, 450DTC, 470DTC, 4320, 4340, 4920, 4940, F16C, F16D, FD15-MC, LG2943<\/p>\n<\/li>\n<\/ul>\n<p data-path-to-node=\"55\"><b data-path-to-node=\"55\" data-index-in-node=\"0\">motor mitsubishi<\/b><\/p>\n<ul data-path-to-node=\"56\">\n<li>\n<p data-path-to-node=\"56,0,0\">T4T2-Y3<\/p>\n<\/li>\n<li>\n<p data-path-to-node=\"56,1,0\">S4S, S4S-Z361SD, S4S-Z3DT61SD<\/p>\n<\/li>\n<\/ul>\n<p data-path-to-node=\"57\"><b data-path-to-node=\"57\" data-index-in-node=\"0\">sakai<\/b><\/p>\n<ul data-path-to-node=\"58\">\n<li>\n<p data-path-to-node=\"58,0,0\">SW300-1, SW320-1, SW330-1<\/p>\n<\/li>\n<\/ul>\n<p data-path-to-node=\"59\"><b data-path-to-node=\"59\" data-index-in-node=\"0\">sch\u00e4ffer<\/b><\/p>\n<ul data-path-to-node=\"60\">\n<li>\n<p data-path-to-node=\"60,0,0\">326S, 331, 332, 442, 442S, 448S, 2026S, 2033, 2033S, 2034, 2434, 2503, 3033, 3350, 3360, 336S, 3450, 3460, 3550, 3550T, 3560, 3560T, 4042, 4350, 4350Z, 4360, 4360Z, 4560T, 5050Z, 5050ZS, 5058Z<\/p>\n<\/li>\n<\/ul>\n<p data-path-to-node=\"61\"><b data-path-to-node=\"61\" data-index-in-node=\"0\">tcm<\/b><\/p>\n<ul data-path-to-node=\"62\">\n<li>\n<p data-path-to-node=\"62,0,0\">707EN, 709EN<\/p>\n<\/li>\n<\/ul>\n<p data-path-to-node=\"63\"><b data-path-to-node=\"63\" data-index-in-node=\"0\">terex<\/b><\/p>\n<ul data-path-to-node=\"64\">\n<li>\n<p data-path-to-node=\"64,0,0\">TC51, TC65<\/p>\n<\/li>\n<\/ul>\n<p data-path-to-node=\"65\"><b data-path-to-node=\"65\" data-index-in-node=\"0\">tym<\/b><\/p>\n<ul data-path-to-node=\"66\">\n<li>\n<p data-path-to-node=\"66,0,0\">T290, T300, T330, T390, T400 (2WD &amp; 4WD)<\/p>\n<\/li>\n<\/ul>\n<p data-path-to-node=\"67\"><b data-path-to-node=\"67\" data-index-in-node=\"0\">vimek<\/b><\/p>\n<ul data-path-to-node=\"68\">\n<li>\n<p data-path-to-node=\"68,0,0\">404 T3, 404 T4<\/p>\n<\/li>\n<\/ul>\n<p data-path-to-node=\"69\"><b data-path-to-node=\"69\" data-index-in-node=\"0\">volvo<\/b><\/p>\n<ul data-path-to-node=\"70\">\n<li>\n<p data-path-to-node=\"70,0,0\">DD24, DD28HF, DD30, DD34HF<\/p>\n<\/li>\n<\/ul>\n<p data-path-to-node=\"71\"><b data-path-to-node=\"71\" data-index-in-node=\"0\">zen-noh<\/b><\/p>\n<ul data-path-to-node=\"72\">\n<li>\n<p data-path-to-node=\"72,0,0\">L275, ZL2002, ZL2002DT, ZL2601, ZL2601DT<\/p>\n<\/li>\n<\/ul>\n","protected":false},"excerpt":{"rendered":"<p>Exclusivo de nuestra propia l\u00ednea de producci\u00f3n: un inyector de combustible nozzle de alta calidad que cumple con las tolerancias m\u00e1s estrictas. Esta punta de inyector de combustible \u2018Snelparts\u2019 se ha desarrollado como la alternativa superior a las piezas de repuesto est\u00e1ndar. Garantizamos una pulverizaci\u00f3n perfecta y un sellado exacto, lo que resulta en un&hellip;<\/p>\n","protected":false},"featured_media":192971,"comment_status":"open","ping_status":"closed","template":"","meta":[],"product_cat":[8112],"product_tag":[23106,23108,23158,23243,2727,23249,23107,22618,23240,23251,23252,23241,23242,23245,2803,23247,2859,2862],"class_list":{"0":"post-129257","1":"product","2":"type-product","3":"status-publish","4":"has-post-thumbnail","6":"product_cat-boquilla-inyectora","7":"product_tag-atomizador","8":"product_tag-boquilla","9":"product_tag-boquilla-del-inyector-del-atomizador","10":"product_tag-boquilla-inyectora-inyector-de-combustible-mitsubishi-s4q2-y3-s4s-dn0pd80-kubota-d1403-d1703-v2003-v2203","11":"product_tag-d1703-es","12":"product_tag-dn0pd80-es","13":"product_tag-inyector","14":"product_tag-kubota-es","15":"product_tag-kubotad1403","16":"product_tag-kubotad1703","17":"product_tag-kubotav2003","18":"product_tag-kubotav2203","19":"product_tag-mitsubishi-es","20":"product_tag-mitsubishi-s4q2-y3-es","21":"product_tag-s4s-es","22":"product_tag-t4t2-y3","23":"product_tag-v2003-es","24":"product_tag-v2203-es","25":"pa_merk-giant-es","26":"pa_merk-hitachi-es","27":"pa_merk-hyundai-es","28":"pa_merk-jcb-es","29":"pa_merk-kubota-es","30":"pa_merk-manitou-es","31":"pa_merk-mitsubishi-es","32":"pa_merk-schaffer-es","33":"pa_merk-terex-es","34":"pa_merk-volvo-es","35":"pa_merk-zen-noh-es","37":"first","38":"instock","39":"sale","40":"taxable","41":"shipping-taxable","42":"purchasable","43":"product-type-simple","44":"col-xs-6 col-sm-4","45":"col-md-3 col-lg-3","46":"un-4-cols"},"_links":{"self":[{"href":"https:\/\/shop4trac.com\/es\/wp-json\/wp\/v2\/product\/129257","targetHints":{"allow":["GET"]}}],"collection":[{"href":"https:\/\/shop4trac.com\/es\/wp-json\/wp\/v2\/product"}],"about":[{"href":"https:\/\/shop4trac.com\/es\/wp-json\/wp\/v2\/types\/product"}],"replies":[{"embeddable":true,"href":"https:\/\/shop4trac.com\/es\/wp-json\/wp\/v2\/comments?post=129257"}],"wp:featuredmedia":[{"embeddable":true,"href":"https:\/\/shop4trac.com\/es\/wp-json\/wp\/v2\/media\/192971"}],"wp:attachment":[{"href":"https:\/\/shop4trac.com\/es\/wp-json\/wp\/v2\/media?parent=129257"}],"wp:term":[{"taxonomy":"product_cat","embeddable":true,"href":"https:\/\/shop4trac.com\/es\/wp-json\/wp\/v2\/product_cat?post=129257"},{"taxonomy":"product_tag","embeddable":true,"href":"https:\/\/shop4trac.com\/es\/wp-json\/wp\/v2\/product_tag?post=129257"}],"curies":[{"name":"wp","href":"https:\/\/api.w.org\/{rel}","templated":true}]}}