{"id":126263,"date":"2024-08-20T19:53:26","date_gmt":"2024-08-20T18:53:26","guid":{"rendered":"https:\/\/shop4trac.com\/sin%20categor\u00eda\/varilla-de-direccion-kubota-b1-15-385-mm\/"},"modified":"2025-08-01T17:19:28","modified_gmt":"2025-08-01T15:19:28","slug":"varilla-de-direccion-kubota-b1-15-385-mm","status":"publish","type":"product","link":"https:\/\/shop4trac.com\/es\/otras-partes\/rotula-de-direccion\/varilla-de-direccion-kubota-b1-15-385-mm\/","title":{"rendered":"Varilla de direcci\u00f3n Kubota B1-15 | 385 mm"},"content":{"rendered":"<p>Varilla de direcci\u00f3n adecuada para Kubota <strong>Datos t\u00e9cnicos<\/strong><\/p>\n<ul>\n<li>385 mm<\/li>\n<li>16 mm de espesor<\/li>\n<li>32x41x35,50mm<\/li>\n<\/ul>\n<p><strong>Kubota<\/strong><\/p>\n<ul>\n<li>B1-15<\/li>\n<\/ul>\n","protected":false},"excerpt":{"rendered":"<p>Varilla de direcci\u00f3n adecuada para Kubota Datos t\u00e9cnicos 385 mm 16 mm de espesor 32x41x35,50mm Kubota B1-15<\/p>\n","protected":false},"featured_media":126243,"comment_status":"open","ping_status":"open","template":"","meta":[],"product_cat":[493],"product_tag":[26005,26006,22618],"class_list":{"0":"post-126263","1":"product","2":"type-product","3":"status-publish","4":"has-post-thumbnail","6":"product_cat-rotula-de-direccion","7":"product_tag-barra-de-direccion","8":"product_tag-barra-de-direccion-kubota","9":"product_tag-kubota-es","10":"pa_merk-kubota-es","12":"first","13":"instock","14":"taxable","15":"shipping-taxable","16":"purchasable","17":"product-type-simple","18":"col-xs-6 col-sm-4","19":"col-md-3 col-lg-3","20":"un-4-cols"},"_links":{"self":[{"href":"https:\/\/shop4trac.com\/es\/wp-json\/wp\/v2\/product\/126263","targetHints":{"allow":["GET"]}}],"collection":[{"href":"https:\/\/shop4trac.com\/es\/wp-json\/wp\/v2\/product"}],"about":[{"href":"https:\/\/shop4trac.com\/es\/wp-json\/wp\/v2\/types\/product"}],"replies":[{"embeddable":true,"href":"https:\/\/shop4trac.com\/es\/wp-json\/wp\/v2\/comments?post=126263"}],"wp:featuredmedia":[{"embeddable":true,"href":"https:\/\/shop4trac.com\/es\/wp-json\/wp\/v2\/media\/126243"}],"wp:attachment":[{"href":"https:\/\/shop4trac.com\/es\/wp-json\/wp\/v2\/media?parent=126263"}],"wp:term":[{"taxonomy":"product_cat","embeddable":true,"href":"https:\/\/shop4trac.com\/es\/wp-json\/wp\/v2\/product_cat?post=126263"},{"taxonomy":"product_tag","embeddable":true,"href":"https:\/\/shop4trac.com\/es\/wp-json\/wp\/v2\/product_tag?post=126263"}],"curies":[{"name":"wp","href":"https:\/\/api.w.org\/{rel}","templated":true}]}}