{"id":121937,"date":"2024-06-30T13:25:41","date_gmt":"2024-06-30T12:25:41","guid":{"rendered":"https:\/\/shop4trac.com\/sin%20categor\u00eda\/sello-ciguenal-delantero-perkins-vado-shibaura-tc355511\/"},"modified":"2025-08-01T17:20:37","modified_gmt":"2025-08-01T15:20:37","slug":"sello-ciguenal-delantero-perkins-vado-shibaura-tc355511","status":"publish","type":"product","link":"https:\/\/shop4trac.com\/es\/otras-partes\/sello-de-aceite-del-eje-delantero-eje-trasero\/sello-ciguenal-delantero-perkins-vado-shibaura-tc355511\/","title":{"rendered":"Sello Cig\u00fce\u00f1al delantero Perkins | Vado | Shibaura | TC355511"},"content":{"rendered":"<p>Ret\u00e9n Cig\u00fce\u00f1al apto para motores Perkins y Shibaura<\/p>\n<p><strong>Datos t\u00e9cnicos<\/strong><\/p>\n<ul>\n<li>35x55x11mm<\/li>\n<\/ul>\n<p><strong>Nueva Holanda\/Ford<\/strong><\/p>\n<ul>\n<li>1320, 1520, 1530, 1620, 1630, 1715, 1720, 1725, 1920, 1925, 2110, 2120, 3415<\/li>\n<li>T1510, T1520, T1530, T2210, T2220, T2310, T2320, T2330, T2410, T2420<\/li>\n<li>TC25, TC25D, TC29, TC29D, TC29DA, TC30, TC31DA, TC33, TC33D, TC33DA, TC34DA, TC35, TC35A, TC35D, TC35DA, TC40, TC40A, TC40D, TC40DA, TC45, TC45A, TC, 45DA, TC48DA, TC55DA<\/li>\n<li>TT45A, TT50A<\/li>\n<li>G6030, G6035<\/li>\n<li>\n<p class=\"p1\">Boomer 2030, Boomer 2035, Boomer 3040, Boomer 3045, Boomer 3050, Boomer 33, Boomer 37, Boomer 4055, Boomer 4060, Boomer 41, Boomer 45D, Boomer 47, Boomer 50D, Boomer 8N<\/p>\n<\/li>\n<li>\n<p class=\"p1\"><span style=\"text-decoration: underline\">Minicargadora<\/span> : 410, 420, L140, L150, L160, L170, L175, L213, L215, L216, L218, L220, L465, L565, LS140, LS150, LS160, LS170, LX465, LX485, LX565, LX665.<\/p>\n<\/li>\n<li>\n<p class=\"p1\">CM272, CM274, MC22, MC28, MC35<\/p>\n<\/li>\n<\/ul>\n<p><strong>Case IH<\/strong><\/p>\n<ul>\n<li>D25, D29, D33, D35, D40, D45, DX25, DX29, DX31, DX33, DX34, DX35, DX40, DX45, DX48, DX55, DX60<\/li>\n<\/ul>\n<p><strong>granja  <\/strong><\/p>\n<ul>\n<li>\n<p class=\"p1\">Farmall 30A, Farmall 30C, Farmall 31, Farmall 35, Farmall 35A, Farmall 35C, Farmall 40, Farmall 45, Farmall 45A, Farmall 50, Farmall 55, Farmall 55A, Farmall 60, Farmall-45A, Farmall-55A.<\/p>\n<\/li>\n<\/ul>\n<p><strong>Motor Perkins<\/strong><\/p>\n<ul>\n<li>  104-22, 403C-15, 404C-22, 404C-22T, N844<\/li>\n<\/ul>\n<p><strong>Maestro de trabajo<\/strong><\/p>\n<ul>\n<li>Maestro de trabajo 33, Maestro de trabajo 37, Maestro de trabajo 45, Maestro de trabajo 55, Maestro de trabajo-45, Maestro de trabajo-55<\/li>\n<\/ul>\n<p><strong>OEM de referencia<\/strong><\/p>\n<ul>\n<li>SBA198636160, 715663001, 715664001, 715665001, 715666001, 9801910, 9828635, 9828636, 9847596, 9847597<\/li>\n<\/ul>\n","protected":false},"excerpt":{"rendered":"<p>Ret\u00e9n Cig\u00fce\u00f1al apto para motores Perkins y Shibaura Datos t\u00e9cnicos 35x55x11mm Nueva Holanda\/Ford 1320, 1520, 1530, 1620, 1630, 1715, 1720, 1725, 1920, 1925, 2110, 2120, 3415 T1510, T1520, T1530, T2210, T2220, T2310, T2320, T2330, T2410, T2420 TC25, TC25D, TC29, TC29D, TC29DA, TC30, TC31DA, TC33, TC33D, TC33DA, TC34DA, TC35, TC35A, TC35D, TC35DA, TC40, TC40A, TC40D, TC40DA,&hellip;<\/p>\n","protected":false},"featured_media":123421,"comment_status":"open","ping_status":"open","template":"","meta":[],"product_cat":[19076,19081,5940],"product_tag":[],"class_list":{"0":"post-121937","1":"product","2":"type-product","3":"status-publish","4":"has-post-thumbnail","6":"product_cat-sello-de-aceite-del-eje-delantero-eje-trasero","7":"product_cat-ciguenal","8":"product_cat-sello","9":"pa_merk-case-es","10":"pa_merk-case-ih-es","11":"pa_merk-ford-es","12":"pa_merk-new-holland-es","14":"first","15":"instock","16":"sale","17":"taxable","18":"shipping-taxable","19":"purchasable","20":"product-type-simple","21":"col-xs-6 col-sm-4","22":"col-md-3 col-lg-3","23":"un-4-cols"},"_links":{"self":[{"href":"https:\/\/shop4trac.com\/es\/wp-json\/wp\/v2\/product\/121937","targetHints":{"allow":["GET"]}}],"collection":[{"href":"https:\/\/shop4trac.com\/es\/wp-json\/wp\/v2\/product"}],"about":[{"href":"https:\/\/shop4trac.com\/es\/wp-json\/wp\/v2\/types\/product"}],"replies":[{"embeddable":true,"href":"https:\/\/shop4trac.com\/es\/wp-json\/wp\/v2\/comments?post=121937"}],"wp:featuredmedia":[{"embeddable":true,"href":"https:\/\/shop4trac.com\/es\/wp-json\/wp\/v2\/media\/123421"}],"wp:attachment":[{"href":"https:\/\/shop4trac.com\/es\/wp-json\/wp\/v2\/media?parent=121937"}],"wp:term":[{"taxonomy":"product_cat","embeddable":true,"href":"https:\/\/shop4trac.com\/es\/wp-json\/wp\/v2\/product_cat?post=121937"},{"taxonomy":"product_tag","embeddable":true,"href":"https:\/\/shop4trac.com\/es\/wp-json\/wp\/v2\/product_tag?post=121937"}],"curies":[{"name":"wp","href":"https:\/\/api.w.org\/{rel}","templated":true}]}}