{"id":108281,"date":"2024-05-20T16:55:08","date_gmt":"2024-05-20T15:55:08","guid":{"rendered":"https:\/\/shop4trac.com\/sin%20categor\u00eda\/motor-de-arranque-shibaura-perkins-weideman-kioto-caso\/"},"modified":"2025-08-01T17:22:26","modified_gmt":"2025-08-01T15:22:26","slug":"motor-de-arranque-shibaura-perkins-weideman-kioto-caso","status":"publish","type":"product","link":"https:\/\/shop4trac.com\/es\/piezas-electricas\/motor-de-arranque\/motor-de-arranque-shibaura-perkins-weideman-kioto-caso\/","title":{"rendered":"Motor de arranque Shibaura | Perkins | Weideman | Kioto | Caso"},"content":{"rendered":"<p>Motor de arranque de alta calidad con grandes modelos compatibles.<\/p>\n<p><strong>Datos t\u00e9cnicos<\/strong><\/p>\n<ul>\n<li>\n<div class=\"cell small-6 medium-4 specification\"><\/div>\n<div class=\"cell small-6 medium-4 specification\">\n<div class=\"specification-value\">tensi\u00f3n 12<\/div>\n<div class=\"specification-value\">Potencia (kW) 1,1<\/div>\n<div class=\"specification-value\">Borde de montaje (mm) 73,9<\/div>\n<div class=\"specification-value\">Dientes 9<\/div>\n<div class=\"specification-value\">B+<\/div>\n<div class=\"specification-value\">Direcci\u00f3n de rotaci\u00f3n CW<\/div>\n<\/div>\n<\/li>\n<\/ul>\n<p><strong>Kioti<\/strong><\/p>\n<ul>\n<li>CS2510, CS2520, CS2610<\/li>\n<\/ul>\n<p><strong>Shibaura<\/strong><\/p>\n<ul>\n<li>P15F, P17F, SP1440, SP1840, SP2140, SP1540, SP1740<\/li>\n<li>ST318, ST321, ST324<\/li>\n<li>SX24, SX25, SX26<\/li>\n<li>SL1543<\/li>\n<\/ul>\n<p><strong>Motor shibaura\/perkins<\/strong><\/p>\n<ul>\n<li>S723, S753, S773, S773L<\/li>\n<\/ul>\n<p><strong>OEM de referencia<\/strong><\/p>\n<p><strong>Motor de arranque<\/strong><\/p>\n<ul>\n<li>S114381, S114-381<\/li>\n<li>SBA185086110<\/li>\n<\/ul>\n<p>Otras m\u00e1quinas<\/p>\n<p><strong>ACM<\/strong><\/p>\n<ul>\n<li>ME015, ME020<\/li>\n<\/ul>\n<p><strong>Atlas<\/strong><\/p>\n<ul>\n<li>404<\/li>\n<\/ul>\n<p><strong>Beldad<\/strong><\/p>\n<ul>\n<li>730, 740, 7400<\/li>\n<\/ul>\n<p><strong>Bitelli<\/strong><\/p>\n<ul>\n<li>BB 611 C-RB 160<\/li>\n<\/ul>\n<p><strong>Caso<\/strong><\/p>\n<ul>\n<li>15, 16, CX15, CX16<\/li>\n<\/ul>\n<p><strong>Egholm<\/strong><\/p>\n<ul>\n<li>Guardaparque 2150<\/li>\n<\/ul>\n<p><strong>Eurocomach<\/strong><\/p>\n<ul>\n<li>ES150.2, ES180.2<\/li>\n<\/ul>\n<p><strong>FAI<\/strong><\/p>\n<ul>\n<li>322 panda<\/li>\n<\/ul>\n<p><strong>Fermec<\/strong><\/p>\n<ul>\n<li>114, 115<\/li>\n<\/ul>\n<p><strong>Ford<\/strong><\/p>\n<ul>\n<li>1310, 1510, CL25<\/li>\n<\/ul>\n<p><strong>Gehl<\/strong><\/p>\n<ul>\n<li>KL150, MB138, MB145, MB148<\/li>\n<\/ul>\n<p><strong>Gutbrod<\/strong><\/p>\n<ul>\n<li>5018, 5020<\/li>\n<\/ul>\n<p><strong>Hinowa<\/strong><\/p>\n<ul>\n<li>DM13M, VT1550, VT1650<\/li>\n<\/ul>\n<p><strong>Imef<\/strong><\/p>\n<ul>\n<li>HE18S<\/li>\n<\/ul>\n<p><strong>JCB<\/strong><\/p>\n<ul>\n<li>801 (Perkins-103-10), 801 (Perkins-103-09), 801.4, 801.5 Powerplus, 801.6, 8014, 8015, 8016, 8017, 8018, Micro, Micro Plus, Mini CX<\/li>\n<\/ul>\n<p><strong>Kobelco<\/strong><\/p>\n<ul>\n<li>SK015, SK015E<\/li>\n<\/ul>\n<p><strong>Komatsu<\/strong><\/p>\n<ul>\n<li>PC05-6, SK04<\/li>\n<\/ul>\n<p><strong>Massey Ferguson<\/strong><\/p>\n<ul>\n<li>MF-114, MF-115, MF-513, MF-514<\/li>\n<\/ul>\n<p><strong>messersi<\/strong><\/p>\n<ul>\n<li>M 15, M 16 BV, M 18 BE<\/li>\n<\/ul>\n<p><strong>New Holland<\/strong><\/p>\n<ul>\n<li>1310, 1510, CL25<\/li>\n<\/ul>\n<p><strong>O&amp;K<\/strong><\/p>\n<ul>\n<li>RH1.1, RH1.2<\/li>\n<\/ul>\n<p><strong>Papa<\/strong><\/p>\n<ul>\n<li>MB1.3, MB2.0<\/li>\n<\/ul>\n<p><strong>Pel Job<\/strong><\/p>\n<ul>\n<li>ED2000, ED2500, EL451, EL451T, ES515, ES615<\/li>\n<\/ul>\n<p><strong>Motor Perkins<\/strong><\/p>\n<ul>\n<li>102-05, 103-07, 103-09, 103-10, 103-11, 3011C, M25, M30<\/li>\n<\/ul>\n<p><strong>Proteger<\/strong><\/p>\n<ul>\n<li>BF 300, velocidad 20<\/li>\n<\/ul>\n<p><strong>renderiza<\/strong><\/p>\n<ul>\n<li>RME 150-P<\/li>\n<\/ul>\n<p><strong>Schaeff<\/strong><\/p>\n<ul>\n<li>HR12<\/li>\n<\/ul>\n<p><strong>volvo penta<\/strong><\/p>\n<ul>\n<li>D1-30, D1-30B, D1-30F, D2-40, D2-40B, D2-40F, MD2010A, MD2020A, MD2030A, MD2030B, MD2030C, MD2030D, MD2040A, MD2040B, MD2040C, MD2040D<\/li>\n<\/ul>\n<p><strong>Weidemann<\/strong><\/p>\n<ul>\n<li>1002 D\/P, 1013 P22 (Perkins-103-10), 1013 P22 (Perkins-103-11), 1015 D\/P, 1025 D\/P, 1025 D\/P Especial, 1030 D\/P<\/li>\n<li>1115 P22 (Perkins-103-10), 1115 P22 (Perkins-103-11), 1115 P26 (Perkins-103-10), 1115 P26 (Perkins-103-11), 1120 P22 (Perkins-103-10), 1120 P22 (Perkins-103-11)<\/li>\n<li>1130 CX30, 1140 CX, 1140 CX30, 1150 CX, 1150 CX30, 1230 (Perkins-403D-11), 1230 CX30, 1230 P22 (Perkins-103-10), 1230 P22 (Perkins-103-11), 1230 P26 ( Perkins-103-10),<\/li>\n<li>1230 P26 (Perkins-103-11), 1230 P27 (Perkins-103-10), 1230 P27 (Perkins-103-11), 1230 P33 (Perkins-103-10), 1230 P33 (Perkins-103-11), 1230 P34 (Perkins-103-10)<\/li>\n<li>1230 P34 (Perkins-103-11), 1240 P26 (Perkins-103-10), 1240 P26 (Perkins-103-11), 1240 P27 (Perkins-103-10), 1240 P27 (Perkins-103-11), 1240 P33 (Perkins-103-10), 1240 P33 (Perkins-103-11)<\/li>\n<li>1240 P34 (Perkins-103-10), 1240 P34 (Perkins-103-11), 1250, 912 D\/P, 913 D\/P, 914 D\/P<\/li>\n<\/ul>\n<p>N\u00fameros de referencia:<\/p>\n<h4>JCB<\/h4>\n<ul>\n<li>040848<\/li>\n<li>71436700<\/li>\n<\/ul>\n<h4>Weidemann<\/h4>\n<ul>\n<li>1000299583<\/li>\n<\/ul>\n<h4>Oruga<\/h4>\n<ul>\n<li>1387454<\/li>\n<li>3408308<\/li>\n<\/ul>\n<h4>Perkins<\/h4>\n<ul>\n<li>185086321<\/li>\n<li>18508661<\/li>\n<li>185086610<\/li>\n<li>18508662<\/li>\n<li>185086620<\/li>\n<li>U5MK8259<\/li>\n<li>U85086711<\/li>\n<\/ul>\n<h4>Volvo<\/h4>\n<ul>\n<li>21302969<\/li>\n<li>252094<\/li>\n<li>3580295<\/li>\n<li>3582514<\/li>\n<li>3801350<\/li>\n<li>3801351<\/li>\n<li>3803584<\/li>\n<\/ul>\n","protected":false},"excerpt":{"rendered":"<p>Motor de arranque de alta calidad con grandes modelos compatibles. Datos t\u00e9cnicos tensi\u00f3n 12 Potencia (kW) 1,1 Borde de montaje (mm) 73,9 Dientes 9 B+ Direcci\u00f3n de rotaci\u00f3n CW Kioti CS2510, CS2520, CS2610 Shibaura P15F, P17F, SP1440, SP1840, SP2140, SP1540, SP1740 ST318, ST321, ST324 SX24, SX25, SX26 SL1543 Motor shibaura\/perkins S723, S753, S773, S773L OEM&hellip;<\/p>\n","protected":false},"featured_media":108278,"comment_status":"open","ping_status":"closed","template":"","meta":[],"product_cat":[470],"product_tag":[],"class_list":{"0":"post-108281","1":"product","2":"type-product","3":"status-publish","4":"has-post-thumbnail","6":"product_cat-motor-de-arranque","7":"pa_merk-caterpillar-es","8":"pa_merk-kioti-es","9":"pa_merk-new-holland-es","10":"pa_merk-perkins-es","11":"pa_merk-shibaura-es","12":"pa_merk-volvo-es","13":"pa_merk-weidemann-es","15":"first","16":"instock","17":"taxable","18":"shipping-taxable","19":"purchasable","20":"product-type-simple","21":"col-xs-6 col-sm-4","22":"col-md-3 col-lg-3","23":"un-4-cols"},"_links":{"self":[{"href":"https:\/\/shop4trac.com\/es\/wp-json\/wp\/v2\/product\/108281","targetHints":{"allow":["GET"]}}],"collection":[{"href":"https:\/\/shop4trac.com\/es\/wp-json\/wp\/v2\/product"}],"about":[{"href":"https:\/\/shop4trac.com\/es\/wp-json\/wp\/v2\/types\/product"}],"replies":[{"embeddable":true,"href":"https:\/\/shop4trac.com\/es\/wp-json\/wp\/v2\/comments?post=108281"}],"wp:featuredmedia":[{"embeddable":true,"href":"https:\/\/shop4trac.com\/es\/wp-json\/wp\/v2\/media\/108278"}],"wp:attachment":[{"href":"https:\/\/shop4trac.com\/es\/wp-json\/wp\/v2\/media?parent=108281"}],"wp:term":[{"taxonomy":"product_cat","embeddable":true,"href":"https:\/\/shop4trac.com\/es\/wp-json\/wp\/v2\/product_cat?post=108281"},{"taxonomy":"product_tag","embeddable":true,"href":"https:\/\/shop4trac.com\/es\/wp-json\/wp\/v2\/product_tag?post=108281"}],"curies":[{"name":"wp","href":"https:\/\/api.w.org\/{rel}","templated":true}]}}