{"id":106717,"date":"2024-05-03T18:32:08","date_gmt":"2024-05-03T17:32:08","guid":{"rendered":"https:\/\/shop4trac.com\/sin%20categor\u00eda\/enlace-superior-310-450-mm-cat-1-kubota-yanmar-shibaura-hinomoto-iseki\/"},"modified":"2026-03-18T15:20:55","modified_gmt":"2026-03-18T14:20:55","slug":"enlace-superior-310-450-mm-cat-1-kubota-yanmar-shibaura-hinomoto-iseki","status":"publish","type":"product","link":"https:\/\/shop4trac.com\/es\/otras-partes\/conjunto-de-elevacion\/enlace-superior-310-450-mm-cat-1-kubota-yanmar-shibaura-hinomoto-iseki\/","title":{"rendered":"Tercer punto Cat.1 | Kubota \u2013 Yanmar \u2013 Hinomoto \u2013 Iseki"},"content":{"rendered":"<h2><b>Gato universal. 1 enlace superior para minitractores: resistente, fiable y de amplia aplicaci\u00f3n <\/b><\/h2>\n<p class=\"p3\">Mejora tu minitractor con este <span class=\"s2\"><b>tercer punto<\/b><\/span> de alta calidad, dise\u00f1ado espec\u00edficamente para un rendimiento \u00f3ptimo y un montaje sencillo. Apto para numerosos modelos de marcas conocidas. <\/p>\n<hr>\n<h3><b>\u2705  <\/b><\/h3>\n<h3><b>Variantes disponibles<\/b><\/h3>\n<ul>\n<li>\n<p class=\"p1\"><span class=\"s1\"><b>GATO. 1 conexi\u00f3n<\/b><\/span>  \u2013 25,4 mm (1 pulgada)<\/p>\n<\/li>\n<li>\n<p class=\"p1\"><span class=\"s1\"><b>Longitud 310 \u2013 450 mm<\/b><\/span> (12,20 \u2013 17,72 pulgadas)<\/p>\n<\/li>\n<li>\n<p class=\"p1\"><span class=\"s1\"><b>Longitud 480 \u2013 720 mm<\/b><\/span> (18,90 \u2013 28,35 pulgadas)<\/p>\n<\/li>\n<\/ul>\n<hr>\n<h3><b>?  <\/b><\/h3>\n<h3><b>Ventajas<\/b><\/h3>\n<ul>\n<li>\n<p class=\"p1\"><b>Ajuste universal<\/b><b><\/b><\/p>\n<p class=\"p2\">Compatible con todos los mini tractores equipados con un  <span class=\"s1\"><b>GATO. 1 enganche<\/b><\/span>.<\/p>\n<\/li>\n<li>\n<p class=\"p1\"><b>Durable y robusto<\/b><b><\/b><\/p>\n<p class=\"p2\">Fabricado con materiales resistentes que pueden soportar cargas pesadas.<\/p>\n<\/li>\n<li>\n<p class=\"p1\"><b>Instalaci\u00f3n r\u00e1pida<\/b><b><\/b><\/p>\n<p class=\"p2\">F\u00e1cil de colocar con pasadores de bloqueo est\u00e1ndar: listo para usar de inmediato.<\/p>\n<\/li>\n<\/ul>\n<p><strong>Modelos de ejemplo:<\/strong><\/p>\n<p><strong>Iseki<\/strong><\/p>\n<ul>\n<li>TX145, TX155, TX1000, TX1210, TX1300 \u2013atenci\u00f3n versi\u00f3n M10, TX1500, TX1500F<\/li>\n<li>TX1410, TX1410F, TX1500, TX1510, TX1510F, TX2140, TX2160<\/li>\n<li>TU1400, TU1500, TU1600, TU1401, TU1501, TU1601<\/li>\n<li>TU120, TU130, TU140, TU150, TU160, TU170<\/li>\n<li>TU155, TU157, TU160, TU165<\/li>\n<li>TU170, TU175, TU177<\/li>\n<\/ul>\n<p><strong>Bolens:<\/strong><\/p>\n<ul>\n<li>G152, G154, G174, H152, H154, H174<\/li>\n<li>TX1502, TX1504, TX1704, TX1704H<\/li>\n<\/ul>\n<p><strong>CAPIT\u00c1N TRACTOR STARTRAC<\/strong><\/p>\n<ul>\n<li>263, 273<\/li>\n<\/ul>\n<p><strong>Mitsubishi<\/strong>:<\/p>\n<ul>\n<li>D1300, D1450, D1500, D1550, D1600, D1650, D1800, D1850, D2000, D2050, D2350<\/li>\n<li>MT1301, MT1401, MT1601, MT1801, MT2001, MT2201, MT2501, MTE1800, MTE2000<\/li>\n<li>MT160, MT160D, MT180, MT180D, MT180H, MT180HD, VST180D, MT200, MT210, MT210D, MT250, MT250D, MT300, MT300D<\/li>\n<li>MT1401, MT1401D, MT1601, MT1601D, MT1801, MT1801D, MT2001, MT2001D, MT2201, MT2201D, MT2501, MT2501D, MT2801, MT3201, MT4201, MT4501<\/li>\n<li>MTE1800, MTE1800D, MTE2000, MTE2000D, S670, S670D<\/li>\n<li>D3250, D3250FD, ST3220, ST3240, D3000, D3000FD, D3850, D3850FD, ST3820, ST3840<\/li>\n<\/ul>\n<p><strong>Noda<\/strong>:<\/p>\n<ul>\n<li>NR1301, 1501<\/li>\n<\/ul>\n<div class=\"short-description value\">\n<p><strong>Case:<br \/>\n<\/strong><\/p>\n<ul>\n<li>CX50<\/li>\n<\/ul>\n<p><strong>Case IH:<br \/>\n<\/strong><\/p>\n<ul>\n<li>234, 235, 244, 245, 254, 255, 265, 275, 1120, 1130, 1140<\/li>\n<\/ul>\n<p><strong>Farmtrac:<br \/>\n<\/strong><\/p>\n<ul>\n<li>300, 360<\/li>\n<\/ul>\n<p><strong>Kubota<\/strong><\/p>\n<ul>\n<li>B1-10, B1-14, B1-15, B1-16, B1-17<\/li>\n<li>B1200, B1400, B1402, B1500, B1502, B1550, B1550D, B1550E, B1550HST-D, B1550HST-E<\/li>\n<li>B1600, B1600DT, B1702, B1702DT, B1750, B1750D, B1750E, B1750HST-D, B1750HST-E<\/li>\n<li>B2150, B2150HST, B5000, B5001, B5100, B5200, B6100, B6200, B6200D, B6200E, B6200HST-D, B6200HST-E<\/li>\n<li>B7001, B7100, B7100HST-DT, B7200, B7200D, B7200E, B7200HST-D, B7200HST-E<\/li>\n<li>B8200, B8200D, B8200E, B8200HST-D, B8200HST-E<\/li>\n<li>B9200HST, B1400DT, B1402DT, B1402EDT, B1500DT, B1502DT, B1502E, B40<\/li>\n<li>KH35, KH41, KH61, KH-021, KH-021H, KH-024, KH-024H, KH050<\/li>\n<li>F2100, F210016271-21050<\/li>\n<li>GL4500, GL5500, GL6500<\/li>\n<li>RX245, RX275, RX2750<\/li>\n<li>KH-5, KH-8H-2, KH-18-2, KH-31, KH-35, KH-50, KH-012, KH-014<\/li>\n<li>AMX-3<\/li>\n<li>XB-1<\/li>\n<li>NX1000, RX700, 1600, 2000 E75-C\/C2<\/li>\n<li>NX2200, RX145AGU, 155AGU, 185AGZB400, 400C, 400-C2, 400-C3, Z600C, 600-C1, 620C<\/li>\n<li>RX2150<\/li>\n<li>Z600K1, 600KW-3, 620KW<\/li>\n<\/ul>\n<p><strong>Landtrac:<br \/>\n<\/strong><\/p>\n<ul>\n<li>300, 360<\/li>\n<\/ul>\n<p><strong>Mahindra:<br \/>\n<\/strong><\/p>\n<ul>\n<li>2015<\/li>\n<\/ul>\n<p><strong>Deutz-Fahr:<\/strong><\/p>\n<ul>\n<li>Agrokid 25A, Agrokid 25 A\/HST<\/li>\n<li>Agrokid 35 A, Agrokid 45 A<\/li>\n<\/ul>\n<p><strong>Zen Noh<\/strong><\/p>\n<ul>\n<li>ZB1-10, ZB1200, ZB1400, ZB1402, ZB1500, ZB1502<\/li>\n<li>ZB1600, ZB1702, ZB5000, ZB5001, ZB5200, ZB7001, ZB7100<\/li>\n<\/ul>\n<\/div>\n<h3><b>?  <\/b><\/h3>\n<h3><b>\u00bfPor qu\u00e9 esta ca\u00f1a superior?<\/b><\/h3>\n<p class=\"p3\">Este enlace superior aumenta la <span class=\"s2\"><b>estabilidad, el control y la seguridad del acoplamiento<\/b><\/span> de sus implementos. Ya sea que trabaje con una cortadora de c\u00e9sped, una cultivadora u otro accesorio, con este eslab\u00f3n superior tendr\u00e1 la garant\u00eda de confiabilidad. <\/p>\n<hr>\n<p class=\"p3\">? <span class=\"s2\"><b>Haz tu pedido hoy mismo<\/b><\/span> y saca m\u00e1s partido a tu minitractor con este tercer punto profesional.<\/p>\n","protected":false},"excerpt":{"rendered":"<p>Gato universal. 1 enlace superior para minitractores: resistente, fiable y de amplia aplicaci\u00f3n Mejora tu minitractor con este tercer punto de alta calidad, dise\u00f1ado espec\u00edficamente para un rendimiento \u00f3ptimo y un montaje sencillo. Apto para numerosos modelos de marcas conocidas. \u2705 Variantes disponibles GATO. 1 conexi\u00f3n \u2013 25,4 mm (1 pulgada) Longitud 310 \u2013 450&hellip;<\/p>\n","protected":false},"featured_media":152238,"comment_status":"open","ping_status":"closed","template":"","meta":[],"product_cat":[17630],"product_tag":[],"class_list":{"0":"post-106717","1":"product","2":"type-product","3":"status-publish","4":"has-post-thumbnail","6":"product_cat-conjunto-de-elevacion","7":"pa_merk-bolens-es","8":"pa_merk-captain-tractor-es","9":"pa_merk-case-es","10":"pa_merk-farmtrac-es","11":"pa_merk-gutbrod-es","12":"pa_merk-hinomoto-es","13":"pa_merk-iseki-es","14":"pa_merk-john-deere-es","15":"pa_merk-kioti-es","16":"pa_merk-kubota-es","17":"pa_merk-mitsubishi-es","18":"pa_merk-satoh-es","19":"pa_merk-shibaura-es","20":"pa_merk-suzue-es","21":"pa_merk-yanmar-es","22":"pa_merk-zen-noh-es","24":"first","25":"instock","26":"sale","27":"taxable","28":"shipping-taxable","29":"purchasable","30":"product-type-variable","31":"col-xs-6 col-sm-4","32":"col-md-3 col-lg-3","33":"un-4-cols"},"_links":{"self":[{"href":"https:\/\/shop4trac.com\/es\/wp-json\/wp\/v2\/product\/106717","targetHints":{"allow":["GET"]}}],"collection":[{"href":"https:\/\/shop4trac.com\/es\/wp-json\/wp\/v2\/product"}],"about":[{"href":"https:\/\/shop4trac.com\/es\/wp-json\/wp\/v2\/types\/product"}],"replies":[{"embeddable":true,"href":"https:\/\/shop4trac.com\/es\/wp-json\/wp\/v2\/comments?post=106717"}],"wp:featuredmedia":[{"embeddable":true,"href":"https:\/\/shop4trac.com\/es\/wp-json\/wp\/v2\/media\/152238"}],"wp:attachment":[{"href":"https:\/\/shop4trac.com\/es\/wp-json\/wp\/v2\/media?parent=106717"}],"wp:term":[{"taxonomy":"product_cat","embeddable":true,"href":"https:\/\/shop4trac.com\/es\/wp-json\/wp\/v2\/product_cat?post=106717"},{"taxonomy":"product_tag","embeddable":true,"href":"https:\/\/shop4trac.com\/es\/wp-json\/wp\/v2\/product_tag?post=106717"}],"curies":[{"name":"wp","href":"https:\/\/api.w.org\/{rel}","templated":true}]}}