{"id":106496,"date":"2024-05-02T14:40:33","date_gmt":"2024-05-02T13:40:33","guid":{"rendered":"https:\/\/shop4trac.com\/sin%20categor\u00eda\/conjunto-de-elevacion-juego-de-elevacion-de-3-puntos-16x600-kubota-b5000-b7001-yanmar-minitractor-shibaura\/"},"modified":"2026-03-05T17:52:39","modified_gmt":"2026-03-05T16:52:39","slug":"conjunto-de-elevacion-juego-de-elevacion-de-3-puntos-16x600-kubota-b5000-b7001-yanmar-minitractor-shibaura","status":"publish","type":"product","link":"https:\/\/shop4trac.com\/es\/otras-partes\/conjunto-de-elevacion\/conjunto-de-elevacion-juego-de-elevacion-de-3-puntos-16x600-kubota-b5000-b7001-yanmar-minitractor-shibaura\/","title":{"rendered":"enganche de tres puntos | Juego de elevaci\u00f3n de 3 puntos 16&#215;600 Kubota | B5000 \u2013 B7001 | yanmar | mini tractor shibaura"},"content":{"rendered":"<p><strong>\u00a1Complete su mini tractor con nuestro juego de elevaci\u00f3n Shop4trac!<\/strong><\/p>\n<p>Este juego de elevaci\u00f3n se puede utilizar en cualquier mini tractor Kubota. El juego tambi\u00e9n est\u00e1 disponible para otras marcas y modelos. <\/p>\n<p><strong>Datos t\u00e9cnicos<\/strong><\/p>\n<ul>\n<li>Brazos de elevaci\u00f3n de <span style=\"text-decoration: underline\">16 mm<\/span> de grosor, <strong>CAT 1.<\/strong> Pasadores de cojinete (puntos de montaje inferiores): 22,2 mm <\/li>\n<li>Brazos de elevaci\u00f3n de <span style=\"text-decoration: underline\">600 mm<\/span> de <span style=\"text-decoration: underline\">longitud<\/span><\/li>\n<li>Longitud de la varilla superior <span style=\"text-decoration: underline\">40,5 cm,<\/span> <strong>Cat 1.<\/strong> (19 mm)<\/li>\n<\/ul>\n<p>Optimice la potencia y la funcionalidad de su mini tractor con nuestro kit de elevaci\u00f3n de alta calidad, dise\u00f1ado para ser compatible con la mayor\u00eda de los tractores compactos de marcas como Kubota, Shibaura y Yanmar. Este juego incluso se puede hacer a medida para otros modelos. <\/p>\n<p><strong>El juego contiene:<\/strong><\/p>\n<ul>\n<li>2 brazos de elevaci\u00f3n (16&#215;600 mm)<\/li>\n<li>2 barras de elevaci\u00f3n, 1 de las cuales es ajustable (44,5 cm de longitud total) (conexi\u00f3n al tractor \u2013 Perno a trav\u00e9s del brazo de elevaci\u00f3n superior 13,75 mm \u2013 espacio superior 21,50 mm<\/li>\n<li>1 varilla superior de 40,5 mm de longitud, <strong>Cat 1.<\/strong> (19 mm)<\/li>\n<li>1 fijaci\u00f3n del eje a la parte inferior del tractor (ancho 47,5 mm)<\/li>\n<li>2 estabilizadores para fijar el ancho de los brazos de elevaci\u00f3n (longitud 27,5 mm)<\/li>\n<\/ul>\n<p>Nota: El soporte del tensor superior (para fijar el tensor superior al tractor) no est\u00e1 incluido, pero se puede pedir por separado.<\/p>\n<p><strong>\u00bfPor qu\u00e9 este juego de elevaci\u00f3n?<\/strong><\/p>\n<ul>\n<li><strong>Excelente compatibilidad:<\/strong> Se adapta a muchas marcas de tractores compactos y es personalizable.<\/li>\n<li><strong>Dise\u00f1o duradero:<\/strong> Construido para soportar un uso intensivo.<\/li>\n<li><strong>F\u00e1cil de instalar:<\/strong> Facilita la expansi\u00f3n de su mini tractor.<\/li>\n<\/ul>\n<p>\u00a1Haga que su mini tractor sea a\u00fan m\u00e1s vers\u00e1til y productivo hoy mismo con este completo kit de elevaci\u00f3n!<\/p>\n","protected":false},"excerpt":{"rendered":"<p>\u00a1Complete su mini tractor con nuestro juego de elevaci\u00f3n Shop4trac! Este juego de elevaci\u00f3n se puede utilizar en cualquier mini tractor Kubota. El juego tambi\u00e9n est\u00e1 disponible para otras marcas y modelos. Datos t\u00e9cnicos Brazos de elevaci\u00f3n de 16 mm de grosor, CAT 1. Pasadores de cojinete (puntos de montaje inferiores): 22,2 mm Brazos de&hellip;<\/p>\n","protected":false},"featured_media":194581,"comment_status":"open","ping_status":"closed","template":"","meta":[],"product_cat":[17630],"product_tag":[],"class_list":{"0":"post-106496","1":"product","2":"type-product","3":"status-publish","4":"has-post-thumbnail","6":"product_cat-conjunto-de-elevacion","8":"first","9":"instock","10":"sale","11":"featured","12":"taxable","13":"shipping-taxable","14":"purchasable","15":"product-type-simple","16":"col-xs-6 col-sm-4","17":"col-md-3 col-lg-3","18":"un-4-cols"},"_links":{"self":[{"href":"https:\/\/shop4trac.com\/es\/wp-json\/wp\/v2\/product\/106496","targetHints":{"allow":["GET"]}}],"collection":[{"href":"https:\/\/shop4trac.com\/es\/wp-json\/wp\/v2\/product"}],"about":[{"href":"https:\/\/shop4trac.com\/es\/wp-json\/wp\/v2\/types\/product"}],"replies":[{"embeddable":true,"href":"https:\/\/shop4trac.com\/es\/wp-json\/wp\/v2\/comments?post=106496"}],"wp:featuredmedia":[{"embeddable":true,"href":"https:\/\/shop4trac.com\/es\/wp-json\/wp\/v2\/media\/194581"}],"wp:attachment":[{"href":"https:\/\/shop4trac.com\/es\/wp-json\/wp\/v2\/media?parent=106496"}],"wp:term":[{"taxonomy":"product_cat","embeddable":true,"href":"https:\/\/shop4trac.com\/es\/wp-json\/wp\/v2\/product_cat?post=106496"},{"taxonomy":"product_tag","embeddable":true,"href":"https:\/\/shop4trac.com\/es\/wp-json\/wp\/v2\/product_tag?post=106496"}],"curies":[{"name":"wp","href":"https:\/\/api.w.org\/{rel}","templated":true}]}}