{"id":106477,"date":"2024-05-02T14:09:47","date_gmt":"2024-05-02T13:09:47","guid":{"rendered":"https:\/\/shop4trac.com\/sin%20categor\u00eda\/conjunto-de-elevacion-juego-de-elevacion-de-3-puntos-12x500-kubota-b5000-b7001-yanmar-minitractor-shibaura\/"},"modified":"2025-08-01T17:23:01","modified_gmt":"2025-08-01T15:23:01","slug":"conjunto-de-elevacion-juego-de-elevacion-de-3-puntos-12x500-kubota-b5000-b7001-yanmar-minitractor-shibaura","status":"publish","type":"product","link":"https:\/\/shop4trac.com\/es\/otras-partes\/conjunto-de-elevacion\/conjunto-de-elevacion-juego-de-elevacion-de-3-puntos-12x500-kubota-b5000-b7001-yanmar-minitractor-shibaura\/","title":{"rendered":"Enganche de tres puntos | Juego de elevaci\u00f3n de 3 puntos 12&#215;500 Kubota | B5000 \u2013 B7001 | Yanmar | Minitractor shibaura"},"content":{"rendered":"<p><strong>\u00a1Completa tu mini tractor con nuestro set de elevaci\u00f3n Shop4trac!<\/strong><\/p>\n<p>Este juego de elevaci\u00f3n se puede utilizar en cualquier minitractor Kubota. El set tambi\u00e9n est\u00e1 disponible para otras marcas y modelos.<\/p>\n<p><span style=\"text-decoration: underline\">A partir de neum\u00e1ticos traseros de 18 pulgadas, se recomienda utilizar listones de elevaci\u00f3n de 600 mm.<\/span><\/p>\n<p><strong>Datos t\u00e9cnicos<\/strong><\/p>\n<ul>\n<li>Brazos de elevaci\u00f3n <span style=\"text-decoration: underline\">de 12 mm<\/span> de espesor, <strong>CAT 1<\/strong> . Pasadores de rodamiento (puntos de montaje inferiores): 22,2 mm <\/li>\n<li>Brazos de elevaci\u00f3n <span style=\"text-decoration: underline\">de 500 mm<\/span> de longitud<\/li>\n<li>Longitud del eslab\u00f3n superior <span style=\"text-decoration: underline\">33,5 mm,<\/span> <strong>Cat 1.<\/strong> (19 mm)<\/li>\n<\/ul>\n<p>Optimice la potencia y la funcionalidad de su minitractor con nuestro kit de elevaci\u00f3n de alta calidad, dise\u00f1ado para ser compatible con la mayor\u00eda de los tractores compactos de marcas como Kubota, Shibaura y Yanmar. Este conjunto se puede incluso personalizar para otros modelos.<\/p>\n<p><strong>El conjunto contiene:<\/strong><\/p>\n<ul>\n<li>2 brazos de elevaci\u00f3n (12x500mm)<\/li>\n<li>2 barras de elevaci\u00f3n, 1 de las cuales es ajustable (44 cm de longitud total) (conexi\u00f3n al tractor \u2013 Perno a trav\u00e9s del brazo de elevaci\u00f3n por encima de 13,75 mm \u2013 espacio por encima de 21,50 mm)<\/li>\n<li>1 eslab\u00f3n superior de 33,5 mm de longitud.  <strong>Gato 1.<\/strong>  (19 mm)<\/li>\n<li>1 fijaci\u00f3n de eje a la parte inferior del tractor (ancho 47,5 mm)<\/li>\n<li>2 estabilizadores para asegurar el ancho de los brazos elevadores (longitud 27,5 mm)<\/li>\n<\/ul>\n<p>Tenga en cuenta: el soporte del brazo superior (para fijar el brazo superior al tractor) no est\u00e1 incluido, pero se puede pedir por separado.<\/p>\n<p><strong>\u00bfPor qu\u00e9 este set de elevaci\u00f3n?<\/strong><\/p>\n<ul>\n<li><strong>Excelente compatibilidad:<\/strong> se adapta a muchas marcas de tractores compactos y es personalizable.<\/li>\n<li><strong>Dise\u00f1o duradero:<\/strong> construido para soportar un uso intensivo.<\/li>\n<li><strong>F\u00e1cil de instalar:<\/strong> facilita la ampliaci\u00f3n de su mini tractor.<\/li>\n<\/ul>\n<p>\u00a1Haga que su minitractor sea a\u00fan m\u00e1s vers\u00e1til y productivo hoy con este completo kit de elevaci\u00f3n!<\/p>\n","protected":false},"excerpt":{"rendered":"<p>\u00a1Completa tu mini tractor con nuestro set de elevaci\u00f3n Shop4trac! Este juego de elevaci\u00f3n se puede utilizar en cualquier minitractor Kubota. El set tambi\u00e9n est\u00e1 disponible para otras marcas y modelos. A partir de neum\u00e1ticos traseros de 18 pulgadas, se recomienda utilizar listones de elevaci\u00f3n de 600 mm. Datos t\u00e9cnicos Brazos de elevaci\u00f3n de 12&hellip;<\/p>\n","protected":false},"featured_media":194902,"comment_status":"open","ping_status":"closed","template":"","meta":[],"product_cat":[17630],"product_tag":[],"class_list":{"0":"post-106477","1":"product","2":"type-product","3":"status-publish","4":"has-post-thumbnail","6":"product_cat-conjunto-de-elevacion","7":"pa_merk-kubota-es","8":"pa_merk-shibaura-es","9":"pa_merk-yanmar-es","10":"pa_merk-zen-noh-es","12":"first","13":"outofstock","14":"sale","15":"taxable","16":"shipping-taxable","17":"purchasable","18":"product-type-simple","19":"col-xs-6 col-sm-4","20":"col-md-3 col-lg-3","21":"un-4-cols"},"_links":{"self":[{"href":"https:\/\/shop4trac.com\/es\/wp-json\/wp\/v2\/product\/106477","targetHints":{"allow":["GET"]}}],"collection":[{"href":"https:\/\/shop4trac.com\/es\/wp-json\/wp\/v2\/product"}],"about":[{"href":"https:\/\/shop4trac.com\/es\/wp-json\/wp\/v2\/types\/product"}],"replies":[{"embeddable":true,"href":"https:\/\/shop4trac.com\/es\/wp-json\/wp\/v2\/comments?post=106477"}],"wp:featuredmedia":[{"embeddable":true,"href":"https:\/\/shop4trac.com\/es\/wp-json\/wp\/v2\/media\/194902"}],"wp:attachment":[{"href":"https:\/\/shop4trac.com\/es\/wp-json\/wp\/v2\/media?parent=106477"}],"wp:term":[{"taxonomy":"product_cat","embeddable":true,"href":"https:\/\/shop4trac.com\/es\/wp-json\/wp\/v2\/product_cat?post=106477"},{"taxonomy":"product_tag","embeddable":true,"href":"https:\/\/shop4trac.com\/es\/wp-json\/wp\/v2\/product_tag?post=106477"}],"curies":[{"name":"wp","href":"https:\/\/api.w.org\/{rel}","templated":true}]}}