{"id":106403,"date":"2024-05-01T16:06:40","date_gmt":"2024-05-01T15:06:40","guid":{"rendered":"https:\/\/shop4trac.com\/sin%20categor\u00eda\/barra-de-tiro-barra-de-remolque-enganche-de-remolque-de-tres-puntos-dolar-de-tres-puntos\/"},"modified":"2026-03-07T16:42:49","modified_gmt":"2026-03-07T15:42:49","slug":"barra-de-tiro-barra-de-remolque-enganche-de-remolque-de-tres-puntos-dolar-de-tres-puntos","status":"publish","type":"product","link":"https:\/\/shop4trac.com\/es\/otras-partes\/conjunto-de-elevacion\/barra-de-tiro-barra-de-remolque-enganche-de-remolque-de-tres-puntos-dolar-de-tres-puntos\/","title":{"rendered":"Barra de tiro | Barra de remolque | Enganche de remolque de tres puntos | D\u00f3lar de tres puntos"},"content":{"rendered":"<p><strong>Soporte de enganche de remolque CAT1. \u00a1Para tu minitractor!<\/strong><\/p>\n<p>Optimice el uso de su minitractor con nuestra barra de remolque de alta calidad. Este robusto accesorio est\u00e1 dise\u00f1ado para un f\u00e1cil montaje en el elevador trasero y es adecuado para todo tipo de remolques, incluidos los volquetes.<\/p>\n<ul>\n<li>Iseki<\/li>\n<li>Kubota<\/li>\n<li>Yanmar<\/li>\n<li>Shibaura<\/li>\n<li>Satoh<\/li>\n<li>Sol\u00eds<\/li>\n<li>Suzue<\/li>\n<li>Hinomoto<\/li>\n<li>Mitsubishi<\/li>\n<li>Komatsu<\/li>\n<li>Hitachi<\/li>\n<li>Kobelco<\/li>\n<\/ul>\n<p><strong>\u00bfPor qu\u00e9 elegir nuestra barra de remolque?<\/strong><\/p>\n<ul>\n<li><strong>Vers\u00e1til:<\/strong> Adecuado para varios remolques, como volquetes y m\u00e1s.<\/li>\n<li><strong>F\u00e1cil instalaci\u00f3n:<\/strong> Instalaci\u00f3n r\u00e1pida y sin esfuerzo en el elevador trasero de su mini tractor.<\/li>\n<li><strong>Duradero:<\/strong> Fabricado con materiales de alta calidad que garantizan una larga vida \u00fatil, incluso con un uso intensivo.<\/li>\n<li><strong>Eficiencia mejorada:<\/strong> Hace que tu mini tractor sea m\u00e1s vers\u00e1til y aumenta sus posibilidades de aplicaci\u00f3n.<\/li>\n<\/ul>\n<p><span style=\"text-decoration: underline\">\u00a1Naturalmente, los pasadores, la barra de remolque y otras piezas est\u00e1n incluidas como se muestra en la foto! Incluyendo as\u00ed todos los productos de la foto.<\/span><\/p>\n<p>&nbsp;<\/p>\n","protected":false},"excerpt":{"rendered":"<p>Soporte de enganche de remolque CAT1. \u00a1Para tu minitractor! Optimice el uso de su minitractor con nuestra barra de remolque de alta calidad. Este robusto accesorio est\u00e1 dise\u00f1ado para un f\u00e1cil montaje en el elevador trasero y es adecuado para todo tipo de remolques, incluidos los volquetes. Iseki Kubota Yanmar Shibaura Satoh Sol\u00eds Suzue Hinomoto&hellip;<\/p>\n","protected":false},"featured_media":191078,"comment_status":"open","ping_status":"closed","template":"","meta":[],"product_cat":[17630],"product_tag":[],"class_list":{"0":"post-106403","1":"product","2":"type-product","3":"status-publish","4":"has-post-thumbnail","6":"product_cat-conjunto-de-elevacion","7":"pa_merk-bolens-es","8":"pa_merk-hinomoto-es","9":"pa_merk-iseki-es","10":"pa_merk-kubota-es","11":"pa_merk-satoh-es","12":"pa_merk-shibaura-es","13":"pa_merk-solis-es","14":"pa_merk-suzue-es","15":"pa_merk-yanmar-es","16":"pa_merk-zen-noh-es","18":"first","19":"instock","20":"sale","21":"featured","22":"taxable","23":"shipping-taxable","24":"purchasable","25":"product-type-simple","26":"col-xs-6 col-sm-4","27":"col-md-3 col-lg-3","28":"un-4-cols"},"_links":{"self":[{"href":"https:\/\/shop4trac.com\/es\/wp-json\/wp\/v2\/product\/106403","targetHints":{"allow":["GET"]}}],"collection":[{"href":"https:\/\/shop4trac.com\/es\/wp-json\/wp\/v2\/product"}],"about":[{"href":"https:\/\/shop4trac.com\/es\/wp-json\/wp\/v2\/types\/product"}],"replies":[{"embeddable":true,"href":"https:\/\/shop4trac.com\/es\/wp-json\/wp\/v2\/comments?post=106403"}],"wp:featuredmedia":[{"embeddable":true,"href":"https:\/\/shop4trac.com\/es\/wp-json\/wp\/v2\/media\/191078"}],"wp:attachment":[{"href":"https:\/\/shop4trac.com\/es\/wp-json\/wp\/v2\/media?parent=106403"}],"wp:term":[{"taxonomy":"product_cat","embeddable":true,"href":"https:\/\/shop4trac.com\/es\/wp-json\/wp\/v2\/product_cat?post=106403"},{"taxonomy":"product_tag","embeddable":true,"href":"https:\/\/shop4trac.com\/es\/wp-json\/wp\/v2\/product_tag?post=106403"}],"curies":[{"name":"wp","href":"https:\/\/api.w.org\/{rel}","templated":true}]}}