{"id":106344,"date":"2024-05-01T01:05:20","date_gmt":"2024-05-01T00:05:20","guid":{"rendered":"https:\/\/shop4trac.com\/sin%20categor\u00eda\/agua-de-refrigeracion-refrigerante-para-cada-minitractor-40-grados\/"},"modified":"2026-03-01T18:52:27","modified_gmt":"2026-03-01T17:52:27","slug":"agua-de-refrigeracion-refrigerante-para-cada-minitractor-40-grados","status":"publish","type":"product","link":"https:\/\/shop4trac.com\/es\/aceite\/agua-de-refrigeracion\/agua-de-refrigeracion-refrigerante-para-cada-minitractor-40-grados\/","title":{"rendered":"Agua de refrigeraci\u00f3n \u2013 L\u00edquido refrigerante para cada mini tractor | -40 grados"},"content":{"rendered":"<p>Si est\u00e1 buscando refrigerante para su tractor o m\u00e1quina, este L\u00edquido refrigerante en <strong><span style=\"text-decoration: underline\">envase de 5 litros<\/span><\/strong> es una excelente opci\u00f3n.<\/p>\n<p>Mucha gente olvida que reemplazar el agua de refrigeraci\u00f3n a tiempo previene la corrosi\u00f3n en el motor. Tambi\u00e9n es importante utilizar el agua de refrigeraci\u00f3n adecuada, por ejemplo, para la junta de culata. <\/p>\n<p>La mayor\u00eda de los veh\u00edculos requieren aproximadamente de 5 a 10 litros de agua de refrigeraci\u00f3n, seg\u00fan el modelo y el tipo de motor.<\/p>\n<p><span style=\"text-decoration: underline\">Indicaci\u00f3n de cantidad de agua de refrigeraci\u00f3n.<\/span><\/p>\n<ul>\n<li>Kubota B5000-B7001-B6100-B7100 <strong>| 4,6 litros de agua de refrigeraci\u00f3n<\/strong><\/li>\n<li>Kubota B1620D <strong>| 3,2 litros de agua de refrigeraci\u00f3n<\/strong><\/li>\n<li>Iseki TA 207 \u2013 TA530F <strong>| 7 litros de agua de refrigeraci\u00f3n<\/strong><\/li>\n<li>Iseki TF321 | <strong>5 litros de agua de refrigeraci\u00f3n<\/strong><\/li>\n<li>Iseki TX1000 \u2013 TX1510 | TX144 \u2013 TX155 | TX2140 \u2013 TX2160F | <strong>4,8 litros de agua de refrigeraci\u00f3n<\/strong><\/li>\n<li>Sol\u00eds 26 | <strong>2,5 litros de agua de refrigeraci\u00f3n<\/strong><\/li>\n<\/ul>\n<p>Es adecuado para varias marcas y tipos, incluyendo:<\/p>\n<ul>\n<li>Iseki<\/li>\n<li>Kubota<\/li>\n<li>Yanmar<\/li>\n<li>shibaura<\/li>\n<li>Satoh<\/li>\n<li>Sol\u00eds<\/li>\n<li>Suzue<\/li>\n<li>Hinomoto<\/li>\n<li>mitsubishi<\/li>\n<li>Komatsu<\/li>\n<li>Hitachi<\/li>\n<li>Kobelco<\/li>\n<\/ul>\n<p>Esta agua de refrigeraci\u00f3n es compatible con las siguientes especificaciones:<\/p>\n<ul>\n<li>Anticongelante hasta -40\u00b0C<\/li>\n<li>Protecci\u00f3n contra el \u00f3xido y la corrosi\u00f3n.<\/li>\n<li>Transferencia de calor efectiva<\/li>\n<li>Previene los dep\u00f3sitos de cal<\/li>\n<li>Composici\u00f3n respetuosa con el medio ambiente<\/li>\n<\/ul>\n<p>Adem\u00e1s, esta agua refrescante se encuentra en una pr\u00e1ctica botella de 5 litros, lo que facilita su recarga o sustituci\u00f3n.<\/p>\n<p>Usar el agua de refrigeraci\u00f3n adecuada es esencial para mantener la temperatura \u00f3ptima del motor y evitar el sobrecalentamiento. La revisi\u00f3n y el reemplazo regulares del agua de refrigeraci\u00f3n garantizan que su motor contin\u00fae funcionando de manera eficiente y ayuda a evitar reparaciones costosas. <\/p>\n","protected":false},"excerpt":{"rendered":"<p>Si est\u00e1 buscando refrigerante para su tractor o m\u00e1quina, este L\u00edquido refrigerante en envase de 5 litros es una excelente opci\u00f3n. Mucha gente olvida que reemplazar el agua de refrigeraci\u00f3n a tiempo previene la corrosi\u00f3n en el motor. Tambi\u00e9n es importante utilizar el agua de refrigeraci\u00f3n adecuada, por ejemplo, para la junta de culata. La&hellip;<\/p>\n","protected":false},"featured_media":179063,"comment_status":"open","ping_status":"closed","template":"","meta":[],"product_cat":[19230],"product_tag":[],"class_list":{"0":"post-106344","1":"product","2":"type-product","3":"status-publish","4":"has-post-thumbnail","6":"product_cat-agua-de-refrigeracion","7":"pa_merk-bobcat-es","8":"pa_merk-hinomoto-es","9":"pa_merk-hitachi-es","10":"pa_merk-iseki-es","11":"pa_merk-john-deere-es","12":"pa_merk-kobelco-es","13":"pa_merk-komatsu-es","14":"pa_merk-kubota-es","15":"pa_merk-massey-ferguson-es","16":"pa_merk-satoh-es","17":"pa_merk-shibaura-es","18":"pa_merk-solis-es","19":"pa_merk-suzue-es","20":"pa_merk-weidemann-es","21":"pa_merk-yanmar-es","22":"pa_merk-zen-noh-es","24":"first","25":"instock","26":"sale","27":"taxable","28":"shipping-taxable","29":"purchasable","30":"product-type-simple","31":"col-xs-6 col-sm-4","32":"col-md-3 col-lg-3","33":"un-4-cols"},"_links":{"self":[{"href":"https:\/\/shop4trac.com\/es\/wp-json\/wp\/v2\/product\/106344","targetHints":{"allow":["GET"]}}],"collection":[{"href":"https:\/\/shop4trac.com\/es\/wp-json\/wp\/v2\/product"}],"about":[{"href":"https:\/\/shop4trac.com\/es\/wp-json\/wp\/v2\/types\/product"}],"replies":[{"embeddable":true,"href":"https:\/\/shop4trac.com\/es\/wp-json\/wp\/v2\/comments?post=106344"}],"wp:featuredmedia":[{"embeddable":true,"href":"https:\/\/shop4trac.com\/es\/wp-json\/wp\/v2\/media\/179063"}],"wp:attachment":[{"href":"https:\/\/shop4trac.com\/es\/wp-json\/wp\/v2\/media?parent=106344"}],"wp:term":[{"taxonomy":"product_cat","embeddable":true,"href":"https:\/\/shop4trac.com\/es\/wp-json\/wp\/v2\/product_cat?post=106344"},{"taxonomy":"product_tag","embeddable":true,"href":"https:\/\/shop4trac.com\/es\/wp-json\/wp\/v2\/product_tag?post=106344"}],"curies":[{"name":"wp","href":"https:\/\/api.w.org\/{rel}","templated":true}]}}