{"id":105327,"date":"2024-04-16T18:11:00","date_gmt":"2024-04-16T17:11:00","guid":{"rendered":"https:\/\/shop4trac.com\/sin%20categor\u00eda\/bujia-de-precalentamiento-yanmar-3tnv88-4tnv88-copa-cadete-landini-tym-kobelco\/"},"modified":"2026-02-22T16:06:13","modified_gmt":"2026-02-22T15:06:13","slug":"bujia-de-precalentamiento-yanmar-3tnv88-4tnv88-copa-cadete-landini-tym-kobelco","status":"publish","type":"product","link":"https:\/\/shop4trac.com\/es\/partes-de-motor\/bujia-precalentamiento-calentador\/bujia-de-precalentamiento-yanmar-3tnv88-4tnv88-copa-cadete-landini-tym-kobelco\/","title":{"rendered":"Buj\u00eda de precalentamiento Yanmar 3TNV88 | 4TNV88 \u2013 Copa cadete | Landini | TYM | Kobelco"},"content":{"rendered":"<p>Esta buj\u00eda incandescente es de alta calidad. Los modelos compatibles fueron seleccionados con gran precisi\u00f3n:<\/p>\n<p><strong>Datos t\u00e9cnicos<\/strong><\/p>\n<ul>\n<li>Longitud total: 110 mm<\/li>\n<\/ul>\n<p><strong>motor yanmar<\/strong><\/p>\n<ul>\n<li>3TNV88, 4TNV88,<\/li>\n<li>3TNV82A-BPTB, 3TNV88-BPTB2, 4TNV88-BPTB<\/li>\n<li>4TNV88-BDAW, 4TNV88-BDSA, 4TNV88-BPNKR, 4TNV88-BPTB, 4TNV88-BDAW, 4TNV88-BPNS, 4TNV88-BXPYBD, 4TNV88-DSA, 4TNV88-DSAP, 4TNV88-GGEH, 4TNV88-GGEH, 8-GGEP, 4TNV88- GKM, 4TNV88-GYM, 4TNV88-LU2, 4TNV88-NBK, 4TNV88-PTBZ1, 4TNV88-QTB<\/li>\n<li>4TNV88-XMS, 4TNV88-XWL, 4TNV88-N5FA, 4TNV88-K5FD, 4TNV88-BPHB<\/li>\n<li>\n<div class=\"page\" title=\"P\u00e1gina 8\">\n<div class=\"section\">\n<div class=\"layoutArea\">\n<div class=\"column\">\n<p>3TNV88-BPTS<\/p>\n<\/div>\n<\/div>\n<\/div>\n<\/div>\n<\/li>\n<\/ul>\n<p><strong>Cub Cadet <\/strong><\/p>\n<ul>\n<li>S6032-D, S7232-D<\/li>\n<\/ul>\n<p><strong>Landini<\/strong><\/p>\n<ul>\n<li>4645 BRAZO, 4645 ISM, 4645 VRM, Mistral 40<\/li>\n<\/ul>\n<p><strong>McCormick<\/strong><\/p>\n<ul>\n<li>4645 BRAZO, 4645 ISM, 4645 VRM<\/li>\n<\/ul>\n<p><strong>Rey Rural (RK)<\/strong><\/p>\n<ul>\n<li>RK37 H, RK37 HC, RK37 S, RK37 SC<\/li>\n<\/ul>\n<p><strong>TYM<\/strong><\/p>\n<ul>\n<li>T394 HST, T394 NC\/ST<\/li>\n<\/ul>\n<p><strong>Valpadana<\/strong><\/p>\n<ul>\n<li>1540 T3, 4545 ISM, 4545 VRM, 4645 BRAZO, 4645 ISM, 4645 VRM<\/li>\n<\/ul>\n<p><strong>Yanmar<\/strong><\/p>\n<ul>\n<li>EF-352T, EF-393T<\/li>\n<\/ul>\n<p><strong>Ammann<\/strong><\/p>\n<ul>\n<li>AV 23 K, AV 23, AV 23-2 K, AV 23-2, AV 26 K, AV 26, AV 26-2 K, AV 26-2, AV 32 K, AV 32, AV 32-2 K, AV 32-2, AV 33 K, AV 33, AV 33-2 K, AV 33-2, AV 40 K, AV 40, AV 40-2 K, AV 40-2<\/li>\n<\/ul>\n<p><strong>Caso<\/strong><\/p>\n<ul>\n<li>CX31B serie 2, CX31B ZTS, CX36B serie 2, CX36B ZTS<\/li>\n<\/ul>\n<p><strong>bruja de la zanja<\/strong><\/p>\n<ul>\n<li>SK850<\/li>\n<\/ul>\n<p><strong>Doosan (Daewoo)<\/strong><\/p>\n<ul>\n<li>DX35z<\/li>\n<\/ul>\n<p><strong>Fuchs<\/strong><\/p>\n<ul>\n<li>F1000, F1100, F1200, F1200L, F900, F950H<\/li>\n<\/ul>\n<p><strong>Gehl<\/strong><\/p>\n<ul>\n<li>1448 Plus, Z35 Gen2, Z35, SL-3640E, SL-3840E, AL-240, AL-340<\/li>\n<\/ul>\n<p><strong>Hako\/Multicar<\/strong><\/p>\n<ul>\n<li>Maestro de ciudad 600 (1470)<\/li>\n<\/ul>\n<p><strong>Hitachi Zaxis\/ZX<\/strong><\/p>\n<ul>\n<li>27U-2, 30U-2, 30U-5N, 35U-2, 35U-5N, 50U-5N, 60USB-5N<\/li>\n<\/ul>\n<p><strong>hyundai<\/strong><\/p>\n<ul>\n<li>R35Z-7, R35Z-7A, R35Z-9, R35Z-9A<\/li>\n<\/ul>\n<p><strong>IHI<\/strong><\/p>\n<ul>\n<li>30V4, 35N3, 35V4<\/li>\n<\/ul>\n<p><strong>Kobelco<\/strong><\/p>\n<ul>\n<li>SK35SR-5<\/li>\n<li>CX50, CX55B, Z76RP, Z84, Z85, YEG230DSLC, YEG230DSLS, YEG230DTLC, YEG230DTLS, AR50, VIO45-5B<\/li>\n<\/ul>\n<p><strong>Kramer<\/strong><\/p>\n<ul>\n<li>180, 350, 5035, KL10, KL10.5, KL12, KL12.5<\/li>\n<\/ul>\n<p><strong>Maeda<\/strong><\/p>\n<ul>\n<li>LC-383B, LC-383M-5B, MC-405C<\/li>\n<\/ul>\n<p><strong>Menzi Muck<\/strong><\/p>\n<ul>\n<li>Menzi IHI 30v4, Menzi IHI 35n3, Menzi IHI 35v4<\/li>\n<\/ul>\n<p><strong>Mustang<\/strong><\/p>\n<ul>\n<li>AL-206, AL-306, 350Z NXT2, 350Z<\/li>\n<\/ul>\n<p><strong>Takeuchi<\/strong><\/p>\n<ul>\n<li>TB235<\/li>\n<\/ul>\n<p><strong>OEM para referencia<\/strong><\/p>\n<ul>\n<li>129008-77800<\/li>\n<li>270951 \u2013 Minicargadora Mustang<\/li>\n<\/ul>\n","protected":false},"excerpt":{"rendered":"<p>Esta buj\u00eda incandescente es de alta calidad. Los modelos compatibles fueron seleccionados con gran precisi\u00f3n: Datos t\u00e9cnicos Longitud total: 110 mm motor yanmar 3TNV88, 4TNV88, 3TNV82A-BPTB, 3TNV88-BPTB2, 4TNV88-BPTB 4TNV88-BDAW, 4TNV88-BDSA, 4TNV88-BPNKR, 4TNV88-BPTB, 4TNV88-BDAW, 4TNV88-BPNS, 4TNV88-BXPYBD, 4TNV88-DSA, 4TNV88-DSAP, 4TNV88-GGEH, 4TNV88-GGEH, 8-GGEP, 4TNV88- GKM, 4TNV88-GYM, 4TNV88-LU2, 4TNV88-NBK, 4TNV88-PTBZ1, 4TNV88-QTB 4TNV88-XMS, 4TNV88-XWL, 4TNV88-N5FA, 4TNV88-K5FD, 4TNV88-BPHB 3TNV88-BPTS Cub Cadet&hellip;<\/p>\n","protected":false},"featured_media":105324,"comment_status":"open","ping_status":"closed","template":"","meta":[],"product_cat":[499],"product_tag":[],"class_list":{"0":"post-105327","1":"product","2":"type-product","3":"status-publish","4":"has-post-thumbnail","6":"product_cat-bujia-precalentamiento-calentador","7":"pa_merk-case-es","8":"pa_merk-cup-cadet-es","9":"pa_merk-doosan-es","10":"pa_merk-hyundai-es","11":"pa_merk-kobelco-es","12":"pa_merk-landini-es","13":"pa_merk-takeuchi-es","14":"pa_merk-tym-es","15":"pa_merk-yanmar-es","16":"pa_motor-3tnv88-es","17":"pa_motor-4tnv88-es","19":"first","20":"instock","21":"sale","22":"taxable","23":"shipping-taxable","24":"purchasable","25":"product-type-simple","26":"col-xs-6 col-sm-4","27":"col-md-3 col-lg-3","28":"un-4-cols"},"_links":{"self":[{"href":"https:\/\/shop4trac.com\/es\/wp-json\/wp\/v2\/product\/105327","targetHints":{"allow":["GET"]}}],"collection":[{"href":"https:\/\/shop4trac.com\/es\/wp-json\/wp\/v2\/product"}],"about":[{"href":"https:\/\/shop4trac.com\/es\/wp-json\/wp\/v2\/types\/product"}],"replies":[{"embeddable":true,"href":"https:\/\/shop4trac.com\/es\/wp-json\/wp\/v2\/comments?post=105327"}],"wp:featuredmedia":[{"embeddable":true,"href":"https:\/\/shop4trac.com\/es\/wp-json\/wp\/v2\/media\/105324"}],"wp:attachment":[{"href":"https:\/\/shop4trac.com\/es\/wp-json\/wp\/v2\/media?parent=105327"}],"wp:term":[{"taxonomy":"product_cat","embeddable":true,"href":"https:\/\/shop4trac.com\/es\/wp-json\/wp\/v2\/product_cat?post=105327"},{"taxonomy":"product_tag","embeddable":true,"href":"https:\/\/shop4trac.com\/es\/wp-json\/wp\/v2\/product_tag?post=105327"}],"curies":[{"name":"wp","href":"https:\/\/api.w.org\/{rel}","templated":true}]}}