{"id":100445,"date":"2024-02-26T12:34:58","date_gmt":"2024-02-26T11:48:20","guid":{"rendered":"https:\/\/shop4trac.com\/sin%20categor\u00eda\/kit-de-revision-del-motor-kubota-d902\/"},"modified":"2025-12-18T11:45:16","modified_gmt":"2025-12-18T09:45:16","slug":"kit-de-revision-del-motor-kubota-d902","status":"publish","type":"product","link":"https:\/\/shop4trac.com\/es\/partes-de-motor\/kit-de-reparacion-de-motores\/kit-de-revision-del-motor-kubota-d902\/","title":{"rendered":"Kit de revisi\u00f3n del motor Kubota D902"},"content":{"rendered":"<p>El conjunto de revisi\u00f3n | El kit de reparaci\u00f3n consta de:<\/p>\n<ul>\n<li>Paquete completo con juntas para; <strong>junta de cabeza<\/strong> (juego), <strong>cojinete del cig\u00fce\u00f1al<\/strong> , <strong>sellos de v\u00e1stago de v\u00e1lvula<\/strong> , <strong>juntas de escape<\/strong> , <strong>juntas de entrada<\/strong> , <strong>sellos<\/strong> y <strong>otras<\/strong> <strong>juntas<\/strong> como en la foto.<\/li>\n<li>3 <strong>pistones<\/strong> completos + <strong>anillos de pist\u00f3n<\/strong><\/li>\n<li>Kit general de cojinetes que incluye: <strong>cojinetes de biela<\/strong>, <strong>cojinetes de bancada<\/strong>, <strong>cojinete<\/strong> <strong>axial<\/strong> (arandela de empuje) y <strong>gu\u00edas de v\u00e1lvula<\/strong>.<\/li>\n<li>Di\u00e1metro: 72 mm<\/li>\n<\/ul>\n<p>Apto para los siguientes modelos:<\/p>\n<p><strong>Kubota  <\/strong><\/p>\n<ul>\n<li>Excavadora KX41-3, KX018-4, KX019-04, KX41-3<\/li>\n<li>RTV900, RTV900G, RTV900G9, RTV900R<\/li>\n<li>ZD323<\/li>\n<li>BX25, BX24, BX2360, BX2350, BX2230D, BX2230<\/li>\n<\/ul>\n<p><strong>Ausa<\/strong><\/p>\n<ul>\n<li>D150RM 4X2, D150RM 4X4, D150RMA 4X2, D150RMA 4X4, D150RMG 4X2, D150RMG 4X4, D175RMS 4X2, D175RMS 4X4<\/li>\n<\/ul>\n<p><strong>Avant<\/strong><\/p>\n<ul>\n<li>423, 523<\/li>\n<\/ul>\n<p><strong>Bobcat<\/strong><\/p>\n<ul>\n<li>MT55<\/li>\n<\/ul>\n<p><strong>Gigante<\/strong><\/p>\n<ul>\n<li>D202S, D254SW, D254SW Tele.<\/li>\n<\/ul>\n<p><strong>hyundai<\/strong><\/p>\n<ul>\n<li>R17Z-9A. Kubota: RTV-900XT, RTV-X900.<\/li>\n<\/ul>\n<p><strong>Sch\u00e4ffer<\/strong><\/p>\n<ul>\n<li>2020S.<\/li>\n<\/ul>\n<p><strong>Vimek<\/strong><\/p>\n<ul>\n<li>608, 608.2.<\/li>\n<\/ul>\n<p><strong>Wacker Neuson<\/strong><\/p>\n<ul>\n<li>DT15.<\/li>\n<\/ul>\n<p><strong>Armada beta<\/strong><\/p>\n<ul>\n<li>Beta 25<\/li>\n<\/ul>\n<p><strong>Toro<\/strong><\/p>\n<ul>\n<li>TX525<\/li>\n<\/ul>\n<p><strong>Motor Kubota<\/strong><\/p>\n<ul>\n<li>D902, D902EBH<\/li>\n<\/ul>\n<p><strong>OEM de referencia<\/strong><\/p>\n<ul>\n<li>1G962-03313<\/li>\n<li>1J091-21110<\/li>\n<li>1J091-21050<\/li>\n<li>16851-21982<\/li>\n<li>15861-22314<\/li>\n<li>1G460-23922<\/li>\n<li>16871-21310<\/li>\n<\/ul>\n","protected":false},"excerpt":{"rendered":"<p>El conjunto de revisi\u00f3n | El kit de reparaci\u00f3n consta de: Paquete completo con juntas para; junta de cabeza (juego), cojinete del cig\u00fce\u00f1al , sellos de v\u00e1stago de v\u00e1lvula , juntas de escape , juntas de entrada , sellos y otras juntas como en la foto. 3 pistones completos + anillos de pist\u00f3n Kit general&hellip;<\/p>\n","protected":false},"featured_media":100421,"comment_status":"open","ping_status":"open","template":"","meta":[],"product_cat":[504],"product_tag":[],"class_list":{"0":"post-100445","1":"product","2":"type-product","3":"status-publish","4":"has-post-thumbnail","6":"product_cat-kit-de-reparacion-de-motores","7":"pa_merk-kubota-es","8":"pa_motor-d902-es","10":"first","11":"instock","12":"sale","13":"taxable","14":"shipping-taxable","15":"purchasable","16":"product-type-variable","17":"col-xs-6 col-sm-4","18":"col-md-3 col-lg-3","19":"un-4-cols"},"_links":{"self":[{"href":"https:\/\/shop4trac.com\/es\/wp-json\/wp\/v2\/product\/100445","targetHints":{"allow":["GET"]}}],"collection":[{"href":"https:\/\/shop4trac.com\/es\/wp-json\/wp\/v2\/product"}],"about":[{"href":"https:\/\/shop4trac.com\/es\/wp-json\/wp\/v2\/types\/product"}],"replies":[{"embeddable":true,"href":"https:\/\/shop4trac.com\/es\/wp-json\/wp\/v2\/comments?post=100445"}],"wp:featuredmedia":[{"embeddable":true,"href":"https:\/\/shop4trac.com\/es\/wp-json\/wp\/v2\/media\/100421"}],"wp:attachment":[{"href":"https:\/\/shop4trac.com\/es\/wp-json\/wp\/v2\/media?parent=100445"}],"wp:term":[{"taxonomy":"product_cat","embeddable":true,"href":"https:\/\/shop4trac.com\/es\/wp-json\/wp\/v2\/product_cat?post=100445"},{"taxonomy":"product_tag","embeddable":true,"href":"https:\/\/shop4trac.com\/es\/wp-json\/wp\/v2\/product_tag?post=100445"}],"curies":[{"name":"wp","href":"https:\/\/api.w.org\/{rel}","templated":true}]}}