{"id":20580,"date":"2020-04-10T18:46:10","date_gmt":"2020-04-10T17:46:10","guid":{"rendered":"https:\/\/shop4trac.com\/privacy-policy\/"},"modified":"2023-11-29T15:30:13","modified_gmt":"2023-11-29T14:30:13","slug":"privacy-policy","status":"publish","type":"page","link":"https:\/\/shop4trac.com\/es\/privacy-policy\/","title":{"rendered":"Pol\u00edtica de privacidad"},"content":{"rendered":"&#13;\n<p>Shop4Trac\u00a0respecteert de privacy van alle gebruikers van haar site en draagt er zorg voor dat de persoonlijke informatie die u ons verschaft vertrouwelijk wordt behandeld.\u00a0<br\/>Wij gebruiken uw gegevens om de bestellingen zo snel en gemakkelijk mogelijk te laten verlopen.\u00a0<br\/>Voor het overige zullen wij deze gegevens uitsluitend gebruiken met uw toestemming.\u00a0<br\/>Shop4Trac zal uw persoonlijke gegevens niet aan derden verkopen en zal deze uitsluitend aan derden ter beschikking stellen die zijn betrokken bij het uitvoeren van uw bestelling.<\/p>&#13;\n&#13;\n<p>Shop4Trac utiliza los datos recogidos para ofrecer a sus clientes los siguientes servicios:  <br\/>\u25a0 Si realiza un pedido, necesitamos su nombre, direcci\u00f3n de correo electr\u00f3nico, direcci\u00f3n de entrega y datos de pago para llevar a cabo su pedido y mantenerle informado de su progreso.  <br\/>\u25a0 Para que comprar en Shop4Trac sea lo m\u00e1s agradable posible, almacenamos con su consentimiento su informaci\u00f3n personal y los detalles de su pedido y del uso de nuestros servicios. Esto nos permite personalizar el sitio web.  <br\/>\u25a0 Utilizamos su direcci\u00f3n de correo electr\u00f3nico para informarle sobre el desarrollo del sitio web y sobre ofertas y promociones especiales. Si ya no le interesa, puede darse de baja en nuestro sitio web.  <br\/>\u25a0 Si realiza un pedido con Shop4Trac, almacenamos sus datos en un Servidor Seguro, si es necesario. Puede proporcionar un nombre de usuario y una contrase\u00f1a para que su nombre y direcci\u00f3n, n\u00famero de tel\u00e9fono, direcci\u00f3n de correo electr\u00f3nico y datos de entrega y pago, para que no tenga que introducirlos en cada nuevo pedido.  <br\/>\u25a0 Los datos sobre el uso de nuestro sitio y los comentarios que recibimos de nuestros visitantes nos ayudan a seguir desarroll\u00e1ndolo y mejor\u00e1ndolo.  <br\/>\u25a0 Si decide escribir una rese\u00f1a, puede elegir si desea a\u00f1adir su nombre u otros datos personales. Nos interesan las opiniones de nuestros visitantes, pero nos reservamos el derecho de no publicar las contribuciones que no cumplan las condiciones de nuestro sitio.  <br\/>\u25a0 Si responde a una promoci\u00f3n o concurso, le pedimos su nombre, direcci\u00f3n y direcci\u00f3n de correo electr\u00f3nico. Utilizamos estos datos para llevar a cabo la promoci\u00f3n, anunciar el ganador o ganadores del premio y medir la respuesta a nuestras campa\u00f1as de marketing. Shop4Trac no vende tus datos. Shop4Trac no vender\u00e1 sus datos personales a terceros y s\u00f3lo los pondr\u00e1 a disposici\u00f3n de terceros implicados en la tramitaci\u00f3n de su pedido. Nuestros empleados y terceros contratados por nosotros est\u00e1n obligados a respetar la confidencialidad de sus datos.<\/p>&#13;\n&#13;\n<h3 class=\"wp-block-heading\">Cookies<\/h3>&#13;\n&#13;\n<p>Las cookies son peque\u00f1os fragmentos de informaci\u00f3n que su navegador almacena en su ordenador.  <br\/>Shop4Trac utiliza cookies para reconocerle en su pr\u00f3xima visita. Las cookies nos permiten recopilar informaci\u00f3n sobre el uso de nuestros servicios y mejorarlos y adaptarlos a las necesidades de nuestros visitantes. Nuestras cookies proporcionan informaci\u00f3n relacionada con la identificaci\u00f3n personal.  <br\/>Puedes configurar tu navegador para no recibir cookies mientras compras en Shop4Trac. Si tiene m\u00e1s preguntas sobre la Pol\u00edtica de Privacidad de Shop4Trac, p\u00f3ngase en contacto con nosotros. Nuestro equipo de atenci\u00f3n al cliente le ayudar\u00e1 si necesita informaci\u00f3n sobre sus datos o si desea modificarlos. En caso de que sea necesario introducir cambios en nuestra Pol\u00edtica de Privacidad, siempre encontrar\u00e1 la informaci\u00f3n m\u00e1s reciente en esta p\u00e1gina.<\/p>&#13;\n","protected":false},"excerpt":{"rendered":"<p>&#13; Shop4Trac\u00a0respecteert de privacy van alle gebruikers van haar site en draagt er zorg voor dat de persoonlijke informatie die u ons verschaft vertrouwelijk wordt behandeld.\u00a0Wij gebruiken uw gegevens om de bestellingen zo snel en gemakkelijk mogelijk te laten verlopen.\u00a0Voor het overige zullen wij deze gegevens uitsluitend gebruiken met uw toestemming.\u00a0Shop4Trac zal uw persoonlijke gegevens&hellip;<\/p>\n","protected":false},"author":1,"featured_media":0,"parent":0,"menu_order":0,"comment_status":"closed","ping_status":"open","template":"","meta":{"footnotes":""},"class_list":["post-20580","page","type-page","status-publish","hentry"],"_links":{"self":[{"href":"https:\/\/shop4trac.com\/es\/wp-json\/wp\/v2\/pages\/20580","targetHints":{"allow":["GET"]}}],"collection":[{"href":"https:\/\/shop4trac.com\/es\/wp-json\/wp\/v2\/pages"}],"about":[{"href":"https:\/\/shop4trac.com\/es\/wp-json\/wp\/v2\/types\/page"}],"author":[{"embeddable":true,"href":"https:\/\/shop4trac.com\/es\/wp-json\/wp\/v2\/users\/1"}],"replies":[{"embeddable":true,"href":"https:\/\/shop4trac.com\/es\/wp-json\/wp\/v2\/comments?post=20580"}],"version-history":[{"count":0,"href":"https:\/\/shop4trac.com\/es\/wp-json\/wp\/v2\/pages\/20580\/revisions"}],"wp:attachment":[{"href":"https:\/\/shop4trac.com\/es\/wp-json\/wp\/v2\/media?parent=20580"}],"curies":[{"name":"wp","href":"https:\/\/api.w.org\/{rel}","templated":true}]}}