{"id":136102,"date":"2024-11-21T17:08:54","date_gmt":"2024-11-21T15:08:54","guid":{"rendered":"https:\/\/shop4trac.com\/comercial\/"},"modified":"2025-09-23T12:29:53","modified_gmt":"2025-09-23T10:29:53","slug":"comercial","status":"publish","type":"page","link":"https:\/\/shop4trac.com\/es\/comercial\/","title":{"rendered":"Comercial"},"content":{"rendered":"\t\t<div data-elementor-type=\"wp-page\" data-elementor-id=\"136102\" class=\"elementor elementor-136102 elementor-136089\">\n\t\t\t\t\t\t<section class=\"elementor-section elementor-top-section elementor-element elementor-element-b976504 elementor-section-boxed elementor-section-height-default elementor-section-height-default\" data-id=\"b976504\" data-element_type=\"section\" data-e-type=\"section\">\n\t\t\t\t\t\t<div class=\"elementor-container elementor-column-gap-default\">\n\t\t\t\t\t<div class=\"elementor-column elementor-col-100 elementor-top-column elementor-element elementor-element-441b470\" data-id=\"441b470\" data-element_type=\"column\" data-e-type=\"column\">\n\t\t\t<div class=\"elementor-widget-wrap elementor-element-populated\">\n\t\t\t\t\t\t<div class=\"elementor-element elementor-element-4393029 elementor-widget elementor-widget-heading\" data-id=\"4393029\" data-element_type=\"widget\" data-e-type=\"widget\" data-widget_type=\"heading.default\">\n\t\t\t\t<div class=\"elementor-widget-container\">\n\t\t\t\t\t<h2 class=\"elementor-heading-title elementor-size-default\">Comercial<\/h2>\t\t\t\t<\/div>\n\t\t\t\t<\/div>\n\t\t\t\t<div class=\"elementor-element elementor-element-2ad89db elementor-widget elementor-widget-accordion\" data-id=\"2ad89db\" data-element_type=\"widget\" data-e-type=\"widget\" data-widget_type=\"accordion.default\">\n\t\t\t\t<div class=\"elementor-widget-container\">\n\t\t\t\t\t\t\t<div class=\"elementor-accordion\">\n\t\t\t\t\t\t\t<div class=\"elementor-accordion-item\">\n\t\t\t\t\t<div id=\"elementor-tab-title-4491\" class=\"elementor-tab-title\" data-tab=\"1\" role=\"button\" aria-controls=\"elementor-tab-content-4491\" aria-expanded=\"false\">\n\t\t\t\t\t\t\t\t\t\t\t\t\t<span class=\"elementor-accordion-icon elementor-accordion-icon-left\" aria-hidden=\"true\">\n\t\t\t\t\t\t\t\t\t\t\t\t\t\t\t<span class=\"elementor-accordion-icon-closed\"><i class=\"fas fa-plus\"><\/i><\/span>\n\t\t\t\t\t\t\t\t<span class=\"elementor-accordion-icon-opened\"><i class=\"fas fa-minus\"><\/i><\/span>\n\t\t\t\t\t\t\t\t\t\t\t\t\t\t<\/span>\n\t\t\t\t\t\t\t\t\t\t\t\t<a class=\"elementor-accordion-title\" tabindex=\"0\">\u00bfPueden los empresarios de fuera de los Pa\u00edses Bajos invertir el IVA?<\/a>\n\t\t\t\t\t<\/div>\n\t\t\t\t\t<div id=\"elementor-tab-content-4491\" class=\"elementor-tab-content elementor-clearfix\" data-tab=\"1\" role=\"region\" aria-labelledby=\"elementor-tab-title-4491\"><div class=\"faq-item\">\n<div class=\"col-md-7 col-sm-7 col-xs-12\">\n<div class=\"desc\">Shop4trac ofrece la inversi\u00f3n del sujeto pasivo del IVA a los empresarios. Esto significa que, con un n\u00famero de IVA v\u00e1lido, pagar\u00e1 un 0% de IVA al realizar el pedido. Se comprobar\u00e1n los n\u00fameros de IVA fraudulentos o no v\u00e1lidos.<\/div>\n<\/div>\n<\/div>\n<div class=\"faq-item\">\n<div class=\"col-title col-md-5 col-sm-5 col-xs-12\"> <\/div>\n<\/div>\n<\/div>\n\t\t\t\t<\/div>\n\t\t\t\t\t\t\t<div class=\"elementor-accordion-item\">\n\t\t\t\t\t<div id=\"elementor-tab-title-4492\" class=\"elementor-tab-title\" data-tab=\"2\" role=\"button\" aria-controls=\"elementor-tab-content-4492\" aria-expanded=\"false\">\n\t\t\t\t\t\t\t\t\t\t\t\t\t<span class=\"elementor-accordion-icon elementor-accordion-icon-left\" aria-hidden=\"true\">\n\t\t\t\t\t\t\t\t\t\t\t\t\t\t\t<span class=\"elementor-accordion-icon-closed\"><i class=\"fas fa-plus\"><\/i><\/span>\n\t\t\t\t\t\t\t\t<span class=\"elementor-accordion-icon-opened\"><i class=\"fas fa-minus\"><\/i><\/span>\n\t\t\t\t\t\t\t\t\t\t\t\t\t\t<\/span>\n\t\t\t\t\t\t\t\t\t\t\t\t<a class=\"elementor-accordion-title\" tabindex=\"0\">\u00bfPuedo obtener un descuento como cliente comercial?<\/a>\n\t\t\t\t\t<\/div>\n\t\t\t\t\t<div id=\"elementor-tab-content-4492\" class=\"elementor-tab-content elementor-clearfix\" data-tab=\"2\" role=\"region\" aria-labelledby=\"elementor-tab-title-4492\"><div class=\"faq-item\">\n<div class=\"col-md-7 col-sm-7 col-xs-12\">\n<div class=\"desc\">S\u00ed, para pedidos grandes hay descuentos por volumen o al por mayor disponibles. P\u00f3ngase en contacto con nuestro servicio de atenci\u00f3n al cliente para discutir las opciones y condiciones. <\/div>\n<\/div>\n<\/div>\n<div class=\"faq-item\">\n<div class=\"col-title col-md-5 col-sm-5 col-xs-12\"> <\/div>\n<\/div>\n<\/div>\n\t\t\t\t<\/div>\n\t\t\t\t\t\t\t<div class=\"elementor-accordion-item\">\n\t\t\t\t\t<div id=\"elementor-tab-title-4493\" class=\"elementor-tab-title\" data-tab=\"3\" role=\"button\" aria-controls=\"elementor-tab-content-4493\" aria-expanded=\"false\">\n\t\t\t\t\t\t\t\t\t\t\t\t\t<span class=\"elementor-accordion-icon elementor-accordion-icon-left\" aria-hidden=\"true\">\n\t\t\t\t\t\t\t\t\t\t\t\t\t\t\t<span class=\"elementor-accordion-icon-closed\"><i class=\"fas fa-plus\"><\/i><\/span>\n\t\t\t\t\t\t\t\t<span class=\"elementor-accordion-icon-opened\"><i class=\"fas fa-minus\"><\/i><\/span>\n\t\t\t\t\t\t\t\t\t\t\t\t\t\t<\/span>\n\t\t\t\t\t\t\t\t\t\t\t\t<a class=\"elementor-accordion-title\" tabindex=\"0\">\u00bfPuedo enviar un pedido directamente a mis clientes?<\/a>\n\t\t\t\t\t<\/div>\n\t\t\t\t\t<div id=\"elementor-tab-content-4493\" class=\"elementor-tab-content elementor-clearfix\" data-tab=\"3\" role=\"region\" aria-labelledby=\"elementor-tab-title-4493\"><p class=\"p1\">S\u00ed, podemos enviar pedidos directamente a sus clientes. Proporcione la direcci\u00f3n de env\u00edo durante el proceso de pago. <\/p>\n<\/div>\n\t\t\t\t<\/div>\n\t\t\t\t\t\t\t\t\t\t<script type=\"application\/ld+json\">{\"@context\":\"https:\\\/\\\/schema.org\",\"@type\":\"FAQPage\",\"mainEntity\":[{\"@type\":\"Question\",\"name\":\"\\u00bfPueden los empresarios de fuera de los Pa\\u00edses Bajos invertir el IVA?\",\"acceptedAnswer\":{\"@type\":\"Answer\",\"text\":\"<div class=\\\"faq-item\\\">\\n<div class=\\\"col-md-7 col-sm-7 col-xs-12\\\">\\n<div class=\\\"desc\\\">Shop4trac ofrece la inversi\\u00f3n del sujeto pasivo del IVA a los empresarios. Esto significa que, con un n\\u00famero de IVA v\\u00e1lido, pagar\\u00e1 un 0% de IVA al realizar el pedido. Se comprobar\\u00e1n los n\\u00fameros de IVA fraudulentos o no v\\u00e1lidos.<\\\/div>\\n<\\\/div>\\n<\\\/div>\\n<div class=\\\"faq-item\\\">\\n<div class=\\\"col-title col-md-5 col-sm-5 col-xs-12\\\"> <\\\/div>\\n<\\\/div>\\n\"}},{\"@type\":\"Question\",\"name\":\"\\u00bfPuedo obtener un descuento como cliente comercial?\",\"acceptedAnswer\":{\"@type\":\"Answer\",\"text\":\"<div class=\\\"faq-item\\\">\\n<div class=\\\"col-md-7 col-sm-7 col-xs-12\\\">\\n<div class=\\\"desc\\\">S\\u00ed, para pedidos grandes hay descuentos por volumen o al por mayor disponibles. P\\u00f3ngase en contacto con nuestro servicio de atenci\\u00f3n al cliente para discutir las opciones y condiciones. <\\\/div>\\n<\\\/div>\\n<\\\/div>\\n<div class=\\\"faq-item\\\">\\n<div class=\\\"col-title col-md-5 col-sm-5 col-xs-12\\\"> <\\\/div>\\n<\\\/div>\\n\"}},{\"@type\":\"Question\",\"name\":\"\\u00bfPuedo enviar un pedido directamente a mis clientes?\",\"acceptedAnswer\":{\"@type\":\"Answer\",\"text\":\"<p class=\\\"p1\\\">S\\u00ed, podemos enviar pedidos directamente a sus clientes. Proporcione la direcci\\u00f3n de env\\u00edo durante el proceso de pago. <\\\/p>\\n\"}}]}<\/script>\n\t\t\t\t\t<\/div>\n\t\t\t\t\t\t<\/div>\n\t\t\t\t<\/div>\n\t\t\t\t<div class=\"elementor-element elementor-element-3c2d1fc elementor-widget elementor-widget-text-editor\" data-id=\"3c2d1fc\" data-element_type=\"widget\" data-e-type=\"widget\" data-widget_type=\"text-editor.default\">\n\t\t\t\t<div class=\"elementor-widget-container\">\n\t\t\t\t\t\t\t\t\t<h4 style=\"text-align: center\"><span style=\"color: #ea7317\">\u00bfNo encontraste lo que buscas? Cont\u00e1ctenos. <\/span><\/h4>\t\t\t\t\t\t\t\t<\/div>\n\t\t\t\t<\/div>\n\t\t\t\t<div class=\"elementor-element elementor-element-760729e elementor-widget elementor-widget-html\" data-id=\"760729e\" data-element_type=\"widget\" data-e-type=\"widget\" data-widget_type=\"html.default\">\n\t\t\t\t<div class=\"elementor-widget-container\">\n\t\t\t\t\t<div style=\"margin: 0 auto;text-align: center\">\n  <button class=\"elementor-button elementor-size-lg\" role=\"button\" style=\"background-color: #3971B8;color: white;border: none;padding: 12px 24px;font-size: 16px;border-radius: 5px;cursor: pointer\">\n    <span class=\"elementor-button-content-wrapper\">\n      <span class=\"elementor-button-text\">Enviar un mensaje<\/span>\n    <\/span>\n  <\/button>\n<\/div>\t\t\t\t<\/div>\n\t\t\t\t<\/div>\n\t\t\t\t\t<\/div>\n\t\t<\/div>\n\t\t\t\t\t<\/div>\n\t\t<\/section>\n\t\t\t\t<\/div>\n\t\t","protected":false},"excerpt":{"rendered":"<p>Comercial \u00bfPueden los empresarios de fuera de los Pa\u00edses Bajos invertir el IVA? Shop4trac ofrece la inversi\u00f3n del sujeto pasivo del IVA a los empresarios. Esto significa que, con un n\u00famero de IVA v\u00e1lido, pagar\u00e1 un 0% de IVA al realizar el pedido. Se comprobar\u00e1n los n\u00fameros de IVA fraudulentos o no v\u00e1lidos. \u00bfPuedo obtener&hellip;<\/p>\n","protected":false},"author":2,"featured_media":0,"parent":0,"menu_order":0,"comment_status":"closed","ping_status":"open","template":"","meta":{"footnotes":""},"class_list":["post-136102","page","type-page","status-publish","hentry"],"_links":{"self":[{"href":"https:\/\/shop4trac.com\/es\/wp-json\/wp\/v2\/pages\/136102","targetHints":{"allow":["GET"]}}],"collection":[{"href":"https:\/\/shop4trac.com\/es\/wp-json\/wp\/v2\/pages"}],"about":[{"href":"https:\/\/shop4trac.com\/es\/wp-json\/wp\/v2\/types\/page"}],"author":[{"embeddable":true,"href":"https:\/\/shop4trac.com\/es\/wp-json\/wp\/v2\/users\/2"}],"replies":[{"embeddable":true,"href":"https:\/\/shop4trac.com\/es\/wp-json\/wp\/v2\/comments?post=136102"}],"version-history":[{"count":0,"href":"https:\/\/shop4trac.com\/es\/wp-json\/wp\/v2\/pages\/136102\/revisions"}],"wp:attachment":[{"href":"https:\/\/shop4trac.com\/es\/wp-json\/wp\/v2\/media?parent=136102"}],"curies":[{"name":"wp","href":"https:\/\/api.w.org\/{rel}","templated":true}]}}