{"id":99218,"date":"2024-02-08T00:59:29","date_gmt":"2024-02-07T23:59:29","guid":{"rendered":"https:\/\/shop4trac.com\/unkategorisiert\/filterset-kubota-d1105-d1305-v1205-v1305-v1505\/"},"modified":"2026-04-06T16:25:41","modified_gmt":"2026-04-06T15:25:41","slug":"filterset-kubota-d1105-d1305-v1205-v1305-v1505","status":"publish","type":"product","link":"https:\/\/shop4trac.com\/de\/filter\/filter-satz\/filterset-kubota-d1105-d1305-v1205-v1305-v1505\/","title":{"rendered":"Filtersatz Kubota D1105 | D1305 | V1205 | V1305 | V1505"},"content":{"rendered":"<p>Filtersatz | Wartungsset passend f\u00fcr:<\/p>\n<p>Bestehend aus:<\/p>\n<ul>\n<li><span style=\"text-decoration: underline\">Luftfilter<\/span>\n<ul>\n<li>Au\u00dfendurchmesser: 102 mm<br \/>\n Innendurchmesser: 66 mm<br \/>\n L\u00e4nge: 260 mm<\/li>\n<\/ul>\n<\/li>\n<li><span style=\"text-decoration: underline\">Kraftstofffilter<\/span>\n<ul>\n<li>M20x1.5\n<ul>\n<li>H\u00f6he 78 mm<\/li>\n<li>Au\u00dfendurchmesser 77,5 mm<\/li>\n<\/ul>\n<\/li>\n<\/ul>\n<\/li>\n<li><span style=\"text-decoration: underline\">\u00d6lfilter<\/span>\n<ul>\n<li>Au\u00dfendurchmesser: 83 mm.<\/li>\n<li>H\u00f6he: 95 mm<\/li>\n<li>Gewinde: M20X1.5<\/li>\n<\/ul>\n<\/li>\n<\/ul>\n<p><strong>Kubota Motor<\/strong><\/p>\n<ul>\n<li>D1105, D1105T, V1305, V1505, V1505T<\/li>\n<li>D1005 E, D1105, D1105 B, D1105 E, D1105 EU2, D1105 KA, D1305-E3B, D1305 EF04<\/li>\n<li>V1205\/E, V1205 TE, V1305 E, V1505, V1505\/B\/BH\/E, V1505 TE, V1505 T-EU1, V3300 TD<\/li>\n<li>WG1605-G-E3, WG1605-GL-E3, WG1605-L-E3, WG1605-N-E3<\/li>\n<\/ul>\n<p><strong>OEM-Referenznummern<\/strong><\/p>\n<ul>\n<li>15741-1108-3, 15741-11083<\/li>\n<li>15221-43170<\/li>\n<\/ul>\n","protected":false},"excerpt":{"rendered":"<p>Filtersatz | Wartungsset passend f\u00fcr: Bestehend aus: Luftfilter Au\u00dfendurchmesser: 102 mm Innendurchmesser: 66 mm L\u00e4nge: 260 mm Kraftstofffilter M20x1.5 H\u00f6he 78 mm Au\u00dfendurchmesser 77,5 mm \u00d6lfilter Au\u00dfendurchmesser: 83 mm. H\u00f6he: 95 mm Gewinde: M20X1.5 Kubota Motor D1105, D1105T, V1305, V1505, V1505T D1005 E, D1105, D1105 B, D1105 E, D1105 EU2, D1105 KA, D1305-E3B, D1305 EF04&hellip;<\/p>\n","protected":false},"featured_media":148900,"comment_status":"open","ping_status":"closed","template":"","meta":[],"product_cat":[382],"product_tag":[],"class_list":{"0":"post-99218","1":"product","2":"type-product","3":"status-publish","4":"has-post-thumbnail","6":"product_cat-filter-satz","7":"pa_merk-kubota-de","8":"pa_motor-d1105-de","9":"pa_motor-d1305-de","10":"pa_motor-v1205-de","11":"pa_motor-v1305-de","12":"pa_motor-v1505-de","14":"first","15":"instock","16":"sale","17":"taxable","18":"shipping-taxable","19":"purchasable","20":"product-type-simple","21":"col-xs-6 col-sm-4","22":"col-md-3 col-lg-3","23":"un-4-cols"},"_links":{"self":[{"href":"https:\/\/shop4trac.com\/de\/wp-json\/wp\/v2\/product\/99218","targetHints":{"allow":["GET"]}}],"collection":[{"href":"https:\/\/shop4trac.com\/de\/wp-json\/wp\/v2\/product"}],"about":[{"href":"https:\/\/shop4trac.com\/de\/wp-json\/wp\/v2\/types\/product"}],"replies":[{"embeddable":true,"href":"https:\/\/shop4trac.com\/de\/wp-json\/wp\/v2\/comments?post=99218"}],"wp:featuredmedia":[{"embeddable":true,"href":"https:\/\/shop4trac.com\/de\/wp-json\/wp\/v2\/media\/148900"}],"wp:attachment":[{"href":"https:\/\/shop4trac.com\/de\/wp-json\/wp\/v2\/media?parent=99218"}],"wp:term":[{"taxonomy":"product_cat","embeddable":true,"href":"https:\/\/shop4trac.com\/de\/wp-json\/wp\/v2\/product_cat?post=99218"},{"taxonomy":"product_tag","embeddable":true,"href":"https:\/\/shop4trac.com\/de\/wp-json\/wp\/v2\/product_tag?post=99218"}],"curies":[{"name":"wp","href":"https:\/\/api.w.org\/{rel}","templated":true}]}}