{"id":99079,"date":"2024-02-07T12:59:37","date_gmt":"2024-02-07T11:59:37","guid":{"rendered":"https:\/\/shop4trac.com\/unkategorisiert\/filterset-solis-20-solis-26\/"},"modified":"2026-04-08T20:27:34","modified_gmt":"2026-04-08T19:27:34","slug":"filterset-solis-20-solis-26","status":"publish","type":"product","link":"https:\/\/shop4trac.com\/de\/filter\/filter-satz\/filterset-solis-20-solis-26\/","title":{"rendered":"Filterkit Solis 20 \u2013 Solis 26"},"content":{"rendered":"<p class=\"p1\"><span class=\"s1\">\u2705 <\/span><b>Filterkit | Wartungskit f\u00fcr Solis Traktoren<\/b><b><\/b><\/p>\n<p class=\"p3\">Leistungsstarke Wartung f\u00fcr zuverl\u00e4ssige Leistung \u2013 dieses Kit bietet alles f\u00fcr Ihren Solis Motor.<\/p>\n<p class=\"p3\">Dieses Wartungskit wurde sorgf\u00e4ltig zusammengestellt und ist f\u00fcr verschiedene Iseki Modelle geeignet. Ideal f\u00fcr die regelm\u00e4\u00dfige Wartung oder eine General\u00fcberholung. <\/p>\n<p class=\"p3\">\u2e3b<\/p>\n<p class=\"p1\"><span class=\"s1\">? <\/span><b>Inhalt des Kits:<\/b><b><\/b><\/p>\n<p class=\"p1\"><span class=\"s1\">\u2714\ufe0f <\/span><b>Luftfilter<\/b><b><\/b><\/p>\n<ul>\n<li>Au\u00dfendurchmesser: 105 mm<\/li>\n<li>Innendurchmesser: 62 mm<\/li>\n<li>L\u00e4nge: 270 mm<\/li>\n<\/ul>\n<p class=\"p1\"><span class=\"s1\">\u2714\ufe0f <\/span><b>Kraftstofffilter<\/b><\/p>\n<p><span class=\"s1\">\u2714\ufe0f <strong>\u00d6lfilter<\/strong><\/span><\/p>\n<p><strong>Solis<\/strong><\/p>\n<ul>\n<li>20 und 26<\/li>\n<\/ul>\n<p><strong>OEM zur Referenz<\/strong><\/p>\n<ul>\n<li>10055911AA<\/li>\n<li>703008219B<\/li>\n<li>803007059A<\/li>\n<\/ul>\n","protected":false},"excerpt":{"rendered":"<p>\u2705 Filterkit | Wartungskit f\u00fcr Solis Traktoren Leistungsstarke Wartung f\u00fcr zuverl\u00e4ssige Leistung \u2013 dieses Kit bietet alles f\u00fcr Ihren Solis Motor. Dieses Wartungskit wurde sorgf\u00e4ltig zusammengestellt und ist f\u00fcr verschiedene Iseki Modelle geeignet. Ideal f\u00fcr die regelm\u00e4\u00dfige Wartung oder eine General\u00fcberholung. \u2e3b ? Inhalt des Kits: \u2714\ufe0f Luftfilter Au\u00dfendurchmesser: 105 mm Innendurchmesser: 62 mm L\u00e4nge:&hellip;<\/p>\n","protected":false},"featured_media":197793,"comment_status":"open","ping_status":"closed","template":"","meta":[],"product_cat":[382],"product_tag":[],"class_list":{"0":"post-99079","1":"product","2":"type-product","3":"status-publish","4":"has-post-thumbnail","6":"product_cat-filter-satz","7":"pa_merk-solis-de","9":"first","10":"instock","11":"sale","12":"featured","13":"taxable","14":"shipping-taxable","15":"purchasable","16":"product-type-simple","17":"col-xs-6 col-sm-4","18":"col-md-3 col-lg-3","19":"un-4-cols"},"_links":{"self":[{"href":"https:\/\/shop4trac.com\/de\/wp-json\/wp\/v2\/product\/99079","targetHints":{"allow":["GET"]}}],"collection":[{"href":"https:\/\/shop4trac.com\/de\/wp-json\/wp\/v2\/product"}],"about":[{"href":"https:\/\/shop4trac.com\/de\/wp-json\/wp\/v2\/types\/product"}],"replies":[{"embeddable":true,"href":"https:\/\/shop4trac.com\/de\/wp-json\/wp\/v2\/comments?post=99079"}],"wp:featuredmedia":[{"embeddable":true,"href":"https:\/\/shop4trac.com\/de\/wp-json\/wp\/v2\/media\/197793"}],"wp:attachment":[{"href":"https:\/\/shop4trac.com\/de\/wp-json\/wp\/v2\/media?parent=99079"}],"wp:term":[{"taxonomy":"product_cat","embeddable":true,"href":"https:\/\/shop4trac.com\/de\/wp-json\/wp\/v2\/product_cat?post=99079"},{"taxonomy":"product_tag","embeddable":true,"href":"https:\/\/shop4trac.com\/de\/wp-json\/wp\/v2\/product_tag?post=99079"}],"curies":[{"name":"wp","href":"https:\/\/api.w.org\/{rel}","templated":true}]}}