{"id":98091,"date":"2024-01-22T13:05:59","date_gmt":"2024-01-22T12:05:59","guid":{"rendered":"https:\/\/shop4trac.com\/unkategorisiert\/diesel-injektorreiniger-dieselzusatz\/"},"modified":"2025-08-01T17:26:17","modified_gmt":"2025-08-01T15:26:17","slug":"diesel-injektorreiniger-dieselzusatz","status":"publish","type":"product","link":"https:\/\/shop4trac.com\/de\/motorteile\/einspritzduse\/diesel-injektorreiniger-dieselzusatz\/","title":{"rendered":"Diesel-Injektorreiniger | Dieselzusatz"},"content":{"rendered":"<p>Probleme beim Starten oder festsitzende Einspritzd\u00fcsen? Dieser D\u00fcsenreiniger bietet eine leistungsstarke und schnelle L\u00f6sung f\u00fcr Startprobleme bei Dieselmotoren.<\/p>\n<p>Unser Dieselkraftstoffadditiv sorgt f\u00fcr eine effektive Reinigung der D\u00fcsen, verhindert das Festkleben der Nadeln und erh\u00f6ht die Cetanzahl f\u00fcr eine optimale Kraftstoffverbrennung.<\/p>\n<p><strong>Effektive Reinigung und langanhaltender Motorschutz<\/strong><\/p>\n<ul>\n<li>Entfernt Teer, Kohlenstoff und andere Ablagerungen von D\u00fcsen.<\/li>\n<li>Erleichtert das Starten und verbessert das Ansprechverhalten des Motors.<\/li>\n<li>Speziell geeignet f\u00fcr (verschmutzte) Dieselmotoren.<\/li>\n<li>Bietet zus\u00e4tzliche Schmierung f\u00fcr wichtige Komponenten, einschlie\u00dflich der Kraftstoffpumpe und der Einspritzd\u00fcsen.<\/li>\n<li>Verhindert Korrosion und verl\u00e4ngert die Lebensdauer von Motorteilen<\/li>\n<\/ul>\n<p><strong>Kraftstoffeinsparung und Umweltschutz<\/strong><\/p>\n<ul>\n<li>Spart Kraftstoff, ohne die Leistung zu beeintr\u00e4chtigen.<\/li>\n<li>Reduziert sch\u00e4dliche Abgasemissionen.<\/li>\n<\/ul>\n<p><strong>Anwendung<\/strong><\/p>\n<ul>\n<li>Vor dem Tanken im Verh\u00e4ltnis 250 ml auf 50 Liter Kraftstoff in den Tank geben.<\/li>\n<li>Empfohlen f\u00fcr den regelm\u00e4\u00dfigen Gebrauch.<\/li>\n<li style=\"list-style-type: none\">\n<\/li>\n<\/ul>\n","protected":false},"excerpt":{"rendered":"<p>Probleme beim Starten oder festsitzende Einspritzd\u00fcsen? Dieser D\u00fcsenreiniger bietet eine leistungsstarke und schnelle L\u00f6sung f\u00fcr Startprobleme bei Dieselmotoren. Unser Dieselkraftstoffadditiv sorgt f\u00fcr eine effektive Reinigung der D\u00fcsen, verhindert das Festkleben der Nadeln und erh\u00f6ht die Cetanzahl f\u00fcr eine optimale Kraftstoffverbrennung. Effektive Reinigung und langanhaltender Motorschutz Entfernt Teer, Kohlenstoff und andere Ablagerungen von D\u00fcsen. Erleichtert das&hellip;<\/p>\n","protected":false},"featured_media":98087,"comment_status":"open","ping_status":"closed","template":"","meta":[],"product_cat":[8109],"product_tag":[],"class_list":{"0":"post-98091","1":"product","2":"type-product","3":"status-publish","4":"has-post-thumbnail","6":"product_cat-einspritzduse","7":"pa_merk-airman-de","8":"pa_merk-aixam-de","9":"pa_merk-allis-chalmers-de","10":"pa_merk-ami-de","11":"pa_merk-atlas-de","12":"pa_merk-ausa-de","13":"pa_merk-avant-de","14":"pa_merk-bobcat-de","15":"pa_merk-bolens-de","16":"pa_merk-branson-de","17":"pa_merk-carraro-de","18":"pa_merk-casalini-de","19":"pa_merk-case-de","20":"pa_merk-case-ih-de","21":"pa_merk-caterpillar-de","22":"pa_merk-craftsman-marine-de","23":"pa_merk-cub-cadet-de","24":"pa_merk-cup-cadet-de","25":"pa_merk-daewoo-de","26":"pa_merk-denyo-de","27":"pa_merk-deutz-de","28":"pa_merk-deutz-allis-de","29":"pa_merk-doosan-de","30":"pa_merk-eurocomach-de","31":"pa_merk-eurotrac-de","32":"pa_merk-farmtrac-de","33":"pa_merk-ford-de","34":"pa_merk-giant-de","35":"pa_merk-gutbrod-de","36":"pa_merk-hako-de","37":"pa_merk-hanix-de","38":"pa_merk-hfl-de","39":"pa_merk-hinomoto-de","40":"pa_merk-hitachi-de","41":"pa_merk-holder-de","42":"pa_merk-hyundai-de","43":"pa_merk-ingersoll-rand-de","44":"pa_merk-iseki-de","45":"pa_merk-j-f-marine-power-de","46":"pa_merk-jcb-de","47":"pa_merk-john-deere-de","48":"pa_merk-kawasaki-de","49":"pa_merk-kioti-de","50":"pa_merk-kobelco-de","51":"pa_merk-komatsu-de","52":"pa_merk-kubota-de","53":"pa_merk-kumiai-de","54":"pa_merk-lamborghini-de","55":"pa_merk-landini-de","56":"pa_merk-landtrac-de","57":"pa_merk-lokari-de","58":"pa_merk-magnum-de","59":"pa_merk-mahindra-de","60":"pa_merk-manitou-de","61":"pa_merk-massey-ferguson-de","62":"pa_merk-mastervolt-de","63":"pa_merk-mitsubishi-de","64":"pa_merk-nagano-de","65":"pa_merk-nanni-de","66":"pa_merk-new-holland-de","67":"pa_merk-noda-de","68":"pa_merk-ok-de","69":"pa_merk-peljob-de","70":"pa_merk-perkins-de","71":"pa_merk-ransomes-de","72":"pa_merk-samofa-de","73":"pa_merk-satoh-de","74":"pa_merk-schaeff-de","75":"pa_merk-schaffer-de","76":"pa_merk-sdmo-de","77":"pa_merk-shibaura-de","78":"pa_merk-simplicity-de","79":"pa_merk-sole-diesel-de","80":"pa_merk-sumitomo-de","81":"pa_merk-suzue-de","82":"pa_merk-takeuchi-de","83":"pa_merk-takeushi-de","84":"pa_merk-tcm-de","85":"pa_merk-technogen-de","86":"pa_merk-teksan-de","87":"pa_merk-terex-de","88":"pa_merk-thermoking-de","89":"pa_merk-toro-de","90":"pa_merk-triton-de","91":"pa_merk-trixon-de","92":"pa_merk-tym-de","93":"pa_merk-vetus-de","94":"pa_merk-volvo-de","95":"pa_merk-weidemann-de","96":"pa_merk-westerbeke-de","97":"pa_merk-whisper-power-de","98":"pa_merk-white-de","99":"pa_merk-white-field-boss-de","100":"pa_merk-white-oliver-de","101":"pa_merk-yanmar-de","102":"pa_merk-zen-noh-de","103":"pa_merk-zeppelin-de","105":"first","106":"instock","107":"taxable","108":"shipping-taxable","109":"purchasable","110":"product-type-simple","111":"col-xs-6 col-sm-4","112":"col-md-3 col-lg-3","113":"un-4-cols"},"_links":{"self":[{"href":"https:\/\/shop4trac.com\/de\/wp-json\/wp\/v2\/product\/98091","targetHints":{"allow":["GET"]}}],"collection":[{"href":"https:\/\/shop4trac.com\/de\/wp-json\/wp\/v2\/product"}],"about":[{"href":"https:\/\/shop4trac.com\/de\/wp-json\/wp\/v2\/types\/product"}],"replies":[{"embeddable":true,"href":"https:\/\/shop4trac.com\/de\/wp-json\/wp\/v2\/comments?post=98091"}],"wp:featuredmedia":[{"embeddable":true,"href":"https:\/\/shop4trac.com\/de\/wp-json\/wp\/v2\/media\/98087"}],"wp:attachment":[{"href":"https:\/\/shop4trac.com\/de\/wp-json\/wp\/v2\/media?parent=98091"}],"wp:term":[{"taxonomy":"product_cat","embeddable":true,"href":"https:\/\/shop4trac.com\/de\/wp-json\/wp\/v2\/product_cat?post=98091"},{"taxonomy":"product_tag","embeddable":true,"href":"https:\/\/shop4trac.com\/de\/wp-json\/wp\/v2\/product_tag?post=98091"}],"curies":[{"name":"wp","href":"https:\/\/api.w.org\/{rel}","templated":true}]}}