{"id":97759,"date":"2024-01-16T15:00:55","date_gmt":"2024-01-16T14:01:44","guid":{"rendered":"https:\/\/shop4trac.com\/unkategorisiert\/fettpresse-universal\/"},"modified":"2026-01-20T13:48:48","modified_gmt":"2026-01-20T12:48:48","slug":"fettpresse-universal","status":"publish","type":"product","link":"https:\/\/shop4trac.com\/de\/oel\/fettkartusche\/fettpresse-universal\/","title":{"rendered":"Fettpresse Universal"},"content":{"rendered":"<p>Diese benutzerfreundliche, leichte Fettpresse oder Fettpresse ist f\u00fcr 400-g-Fettkartuschen geeignet. Die beiden zus\u00e4tzlichen 300-mm-Gummischl\u00e4uche, verst\u00e4rkt mit Sicherheitsgummi, machen die Schmierung zu einer m\u00fchelosen Aufgabe.<\/p>\n<p>Mit praktischem Design, verzinktem Fetttank und angenehm geformtem Griff. Diese Fettpresse eignet sich perfekt f\u00fcr die Wartung Ihres Minitraktors. Mit dieser praktischen Fettpresse sorgen Sie daf\u00fcr, dass Ihre Maschine reibungslos l\u00e4uft und vor Verschlei\u00df gesch\u00fctzt ist.<\/p>\n<p>Bestellen Sie die Fettpresse zusammen mit unserer Multi-MOS2-Fettkartusche. Siehe: <span style=\"text-decoration: underline\">SKU-15W403<\/span><\/p>\n<p>Zur Verwendung mit jedem Minitraktor.<\/p>\n<p>Beispiel OEM<\/p>\n<ul>\n<li>1526-911-001-00<\/li>\n<\/ul>\n","protected":false},"excerpt":{"rendered":"<p>Diese benutzerfreundliche, leichte Fettpresse oder Fettpresse ist f\u00fcr 400-g-Fettkartuschen geeignet. Die beiden zus\u00e4tzlichen 300-mm-Gummischl\u00e4uche, verst\u00e4rkt mit Sicherheitsgummi, machen die Schmierung zu einer m\u00fchelosen Aufgabe. Mit praktischem Design, verzinktem Fetttank und angenehm geformtem Griff. Diese Fettpresse eignet sich perfekt f\u00fcr die Wartung Ihres Minitraktors. Mit dieser praktischen Fettpresse sorgen Sie daf\u00fcr, dass Ihre Maschine reibungslos l\u00e4uft&hellip;<\/p>\n","protected":false},"featured_media":97745,"comment_status":"open","ping_status":"open","template":"","meta":[],"product_cat":[15511,398],"product_tag":[],"class_list":{"0":"post-97759","1":"product","2":"type-product","3":"status-publish","4":"has-post-thumbnail","6":"product_cat-fettkartusche","7":"product_cat-sonstige-teile","8":"pa_merk-airman-de","9":"pa_merk-aixam-de","10":"pa_merk-allis-chalmers-de","11":"pa_merk-ami-de","12":"pa_merk-atlas-de","13":"pa_merk-ausa-de","14":"pa_merk-avant-de","15":"pa_merk-bobcat-de","16":"pa_merk-bolens-de","17":"pa_merk-branson-de","18":"pa_merk-carraro-de","19":"pa_merk-casalini-de","20":"pa_merk-case-de","21":"pa_merk-case-ih-de","22":"pa_merk-caterpillar-de","23":"pa_merk-craftsman-marine-de","24":"pa_merk-cub-cadet-de","25":"pa_merk-cup-cadet-de","26":"pa_merk-daewoo-de","27":"pa_merk-denyo-de","28":"pa_merk-deutz-de","29":"pa_merk-deutz-allis-de","30":"pa_merk-doosan-de","31":"pa_merk-eurocomach-de","32":"pa_merk-eurotrac-de","33":"pa_merk-farmtrac-de","34":"pa_merk-ford-de","35":"pa_merk-giant-de","36":"pa_merk-gutbrod-de","37":"pa_merk-hako-de","38":"pa_merk-hanix-de","39":"pa_merk-hfl-de","40":"pa_merk-hinomoto-de","41":"pa_merk-hitachi-de","42":"pa_merk-holder-de","43":"pa_merk-hyundai-de","44":"pa_merk-ingersoll-rand-de","45":"pa_merk-iseki-de","46":"pa_merk-j-f-marine-power-de","47":"pa_merk-jcb-de","48":"pa_merk-john-deere-de","49":"pa_merk-kawasaki-de","50":"pa_merk-kioti-de","51":"pa_merk-kobelco-de","52":"pa_merk-komatsu-de","53":"pa_merk-kubota-de","54":"pa_merk-kumiai-de","55":"pa_merk-lamborghini-de","56":"pa_merk-landini-de","57":"pa_merk-landtrac-de","58":"pa_merk-lokari-de","59":"pa_merk-magnum-de","60":"pa_merk-mahindra-de","61":"pa_merk-manitou-de","62":"pa_merk-massey-ferguson-de","63":"pa_merk-mastervolt-de","64":"pa_merk-mitsubishi-de","65":"pa_merk-nagano-de","66":"pa_merk-nanni-de","67":"pa_merk-new-holland-de","68":"pa_merk-noda-de","69":"pa_merk-ok-de","70":"pa_merk-peljob-de","71":"pa_merk-perkins-de","72":"pa_merk-ransomes-de","73":"pa_merk-samofa-de","74":"pa_merk-satoh-de","75":"pa_merk-schaeff-de","76":"pa_merk-schaffer-de","77":"pa_merk-sdmo-de","78":"pa_merk-shibaura-de","79":"pa_merk-simplicity-de","80":"pa_merk-sole-diesel-de","81":"pa_merk-sumitomo-de","82":"pa_merk-suzue-de","83":"pa_merk-takeuchi-de","84":"pa_merk-takeushi-de","85":"pa_merk-tcm-de","86":"pa_merk-technogen-de","87":"pa_merk-teksan-de","88":"pa_merk-terex-de","89":"pa_merk-thermoking-de","90":"pa_merk-toro-de","91":"pa_merk-triton-de","92":"pa_merk-trixon-de","93":"pa_merk-tym-de","94":"pa_merk-vetus-de","95":"pa_merk-volvo-de","96":"pa_merk-weidemann-de","97":"pa_merk-westerbeke-de","98":"pa_merk-whisper-power-de","99":"pa_merk-white-de","100":"pa_merk-white-field-boss-de","101":"pa_merk-white-oliver-de","102":"pa_merk-yanmar-de","103":"pa_merk-zen-noh-de","104":"pa_merk-zeppelin-de","106":"first","107":"instock","108":"sale","109":"taxable","110":"shipping-taxable","111":"purchasable","112":"product-type-variable","113":"col-xs-6 col-sm-4","114":"col-md-3 col-lg-3","115":"un-4-cols"},"_links":{"self":[{"href":"https:\/\/shop4trac.com\/de\/wp-json\/wp\/v2\/product\/97759","targetHints":{"allow":["GET"]}}],"collection":[{"href":"https:\/\/shop4trac.com\/de\/wp-json\/wp\/v2\/product"}],"about":[{"href":"https:\/\/shop4trac.com\/de\/wp-json\/wp\/v2\/types\/product"}],"replies":[{"embeddable":true,"href":"https:\/\/shop4trac.com\/de\/wp-json\/wp\/v2\/comments?post=97759"}],"wp:featuredmedia":[{"embeddable":true,"href":"https:\/\/shop4trac.com\/de\/wp-json\/wp\/v2\/media\/97745"}],"wp:attachment":[{"href":"https:\/\/shop4trac.com\/de\/wp-json\/wp\/v2\/media?parent=97759"}],"wp:term":[{"taxonomy":"product_cat","embeddable":true,"href":"https:\/\/shop4trac.com\/de\/wp-json\/wp\/v2\/product_cat?post=97759"},{"taxonomy":"product_tag","embeddable":true,"href":"https:\/\/shop4trac.com\/de\/wp-json\/wp\/v2\/product_tag?post=97759"}],"curies":[{"name":"wp","href":"https:\/\/api.w.org\/{rel}","templated":true}]}}