{"id":97052,"date":"2024-01-02T12:34:33","date_gmt":"2024-01-02T11:34:33","guid":{"rendered":"https:\/\/shop4trac.com\/unkategorisiert\/gluehkerze-gluehwendel-kubota-v2607-v2607-di-motor-bobcat-t190\/"},"modified":"2025-08-01T17:26:57","modified_gmt":"2025-08-01T15:26:57","slug":"gluehkerze-gluehwendel-kubota-v2607-v2607-di-motor-bobcat-t190","status":"publish","type":"product","link":"https:\/\/shop4trac.com\/de\/motorteile\/gluhkerze\/gluehkerze-gluehwendel-kubota-v2607-v2607-di-motor-bobcat-t190\/","title":{"rendered":"Gl\u00fchkerze | Gl\u00fchwendel Kubota V2607 | V2607-DI-Motor | Bobcat T190"},"content":{"rendered":"<p>Gl\u00fchkerze \/ Gl\u00fchkerze geeignet f\u00fcr:<\/p>\n<p><strong>Bobcat<\/strong><\/p>\n<ul>\n<li>S570<\/li>\n<li>T190<\/li>\n<\/ul>\n<p><strong>Kubota<\/strong><\/p>\n<ul>\n<li>SVL65-2, SVL75, SVL75-2, SSV65, SVL75-2C, SVL75C<\/li>\n<li>KX057-4, KX060-5, KX080-3T, KX080-4, KX080-4S<\/li>\n<li>M5040DT-1, M5040DTC-1, M5040F-1, M5040FC-1, M5040HD-1, M5040HDC-1, M6040DTC-1, M6040FC-1, M6040HDC-1, M6040HDNB-1, M6060HD, M6060HDC, M6060HFC, M7040DT -1, M7040DTC-1, M7040F-1, M7040FC-1, M7040HD-1, M7040HDC-1, M7040HDC-LTD, M7040HDNB-1, M7040HDNBC, M7040SU, M7040SUD, M7040SUH, M7040SUHD, M7060HD, M7060HD12, M7060HDC, M7060HDC12, M7060HFC.<\/li>\n<li>U48-4, U55-4, U56-5<\/li>\n<li>R065, R082, R085, R530, R630<\/li>\n<li>A40<\/li>\n<li>M704<\/li>\n<\/ul>\n<p><strong>Kubota-Motor<\/strong><\/p>\n<ul>\n<li>V2607-DI-TE3B-BC-I, V2607-DI-E3-BH, V2607-DI-E3-WL, V2607-DI-E3B<\/li>\n<li>V2607-CR-TE4<\/li>\n<li>V3307, V3307-DI<\/li>\n<\/ul>\n<p><strong>OEM als Referenz<\/strong><\/p>\n<ul>\n<li>1J700-65510, 1J700-65512, 1J700-6551-0, 1J700-6551-2<\/li>\n<li>1G777-65510<\/li>\n<\/ul>\n","protected":false},"excerpt":{"rendered":"<p>Gl\u00fchkerze \/ Gl\u00fchkerze geeignet f\u00fcr: Bobcat S570 T190 Kubota SVL65-2, SVL75, SVL75-2, SSV65, SVL75-2C, SVL75C KX057-4, KX060-5, KX080-3T, KX080-4, KX080-4S M5040DT-1, M5040DTC-1, M5040F-1, M5040FC-1, M5040HD-1, M5040HDC-1, M6040DTC-1, M6040FC-1, M6040HDC-1, M6040HDNB-1, M6060HD, M6060HDC, M6060HFC, M7040DT -1, M7040DTC-1, M7040F-1, M7040FC-1, M7040HD-1, M7040HDC-1, M7040HDC-LTD, M7040HDNB-1, M7040HDNBC, M7040SU, M7040SUD, M7040SUH, M7040SUHD, M7060HD, M7060HD12, M7060HDC, M7060HDC12, M7060HFC. U48-4, U55-4, U56-5&hellip;<\/p>\n","protected":false},"featured_media":97040,"comment_status":"open","ping_status":"open","template":"","meta":[],"product_cat":[407],"product_tag":[],"class_list":{"0":"post-97052","1":"product","2":"type-product","3":"status-publish","4":"has-post-thumbnail","6":"product_cat-gluhkerze","8":"first","9":"instock","10":"taxable","11":"shipping-taxable","12":"purchasable","13":"product-type-simple","14":"col-xs-6 col-sm-4","15":"col-md-3 col-lg-3","16":"un-4-cols"},"_links":{"self":[{"href":"https:\/\/shop4trac.com\/de\/wp-json\/wp\/v2\/product\/97052","targetHints":{"allow":["GET"]}}],"collection":[{"href":"https:\/\/shop4trac.com\/de\/wp-json\/wp\/v2\/product"}],"about":[{"href":"https:\/\/shop4trac.com\/de\/wp-json\/wp\/v2\/types\/product"}],"replies":[{"embeddable":true,"href":"https:\/\/shop4trac.com\/de\/wp-json\/wp\/v2\/comments?post=97052"}],"wp:featuredmedia":[{"embeddable":true,"href":"https:\/\/shop4trac.com\/de\/wp-json\/wp\/v2\/media\/97040"}],"wp:attachment":[{"href":"https:\/\/shop4trac.com\/de\/wp-json\/wp\/v2\/media?parent=97052"}],"wp:term":[{"taxonomy":"product_cat","embeddable":true,"href":"https:\/\/shop4trac.com\/de\/wp-json\/wp\/v2\/product_cat?post=97052"},{"taxonomy":"product_tag","embeddable":true,"href":"https:\/\/shop4trac.com\/de\/wp-json\/wp\/v2\/product_tag?post=97052"}],"curies":[{"name":"wp","href":"https:\/\/api.w.org\/{rel}","templated":true}]}}