{"id":96255,"date":"2023-12-19T14:03:00","date_gmt":"2023-12-19T13:03:00","guid":{"rendered":"https:\/\/shop4trac.com\/unkategorisiert\/o-ring-und-stuetzring-des-hubzylinders-kubota-l1501-l2201-kioti-lk2554\/"},"modified":"2025-08-01T17:27:04","modified_gmt":"2025-08-01T15:27:04","slug":"o-ring-und-stuetzring-des-hubzylinders-kubota-l1501-l2201-kioti-lk2554","status":"publish","type":"product","link":"https:\/\/shop4trac.com\/de\/kupplung-getriebe\/dichtung\/o-ring-und-stuetzring-des-hubzylinders-kubota-l1501-l2201-kioti-lk2554\/","title":{"rendered":"O-Ring und St\u00fctzring Hubzylinder | Kubota L | L1-18 | GT3 \u2013 GT5 | B2301 \u2013 B3350 | Kioti LK2554"},"content":{"rendered":"<p>Hubzylinder O-Ring und St\u00fctzring passend f\u00fcr:<\/p>\n<p><strong>Kubota<\/strong><\/p>\n<ul>\n<li>L1801, L2201, L2201-AC<\/li>\n<li>L1-18<\/li>\n<li>GT3, GT5, GT8<\/li>\n<li>L2605DT, L2605F, L2800, L2800DT, L2808DT, L2808F, L3008DT, L3208, L3208SP, L3218DT, L3218DT-AC, L3218SP, L3218SP-AC<\/li>\n<li>L3408, L3408DI, L3408DT, L3608DT, L3608SP, L4018DT, L4018SP, L4018DT-AC, L4018SP-AC<\/li>\n<li>B2301HSD, B2301HSD-1, B26, B2601HSD, B2601HSD-1, B2630HSD, B2650HSD, B2650HSDC, B3000HSDC, B3000HSDCC, B3030HSD, B3030HSDC, B3030HSDCC, B3350HSD, B3350HSDC, B 3350SUHSD<\/li>\n<li>L185DT, L185F, L2050DT, L2050F, L2250DT, L2250F, L2350DT, L2350F, L245DT, L245F, L245H, L2500DT, L2500F, L2501DT, L2501F, L2501HST, L2502DT, L2502F, L 2502HST, L2600DT, L2600F, L2800DT\/HST, L2800F, L3000DT<\/li>\n<li>L3000F, L3200DT, L3200F, L3200H, L3301DT, L3301F, L3301HST, L3302DT, L3302HST, L3400DT\/HST, L3400F, L3700SU, L3800DTT, L3901F, L3901F, L3901F,<\/li>\n<li>L3901HST, L3902DT, L3902HST, LX2610HSD, LX2610HSDC, LX2610SUHSD, LX2620HSD, LX2620HSDC, LX2620SUHSD, LX3310HSD, LX3310HSDC, LX3520DTN, LX3520HSD, LX3520HSDC , LX3520SUHSDC, LX4020HSD, LX4020HSDC<\/li>\n<\/ul>\n<p><strong>Kioti<\/strong><\/p>\n<ul>\n<li>DS3510<\/li>\n<li>LK2554<\/li>\n<\/ul>\n<p><strong>OEM als Referenz<\/strong><\/p>\n<ul>\n<li>04810-00650, 04811-00650<\/li>\n<li>34220-37380, 34220-37381, 34220-3738-1<\/li>\n<\/ul>\n<p>Passt auch f\u00fcr viele andere Modelle. \u00dcberpr\u00fcfen Sie die Abmessungen! <\/p>\n<p><strong>Abmessungen<\/strong><\/p>\n<ul>\n<li>St\u00fctzring \u2013 St\u00e4rke 1 mm, 2 Lagen<\/li>\n<li>O-Ring \u2013 Dicke 5\u20135,5 mm<\/li>\n<li>O-Ring \u2013 Innendurchmesser 65 mm \u2013 75 mm <strong>(au\u00dfen \u2013 Kolben)<\/strong><\/li>\n<\/ul>\n","protected":false},"excerpt":{"rendered":"<p>Hubzylinder O-Ring und St\u00fctzring passend f\u00fcr: Kubota L1801, L2201, L2201-AC L1-18 GT3, GT5, GT8 L2605DT, L2605F, L2800, L2800DT, L2808DT, L2808F, L3008DT, L3208, L3208SP, L3218DT, L3218DT-AC, L3218SP, L3218SP-AC L3408, L3408DI, L3408DT, L3608DT, L3608SP, L4018DT, L4018SP, L4018DT-AC, L4018SP-AC B2301HSD, B2301HSD-1, B26, B2601HSD, B2601HSD-1, B2630HSD, B2650HSD, B2650HSDC, B3000HSDC, B3000HSDCC, B3030HSD, B3030HSDC, B3030HSDCC, B3350HSD, B3350HSDC, B 3350SUHSD L185DT, L185F,&hellip;<\/p>\n","protected":false},"featured_media":133942,"comment_status":"open","ping_status":"closed","template":"","meta":[],"product_cat":[5937],"product_tag":[],"class_list":{"0":"post-96255","1":"product","2":"type-product","3":"status-publish","4":"has-post-thumbnail","6":"product_cat-dichtung","7":"pa_merk-kubota-de","9":"first","10":"instock","11":"taxable","12":"shipping-taxable","13":"purchasable","14":"product-type-simple","15":"col-xs-6 col-sm-4","16":"col-md-3 col-lg-3","17":"un-4-cols"},"_links":{"self":[{"href":"https:\/\/shop4trac.com\/de\/wp-json\/wp\/v2\/product\/96255","targetHints":{"allow":["GET"]}}],"collection":[{"href":"https:\/\/shop4trac.com\/de\/wp-json\/wp\/v2\/product"}],"about":[{"href":"https:\/\/shop4trac.com\/de\/wp-json\/wp\/v2\/types\/product"}],"replies":[{"embeddable":true,"href":"https:\/\/shop4trac.com\/de\/wp-json\/wp\/v2\/comments?post=96255"}],"wp:featuredmedia":[{"embeddable":true,"href":"https:\/\/shop4trac.com\/de\/wp-json\/wp\/v2\/media\/133942"}],"wp:attachment":[{"href":"https:\/\/shop4trac.com\/de\/wp-json\/wp\/v2\/media?parent=96255"}],"wp:term":[{"taxonomy":"product_cat","embeddable":true,"href":"https:\/\/shop4trac.com\/de\/wp-json\/wp\/v2\/product_cat?post=96255"},{"taxonomy":"product_tag","embeddable":true,"href":"https:\/\/shop4trac.com\/de\/wp-json\/wp\/v2\/product_tag?post=96255"}],"curies":[{"name":"wp","href":"https:\/\/api.w.org\/{rel}","templated":true}]}}