{"id":92649,"date":"2023-11-24T14:51:28","date_gmt":"2023-11-24T13:51:28","guid":{"rendered":"https:\/\/shop4trac.com\/unkategorisiert\/lichtmaschine-kubota-d650-d750-d850-d950-b5000-b7100-zen-noh\/"},"modified":"2025-12-28T11:59:24","modified_gmt":"2025-12-28T10:59:24","slug":"dynamo-kubota-d650-d750-d850-d950-b5000-b7100-zen-noh","status":"publish","type":"product","link":"https:\/\/shop4trac.com\/de\/elektrik-teile\/lichtmaschine-teile\/dynamo-kubota-d650-d750-d850-d950-b5000-b7100-zen-noh\/","title":{"rendered":"Lichtmaschine Kubota D650 | D750 | D850 | D950 | B5000- B7100 | Zen-noh"},"content":{"rendered":"<p>Lichtmaschine Magnet-Wasserflansch f\u00fcr Kubota-Motoren von <span style=\"text-decoration: underline\">hoher<\/span> Qualit\u00e4t, ausgestattet mit 2 Kabeln. Die entsprechenden kompatiblen Modelle wurden im Folgenden sorgf\u00e4ltig ausgew\u00e4hlt<\/p>\n<p><strong>Kubota<\/strong><\/p>\n<ul>\n<li>B10, B1200, B1400, B1402, B1500, B1502, B4200, B5000, B5001, B5100, B6001, B6100, B7001, B7100<\/li>\n<\/ul>\n<p><strong>Zen-noh<\/strong><\/p>\n<ul>\n<li>ZB10, ZB1200, ZB1400, ZB1402, ZB1500, ZB1502, ZB5000, ZB5001, ZB5100, ZB6001, ZB6100, ZB7001, ZB7100<\/li>\n<\/ul>\n<p><strong>Kubota-Motor<\/strong><\/p>\n<ul>\n<li>Z500, D650, D750, D850, D950<\/li>\n<\/ul>\n<p><strong>OEM als Referenz<\/strong><\/p>\n<ul>\n<li>15372-64010, 1537264010<\/li>\n<li>15372- 64011, 1537264011<\/li>\n<li>15372- 64012, 1537264012<\/li>\n<\/ul>\n","protected":false},"excerpt":{"rendered":"<p>Lichtmaschine Magnet-Wasserflansch f\u00fcr Kubota-Motoren von hoher Qualit\u00e4t, ausgestattet mit 2 Kabeln. Die entsprechenden kompatiblen Modelle wurden im Folgenden sorgf\u00e4ltig ausgew\u00e4hlt Kubota B10, B1200, B1400, B1402, B1500, B1502, B4200, B5000, B5001, B5100, B6001, B6100, B7001, B7100 Zen-noh ZB10, ZB1200, ZB1400, ZB1402, ZB1500, ZB1502, ZB5000, ZB5001, ZB5100, ZB6001, ZB6100, ZB7001, ZB7100 Kubota-Motor Z500, D650, D750, D850, D950&hellip;<\/p>\n","protected":false},"featured_media":95473,"comment_status":"open","ping_status":"closed","template":"","meta":[],"product_cat":[375],"product_tag":[],"class_list":{"0":"post-92649","1":"product","2":"type-product","3":"status-publish","4":"has-post-thumbnail","6":"product_cat-lichtmaschine-teile","7":"pa_merk-kubota-de","8":"pa_merk-zen-noh-de","9":"pa_motor-d650-de","10":"pa_motor-d750-de","11":"pa_motor-d850-de","12":"pa_motor-d950-de","13":"pa_motor-z500-de","15":"first","16":"outofstock","17":"sale","18":"taxable","19":"shipping-taxable","20":"purchasable","21":"product-type-simple","22":"col-xs-6 col-sm-4","23":"col-md-3 col-lg-3","24":"un-4-cols"},"_links":{"self":[{"href":"https:\/\/shop4trac.com\/de\/wp-json\/wp\/v2\/product\/92649","targetHints":{"allow":["GET"]}}],"collection":[{"href":"https:\/\/shop4trac.com\/de\/wp-json\/wp\/v2\/product"}],"about":[{"href":"https:\/\/shop4trac.com\/de\/wp-json\/wp\/v2\/types\/product"}],"replies":[{"embeddable":true,"href":"https:\/\/shop4trac.com\/de\/wp-json\/wp\/v2\/comments?post=92649"}],"wp:featuredmedia":[{"embeddable":true,"href":"https:\/\/shop4trac.com\/de\/wp-json\/wp\/v2\/media\/95473"}],"wp:attachment":[{"href":"https:\/\/shop4trac.com\/de\/wp-json\/wp\/v2\/media?parent=92649"}],"wp:term":[{"taxonomy":"product_cat","embeddable":true,"href":"https:\/\/shop4trac.com\/de\/wp-json\/wp\/v2\/product_cat?post=92649"},{"taxonomy":"product_tag","embeddable":true,"href":"https:\/\/shop4trac.com\/de\/wp-json\/wp\/v2\/product_tag?post=92649"}],"curies":[{"name":"wp","href":"https:\/\/api.w.org\/{rel}","templated":true}]}}