{"id":91409,"date":"2023-11-01T22:11:24","date_gmt":"2023-11-01T20:11:24","guid":{"rendered":"https:\/\/shop4trac.com\/unkategorisiert\/vorderachsdichtung-kubota-sicherungsring-ae2074f\/"},"modified":"2026-04-08T21:02:44","modified_gmt":"2026-04-08T20:02:44","slug":"dichtung-fur-vorderachse-kubota-dichtung-ae2074f","status":"publish","type":"product","link":"https:\/\/shop4trac.com\/de\/kupplung-getriebe\/dichtung\/dichtung-fur-vorderachse-kubota-dichtung-ae2074f\/","title":{"rendered":"Vorderachsdichtung Kubota | Sicherungsring AE2074E"},"content":{"rendered":"<p>Wellendichtring \u2013 \u00d6ldichtung passend f\u00fcr die Vorderachse der unten abgebildeten Traktoren. Mit gro\u00dfer Sorgfalt wurden die Modelle auf diesem Siegel ausgesucht!<\/p>\n<p><strong>Technische Daten<\/strong><\/p>\n<ul>\n<li>35\u044552\u044512<\/li>\n<\/ul>\n<p><strong>Iseki<\/strong><\/p>\n<div class=\"group w-full text-token-text-primary border-b border-black\/10 gizmo:border-0 dark:border-gray-900\/50 gizmo:dark:border-0 bg-gray-50 gizmo:bg-transparent dark:bg-[#444654] gizmo:dark:bg-transparent\" data-testid=\"conversation-turn-15\">\n<div class=\"p-4 gizmo:py-2 justify-center text-base md:gap-6 md:py-6 m-auto\">\n<div class=\"flex flex-1 gap-4 text-base mx-auto md:gap-6 gizmo:gap-3 gizmo:md:px-5 gizmo:lg:px-1 gizmo:xl:px-5 md:max-w-2xl lg:max-w-[38rem] gizmo:md:max-w-3xl gizmo:lg:max-w-[40rem] gizmo:xl:max-w-[48rem] xl:max-w-3xl }\">\n<div class=\"relative flex w-[calc(100%-50px)] flex-col gizmo:w-full lg:w-[calc(100%-115px)] agent-turn\">\n<div class=\"flex-col gap-1 md:gap-3\">\n<div class=\"flex flex-grow flex-col gap-3 max-w-full\">\n<div class=\"min-h-[20px] flex flex-col items-start gap-3 whitespace-pre-wrap break-words overflow-x-auto\" data-message-author-role=\"assistant\" data-message-id=\"a67b39b2-160a-4436-a8a1-8c70fd6285be\">\n<div class=\"markdown prose w-full break-words dark:prose-invert light\">\n<ul>\n<li>TX145, TX155, TX1000, TX1210, TX1300, TX1410, TX1500, TX1510, TX2140, TX2160<\/li>\n<li>TU150, TU160, TU170<\/li>\n<li>TU1400, TU1500, TU1600<\/li>\n<li>TU1401, TU1501, TU1601<\/li>\n<\/ul>\n<\/div>\n<\/div>\n<\/div>\n<div class=\"flex justify-between empty:hidden gizmo:justify-start gizmo:gap-3 lg:block gizmo:lg:flex\"><\/div>\n<\/div>\n<\/div>\n<\/div>\n<\/div>\n<\/div>\n<p><strong>Kubota<\/strong><\/p>\n<ul>\n<li>BULLTRA B-10, B6100, B7100, B8200, B1550, B1700, B1750 DT, B20, ASTE A-13, ASTE A-14<\/li>\n<li>B1-14, B1-15, B1-16, B1-17<\/li>\n<li>B72, B1400, B1402, B1500, B1502, B1600, B6001, B7000, B7001<\/li>\n<li>Bulltra B1-10, B1-14, B1-15, B1-16, B1-17<\/li>\n<li>GB13, GB135, GB14, GB145, GB15, GB155, GB16, GB18, GB20, GB160, GB175, GB180, GB200<\/li>\n<li>GL19, GL21, GL23, GL25, GL26, GL28, GL29, GL32, GL33, GL201, GL221, GL241, GL261, GL200, GL220, GL240, GL260, GL280.<\/li>\n<li>A30, Aste A13, Aste A14, Aste A15, Aste A155, Aste A17, Aste A175, Aste A19, Aste A195, GT3, GT5, GT8, \u0445-20<\/li>\n<li>B2301HSD, B2320DT, B2320DZWEI, B2320HSD, B2601HSD, B2601HSD-1, B2620HSD, B2630HSD, B2650HSD, B2650HSDC, B2920HSD<\/li>\n<li>B3000HSDC, B3000HSDCC, B3030HSD, B3030HSDC, B3030HSDCC, B3200HSD, B3350HSD, B3350HSDC<\/li>\n<li>BX1860, BX1870, BX1870-1, BX1880, BX2360, BX2370, BX2370-1, BX2380, BX23S, BX25, BX25DLB, BX25DLB-1, BX2660D, BX2670, BX2670-1.<\/li>\n<li>RTV-X1100CR, RTV-X1100CW, RTV-X1120DR, RTV-X1120DW, RTV-X900G, RTV-X900R, RTV-X900W<\/li>\n<\/ul>\n<p><strong>Zen-noh<\/strong><\/p>\n<ul>\n<li>ZB1400, ZB1402, ZB1500, ZB1502, ZB1600, ZB6001, ZB7000, ZB7001<\/li>\n<li>ZB1-10, ZB1-14, ZB1-15, ZB1-16, ZB1-17.<\/li>\n<\/ul>\n<p><strong>OEM als Referenz<\/strong><\/p>\n<ul>\n<li>142743301100<\/li>\n<li>63733-17150<\/li>\n<li>6E040-57340<\/li>\n<li>AE2074F, AE2074E<\/li>\n<\/ul>\n","protected":false},"excerpt":{"rendered":"<p>Wellendichtring \u2013 \u00d6ldichtung passend f\u00fcr die Vorderachse der unten abgebildeten Traktoren. Mit gro\u00dfer Sorgfalt wurden die Modelle auf diesem Siegel ausgesucht! Technische Daten 35\u044552\u044512 Iseki TX145, TX155, TX1000, TX1210, TX1300, TX1410, TX1500, TX1510, TX2140, TX2160 TU150, TU160, TU170 TU1400, TU1500, TU1600 TU1401, TU1501, TU1601 Kubota BULLTRA B-10, B6100, B7100, B8200, B1550, B1700, B1750 DT, B20,&hellip;<\/p>\n","protected":false},"featured_media":95388,"comment_status":"open","ping_status":"open","template":"","meta":[],"product_cat":[5937,19074],"product_tag":[],"class_list":{"0":"post-91409","1":"product","2":"type-product","3":"status-publish","4":"has-post-thumbnail","6":"product_cat-dichtung","7":"product_cat-oldichtung-fur-vorderachse-und-hinterachse","8":"pa_merk-iseki-de","9":"pa_merk-kubota-de","10":"pa_merk-zen-noh-de","12":"first","13":"instock","14":"sale","15":"taxable","16":"shipping-taxable","17":"purchasable","18":"product-type-simple","19":"col-xs-6 col-sm-4","20":"col-md-3 col-lg-3","21":"un-4-cols"},"_links":{"self":[{"href":"https:\/\/shop4trac.com\/de\/wp-json\/wp\/v2\/product\/91409","targetHints":{"allow":["GET"]}}],"collection":[{"href":"https:\/\/shop4trac.com\/de\/wp-json\/wp\/v2\/product"}],"about":[{"href":"https:\/\/shop4trac.com\/de\/wp-json\/wp\/v2\/types\/product"}],"replies":[{"embeddable":true,"href":"https:\/\/shop4trac.com\/de\/wp-json\/wp\/v2\/comments?post=91409"}],"wp:featuredmedia":[{"embeddable":true,"href":"https:\/\/shop4trac.com\/de\/wp-json\/wp\/v2\/media\/95388"}],"wp:attachment":[{"href":"https:\/\/shop4trac.com\/de\/wp-json\/wp\/v2\/media?parent=91409"}],"wp:term":[{"taxonomy":"product_cat","embeddable":true,"href":"https:\/\/shop4trac.com\/de\/wp-json\/wp\/v2\/product_cat?post=91409"},{"taxonomy":"product_tag","embeddable":true,"href":"https:\/\/shop4trac.com\/de\/wp-json\/wp\/v2\/product_tag?post=91409"}],"curies":[{"name":"wp","href":"https:\/\/api.w.org\/{rel}","templated":true}]}}