{"id":88361,"date":"2023-09-20T14:10:51","date_gmt":"2023-09-20T13:10:51","guid":{"rendered":"https:\/\/shop4trac.com\/unkategorisiert\/kolbenringe-yanmar-3tne68\/"},"modified":"2025-11-17T19:24:18","modified_gmt":"2025-11-17T17:24:18","slug":"kolbenringe-yanmar-3tne68","status":"publish","type":"product","link":"https:\/\/shop4trac.com\/de\/motorteile\/kolbenringe\/kolbenringe-yanmar-3tne68\/","title":{"rendered":"Kolbenringe Yanmar 2TNE68 | 3TNE68 | Takeuchi | Komatsu 3D68E"},"content":{"rendered":"<p>Die Kolbenringe sind von hoher <strong>europ\u00e4ischer<\/strong> Qualit\u00e4t und die kompatiblen Modelle wurden mit gro\u00dfer Sorgfalt ausgesucht:<\/p>\n<p align=\"start\" data-spm-anchor-id=\"a2g0o.detail.1000023.i1.5b960eVZ0eVZKM\"><strong><span id=\"tl_16\">Yanmar<\/span><\/strong><\/p>\n<ul>\n<li data-spm-anchor-id=\"a2g0o.detail.1000023.i1.5b960eVZ0eVZKM\"><span id=\"tl_17\">Ke-13, Ke-14, GC215, GC216, GC217, GP8PWU, GP10PWU<\/span><\/li>\n<li data-spm-anchor-id=\"a2g0o.detail.1000023.i1.5b960eVZ0eVZKM\"><span id=\"tl_15\">VIO15, VIO20, B15, B15-3, 1403<\/span><\/li>\n<\/ul>\n<p><span id=\"tl_15\"><strong>Takeuchi<\/strong> <\/span><\/p>\n<ul>\n<li><span id=\"tl_15\">TB014, TB015, TB016<\/span><\/li>\n<\/ul>\n<p><strong>Doosan Deawoo<\/strong><\/p>\n<ul>\n<li>SOLAR 010<\/li>\n<\/ul>\n<p><strong>Minicar Chatenet<\/strong><\/p>\n<ul>\n<li>CH26<\/li>\n<\/ul>\n<p><strong>Komatsu:<\/strong><\/p>\n<ul>\n<li>2D68E, 3D68<\/li>\n<li>PC12R-8, PC12R-8, PC15R-8 DELUXE, PC15R-8 DELUXE<\/li>\n<\/ul>\n<p><strong>Takeuchi:<\/strong><\/p>\n<ul>\n<li>TB007, TB108<\/li>\n<\/ul>\n<p align=\"start\" data-spm-anchor-id=\"a2g0o.detail.1000023.i1.5b960eVZ0eVZKM\"><strong>Yanmar Motor<\/strong><\/p>\n<ul>\n<li><span id=\"tl_10\">3TNE68, 3TNE68-ETB1, 3TNE68-MY, 3TNE68-YB, 3TNE68-YBB, 3TNE68-EAC, 3TNE68-EYB, 3TNE68-SA, 3TNE68-G1A<\/span><\/li>\n<li>2TNE68<\/li>\n<li>2D68E, 3D68E<\/li>\n<li>4TNE68<\/li>\n<\/ul>\n<p><strong>OEM als Referenz<\/strong><\/p>\n<ul>\n<li>119265-22500, 11926522500, YM119265-22500, YM11926522500<\/li>\n<li>719600-22502<\/li>\n<\/ul>\n<p><span style=\"text-decoration: underline\">Preis gilt pro Zylinder!<\/span><\/p>\n<p><strong>Andere Maschinen<\/strong><\/p>\n<p><strong>IHI<\/strong><\/p>\n<ul>\n<li>12VXE<\/li>\n<\/ul>\n<p><strong>JCB<\/strong><\/p>\n<ul>\n<li>Workmax 800D<\/li>\n<\/ul>\n<p><strong>J.L.G<\/strong><\/p>\n<ul>\n<li>40ic, 45ic, 26MRT, 410C, 451C<\/li>\n<\/ul>\n<p><strong>Kobelco<\/strong><\/p>\n<ul>\n<li>SK09SR, SK16MSR<\/li>\n<\/ul>\n<p><strong>Menzi Muck<\/strong><\/p>\n<ul>\n<li>Menzi IHI 12vxe<\/li>\n<\/ul>\n<p><strong>Takeuchi<\/strong><\/p>\n<ul>\n<li>TB15FR<\/li>\n<\/ul>\n<p><strong>Wacker Neuson<\/strong><\/p>\n<ul>\n<li>1402RD Primus, 1402RD, 1403, 1502RD, 1503<\/li>\n<\/ul>\n<p><strong>Yanmar<\/strong><\/p>\n<ul>\n<li>B08-3, B15, B15-3, B17-2, B18-3, B19, 2TNE68, 3TNE68<\/li>\n<\/ul>\n<p><strong>Komatsu<\/strong><\/p>\n<ul>\n<li>2D68E, 3D68<\/li>\n<\/ul>\n<p><strong>Bellier Automobile<\/strong><\/p>\n<ul>\n<li>B8, Klassiker, Rennsport, Urban<\/li>\n<\/ul>\n<p><strong>Chatenet<\/strong><\/p>\n<ul>\n<li>CH26, CH32<\/li>\n<\/ul>\n<p><strong>JDM<\/strong><\/p>\n<ul>\n<li>Xheos<\/li>\n<\/ul>\n","protected":false},"excerpt":{"rendered":"<p>Die Kolbenringe sind von hoher europ\u00e4ischer Qualit\u00e4t und die kompatiblen Modelle wurden mit gro\u00dfer Sorgfalt ausgesucht: Yanmar Ke-13, Ke-14, GC215, GC216, GC217, GP8PWU, GP10PWU VIO15, VIO20, B15, B15-3, 1403 Takeuchi TB014, TB015, TB016 Doosan Deawoo SOLAR 010 Minicar Chatenet CH26 Komatsu: 2D68E, 3D68 PC12R-8, PC12R-8, PC15R-8 DELUXE, PC15R-8 DELUXE Takeuchi: TB007, TB108 Yanmar Motor 3TNE68,&hellip;<\/p>\n","protected":false},"featured_media":49182,"comment_status":"open","ping_status":"closed","template":"","meta":[],"product_cat":[418],"product_tag":[],"class_list":{"0":"post-88361","1":"product","2":"type-product","3":"status-publish","4":"has-post-thumbnail","6":"product_cat-kolbenringe","7":"pa_merk-daewoo-de","8":"pa_merk-komatsu-de","9":"pa_merk-takeuchi-de","10":"pa_merk-yanmar-de","12":"first","13":"instock","14":"sale","15":"taxable","16":"shipping-taxable","17":"purchasable","18":"product-type-simple","19":"col-xs-6 col-sm-4","20":"col-md-3 col-lg-3","21":"un-4-cols"},"_links":{"self":[{"href":"https:\/\/shop4trac.com\/de\/wp-json\/wp\/v2\/product\/88361","targetHints":{"allow":["GET"]}}],"collection":[{"href":"https:\/\/shop4trac.com\/de\/wp-json\/wp\/v2\/product"}],"about":[{"href":"https:\/\/shop4trac.com\/de\/wp-json\/wp\/v2\/types\/product"}],"replies":[{"embeddable":true,"href":"https:\/\/shop4trac.com\/de\/wp-json\/wp\/v2\/comments?post=88361"}],"wp:featuredmedia":[{"embeddable":true,"href":"https:\/\/shop4trac.com\/de\/wp-json\/wp\/v2\/media\/49182"}],"wp:attachment":[{"href":"https:\/\/shop4trac.com\/de\/wp-json\/wp\/v2\/media?parent=88361"}],"wp:term":[{"taxonomy":"product_cat","embeddable":true,"href":"https:\/\/shop4trac.com\/de\/wp-json\/wp\/v2\/product_cat?post=88361"},{"taxonomy":"product_tag","embeddable":true,"href":"https:\/\/shop4trac.com\/de\/wp-json\/wp\/v2\/product_tag?post=88361"}],"curies":[{"name":"wp","href":"https:\/\/api.w.org\/{rel}","templated":true}]}}