{"id":88222,"date":"2023-09-19T23:54:25","date_gmt":"2023-09-19T22:57:47","guid":{"rendered":"https:\/\/shop4trac.com\/unkategorisiert\/handbuch-kubota-b1-14-b1-15dt-teileliste-japanisch\/"},"modified":"2025-08-01T17:29:37","modified_gmt":"2025-08-01T15:29:37","slug":"manual-kubota-b1-14-b1-15dt-parts-list-japanese","status":"publish","type":"product","link":"https:\/\/shop4trac.com\/de\/sonstige-teile\/handbuch\/manual-kubota-b1-14-b1-15dt-parts-list-japanese\/","title":{"rendered":"Handbuch Kubota B1-14 | B1-15DT Teileliste | Japanisch"},"content":{"rendered":"<p>Vollst\u00e4ndige St\u00fcckliste passend f\u00fcr:<\/p>\n<p><strong>Kubota<\/strong><\/p>\n<ul>\n<li>B1-14, B1-14DT<\/li>\n<li>B1-15, B1-15DT<\/li>\n<\/ul>\n<p>Bestehend aus 260 Seiten<\/p>\n<p><strong>Sprache<\/strong><\/p>\n<p><strong>Japanisch!<\/strong><\/p>\n","protected":false},"excerpt":{"rendered":"<p>Vollst\u00e4ndige St\u00fcckliste passend f\u00fcr: Kubota B1-14, B1-14DT B1-15, B1-15DT Bestehend aus 260 Seiten Sprache Japanisch!<\/p>\n","protected":false},"featured_media":94617,"comment_status":"open","ping_status":"open","template":"","meta":[],"product_cat":[782],"product_tag":[],"class_list":{"0":"post-88222","1":"product","2":"type-product","3":"status-publish","4":"has-post-thumbnail","6":"product_cat-handbuch","7":"pa_merk-kubota-de","8":"pa_merk-zen-noh-de","9":"pa_model-b1-14-de","10":"pa_model-b1-15-de","11":"pa_motor-d850-de","13":"first","14":"instock","15":"sale","16":"taxable","17":"shipping-taxable","18":"purchasable","19":"product-type-variable","20":"col-xs-6 col-sm-4","21":"col-md-3 col-lg-3","22":"un-4-cols"},"_links":{"self":[{"href":"https:\/\/shop4trac.com\/de\/wp-json\/wp\/v2\/product\/88222","targetHints":{"allow":["GET"]}}],"collection":[{"href":"https:\/\/shop4trac.com\/de\/wp-json\/wp\/v2\/product"}],"about":[{"href":"https:\/\/shop4trac.com\/de\/wp-json\/wp\/v2\/types\/product"}],"replies":[{"embeddable":true,"href":"https:\/\/shop4trac.com\/de\/wp-json\/wp\/v2\/comments?post=88222"}],"wp:featuredmedia":[{"embeddable":true,"href":"https:\/\/shop4trac.com\/de\/wp-json\/wp\/v2\/media\/94617"}],"wp:attachment":[{"href":"https:\/\/shop4trac.com\/de\/wp-json\/wp\/v2\/media?parent=88222"}],"wp:term":[{"taxonomy":"product_cat","embeddable":true,"href":"https:\/\/shop4trac.com\/de\/wp-json\/wp\/v2\/product_cat?post=88222"},{"taxonomy":"product_tag","embeddable":true,"href":"https:\/\/shop4trac.com\/de\/wp-json\/wp\/v2\/product_tag?post=88222"}],"curies":[{"name":"wp","href":"https:\/\/api.w.org\/{rel}","templated":true}]}}