{"id":88036,"date":"2023-09-17T14:36:27","date_gmt":"2023-09-17T13:36:27","guid":{"rendered":"https:\/\/shop4trac.com\/unkategorisiert\/kolbenringe-yanmar-3tnv76-3d76e-john-deere\/"},"modified":"2025-10-06T10:00:32","modified_gmt":"2025-10-06T08:00:32","slug":"kolbenringe-yanmar-3tnv76-3d76e-john-deere","status":"publish","type":"product","link":"https:\/\/shop4trac.com\/de\/motorteile\/kolbenringe\/kolbenringe-yanmar-3tnv76-3d76e-john-deere\/","title":{"rendered":"Kolbenringe Yanmar 3TNV76 | 3D76E | John Deere"},"content":{"rendered":"<p>Die Kolbenringe sind von hoher <strong>europ\u00e4ischer<\/strong> Qualit\u00e4t und die kompatiblen Modelle wurden mit gro\u00dfer Sorgfalt ausgesucht:<\/p>\n<p><strong>Yanmar Motor<\/strong><\/p>\n<ul>\n<li>3TNV76<\/li>\n<\/ul>\n<p><strong>Yanmar<\/strong><\/p>\n<ul>\n<li>GK165, GK185, GK200, GK222<\/li>\n<\/ul>\n<p><strong>John Deere<\/strong><\/p>\n<ul>\n<li>X748, X749, X495, X744<\/li>\n<li>1435<\/li>\n<li>1026R, 2305<\/li>\n<\/ul>\n<p><strong>Takeushi<\/strong><\/p>\n<ul>\n<li>TB20R<\/li>\n<\/ul>\n<p><strong>Goldoni<\/strong><\/p>\n<ul>\n<li>Boxster 25<\/li>\n<\/ul>\n<p><strong>Komatsu <\/strong><\/p>\n<ul>\n<li>PC22MR-3 PC26MR-3<\/li>\n<li>3D76E<\/li>\n<\/ul>\n<p><strong>Landini<\/strong><\/p>\n<ul>\n<li>4630 ARM, 4630 ISM,<\/li>\n<\/ul>\n<p><strong>McCormick<\/strong><\/p>\n<ul>\n<li>4630 ARM, 4630 ISM,<\/li>\n<\/ul>\n<p><strong>Valpadana<\/strong><\/p>\n<ul>\n<li>4630 ARM, 4630 ISM,<\/li>\n<\/ul>\n<p><strong>Ammann<\/strong><\/p>\n<ul>\n<li>AV 12-2, AV 16-2 K, AV 16-2, AV 20-2,<\/li>\n<\/ul>\n<p><strong>Fuchs<\/strong><\/p>\n<ul>\n<li>F853,<\/li>\n<\/ul>\n<p><strong>Gehl<\/strong><\/p>\n<ul>\n<li>AL-140,<\/li>\n<\/ul>\n<p><strong>Hitachi<\/strong><\/p>\n<ul>\n<li>Zaxis \/ ZX 26U-5A,<\/li>\n<\/ul>\n<p><strong>Kramer<\/strong><\/p>\n<ul>\n<li>250, 348-00, 0001 -&gt;,<\/li>\n<\/ul>\n<p><strong>Maeda<\/strong><\/p>\n<ul>\n<li>MC-305C-2,<\/li>\n<\/ul>\n<p><strong>Mustang<\/strong><\/p>\n<ul>\n<li>AL-106, 1503, 2803ZT,<\/li>\n<\/ul>\n<p><strong>Wacker Neuson<\/strong><\/p>\n<ul>\n<li>1404, 1703, 1703, 2003, 2003, 2404, 28Z3, 28Z3, ET18, ET20, ET24, EZ17, EZ28<\/li>\n<\/ul>\n<p><strong>Mase<\/strong><\/p>\n<ul>\n<li>IS 7.6, IS 8.1, Mariner 810,<\/li>\n<\/ul>\n<p><strong>Mosa<\/strong><\/p>\n<ul>\n<li>GE 10 YSX, GE 10 YSXC, GE 8 YSXC<\/li>\n<\/ul>\n<p><strong>Gr\u00f6\u00dfe<\/strong><\/p>\n<ul>\n<li>76mm<\/li>\n<\/ul>\n<p><strong>OEM als Referenz<\/strong><\/p>\n<ul>\n<li>119717-22500<\/li>\n<\/ul>\n<p>Kompletter Satz pro Zylinder.<\/p>\n<p><span style=\"text-decoration: underline\">Preis gilt pro Zylinder!<\/span><\/p>\n","protected":false},"excerpt":{"rendered":"<p>Die Kolbenringe sind von hoher europ\u00e4ischer Qualit\u00e4t und die kompatiblen Modelle wurden mit gro\u00dfer Sorgfalt ausgesucht: Yanmar Motor 3TNV76 Yanmar GK165, GK185, GK200, GK222 John Deere X748, X749, X495, X744 1435 1026R, 2305 Takeushi TB20R Goldoni Boxster 25 Komatsu PC22MR-3 PC26MR-3 3D76E Landini 4630 ARM, 4630 ISM, McCormick 4630 ARM, 4630 ISM, Valpadana 4630 ARM,&hellip;<\/p>\n","protected":false},"featured_media":32889,"comment_status":"open","ping_status":"closed","template":"","meta":[],"product_cat":[418],"product_tag":[],"class_list":{"0":"post-88036","1":"product","2":"type-product","3":"status-publish","4":"has-post-thumbnail","6":"product_cat-kolbenringe","7":"pa_merk-hitachi-de","8":"pa_merk-john-deere-de","9":"pa_merk-komatsu-de","10":"pa_merk-landini-de","11":"pa_merk-takeuchi-de","12":"pa_merk-yanmar-de","13":"pa_motor-3tnv76-de","15":"first","16":"instock","17":"sale","18":"taxable","19":"shipping-taxable","20":"purchasable","21":"product-type-simple","22":"col-xs-6 col-sm-4","23":"col-md-3 col-lg-3","24":"un-4-cols"},"_links":{"self":[{"href":"https:\/\/shop4trac.com\/de\/wp-json\/wp\/v2\/product\/88036","targetHints":{"allow":["GET"]}}],"collection":[{"href":"https:\/\/shop4trac.com\/de\/wp-json\/wp\/v2\/product"}],"about":[{"href":"https:\/\/shop4trac.com\/de\/wp-json\/wp\/v2\/types\/product"}],"replies":[{"embeddable":true,"href":"https:\/\/shop4trac.com\/de\/wp-json\/wp\/v2\/comments?post=88036"}],"wp:featuredmedia":[{"embeddable":true,"href":"https:\/\/shop4trac.com\/de\/wp-json\/wp\/v2\/media\/32889"}],"wp:attachment":[{"href":"https:\/\/shop4trac.com\/de\/wp-json\/wp\/v2\/media?parent=88036"}],"wp:term":[{"taxonomy":"product_cat","embeddable":true,"href":"https:\/\/shop4trac.com\/de\/wp-json\/wp\/v2\/product_cat?post=88036"},{"taxonomy":"product_tag","embeddable":true,"href":"https:\/\/shop4trac.com\/de\/wp-json\/wp\/v2\/product_tag?post=88036"}],"curies":[{"name":"wp","href":"https:\/\/api.w.org\/{rel}","templated":true}]}}