{"id":86597,"date":"2023-08-25T13:22:14","date_gmt":"2023-08-25T12:22:14","guid":{"rendered":"https:\/\/shop4trac.com\/unkategorisiert\/motoroelfilter-iseki-tg-th-komatsu-pc-new-holland-boomer-shibaura-mf-1260-2760e\/"},"modified":"2026-03-23T18:32:28","modified_gmt":"2026-03-23T17:32:28","slug":"motorolfilter-iseki-komatsu","status":"publish","type":"product","link":"https:\/\/shop4trac.com\/de\/filter\/oelfilter\/motorolfilter-iseki-komatsu\/","title":{"rendered":"Motor\u00f6lfilter Iseki TG \u2013 TH | Komatsu-PC | New Holland Boomer | Shibaura | MF 1260 \u2013 2760E"},"content":{"rendered":"<p>\u00d6lfilter <strong>in europ\u00e4ischer<\/strong> Qualit\u00e4t. Mit gro\u00dfer Sorgfalt wurde nach kompatiblen Modellen gesucht:<\/p>\n<table>\n<tbody>\n<tr>\n<td>ISEKI<\/td>\n<td>\n<ul>\n<li>5470<\/li>\n<li>SF 370, SF 438, SF 450 FH, SF 551<\/li>\n<li>TG 5390, TG 5395, TG 5470, TG 5475 AHL, TG 5570, TG 6370, TG 6375, TG 6400, TG 6407, TG 6490, TG 6495, TG 6507, TG 6657, TG 6670, TG 6670 AHL, TG 6675 AHL, TG 6687<\/li>\n<li>TH 4365 FH, TH 45, TH 5370 H, TH 5420 H<\/li>\n<li>TK 553<\/li>\n<li>TLE 3400, TLE 3410, TLE 4550<\/li>\n<\/ul>\n<\/td>\n<\/tr>\n<tr>\n<td>JOHN DEERE<\/td>\n<td>\n<ul>\n<li>XUV 590 M<\/li>\n<\/ul>\n<\/td>\n<\/tr>\n<tr>\n<td>KOMATSU<\/td>\n<td>\n<ul>\n<li>4 D 95, FD 15 L, FD 40-10 US, FD 45-10 US, FG 25 HT-16 R<\/li>\n<li>PC 118 MR-8, PC 128 US-10, PC 130-7 K, PC 130-8, PC 138 US-10, PC 138 US-11, PC 138 US-8<\/li>\n<li>PC 78 MR-6, PC 78 US-6<\/li>\n<li>PC 88 MR-10, PC 88 MR-11, PC 88 MR-11EO, PC 88 MR-6, PC 88 MR-8<\/li>\n<li>PW 118 MR-11, PW 118 MR-8, PW 138 MR-11 E0, PW 98 MR-10, PW 98 MR-11, PW 98 MR-6, PW 98 MR-8<\/li>\n<li>S 4 D 95 LW E3, SAA 4 D 95 LE 5<\/li>\n<li>WA 100-5 M, WA 100-6, WA 65-5, WA 65-6, WA 70-5, WA 70-6, WA 70-7, WA 80-5H, WA 80-6, WA 80M-7, WA 90-5, WA 90-6<\/li>\n<li>WB 93 S-5<\/li>\n<\/ul>\n<\/td>\n<\/tr>\n<tr>\n<td>MASSEY FERGUSON<\/td>\n<td>\n<ul>\n<li>1260, 1540, 1560, 1655, 1660, 1734 E, 1735 M, 1739 E, 1740 M, 1760 M, 2705 E, 2706 E, 2750 E, 2760 E<\/li>\n<li>MF 1520, MF 1525, MF 1529, MF 1532, MF 1540, MF 1547, MF 1560, MF 1660, MF 1735 M, MF 1740 M, MF 1750 M, MF 1755 M, MF 1765 M<\/li>\n<\/ul>\n<\/td>\n<\/tr>\n<tr>\n<td>NEUHOLLAND<\/td>\n<td>\n<ul>\n<li>1020 BOOMER, 1025 BOOMER, 1030 BOOMER, 2030 BOOMER, 2035 BOOMER<\/li>\n<li>45 WERKMEISTER, 55 WERKMEISTER<\/li>\n<li>L 213, LS 140, LS 150, LS 160, LS 170, LS 180<\/li>\n<li>T 1510, T 1520, T 1560, T 1570<\/li>\n<\/ul>\n<\/td>\n<\/tr>\n<tr>\n<td>SHIBAURA<\/td>\n<td>\n<ul>\n<li>CM 274, CM 284, CM 304, CM 314, CM 354, CM 364, CM 374<\/li>\n<li>S 1500, S 328 HST, S 330\/HST, S 33 H, SP 2500, ST 329\/HST, ST 333\/HST, SX 24 HST<\/li>\n<\/ul>\n<\/td>\n<\/tr>\n<tr>\n<td>YAMAHA SCHIFF<\/td>\n<td>\n<ul>\n<li>242 BEGRENZT, AR 240<\/li>\n<li>F 150 A\/4, F 150 D\/4, F 175 A\/4, F 200 C\/V6, F 200 F\/4, F 200 G\/4, F 225 B\/V6, F 225 C\/V6, F 250 A\/V6, F 250 B\/V6<\/li>\n<li>SX 240, SXT 1800 A-K<\/li>\n<\/ul>\n<\/td>\n<\/tr>\n<\/tbody>\n<\/table>\n<p><strong>OEM als Referenz<\/strong><\/p>\n<ul>\n<li>T1637<\/li>\n<\/ul>\n<p>&nbsp;<\/p>\n","protected":false},"excerpt":{"rendered":"<p>\u00d6lfilter in europ\u00e4ischer Qualit\u00e4t. Mit gro\u00dfer Sorgfalt wurde nach kompatiblen Modellen gesucht: ISEKI 5470 SF 370, SF 438, SF 450 FH, SF 551 TG 5390, TG 5395, TG 5470, TG 5475 AHL, TG 5570, TG 6370, TG 6375, TG 6400, TG 6407, TG 6490, TG 6495, TG 6507, TG 6657, TG 6670, TG 6670 AHL,&hellip;<\/p>\n","protected":false},"featured_media":94327,"comment_status":"open","ping_status":"open","template":"","meta":[],"product_cat":[385],"product_tag":[],"class_list":{"0":"post-86597","1":"product","2":"type-product","3":"status-publish","4":"has-post-thumbnail","6":"product_cat-oelfilter","7":"pa_merk-iseki-de","8":"pa_merk-john-deere-de","9":"pa_merk-massey-ferguson-de","10":"pa_merk-new-holland-de","11":"pa_merk-shibaura-de","13":"first","14":"instock","15":"taxable","16":"shipping-taxable","17":"purchasable","18":"product-type-simple","19":"col-xs-6 col-sm-4","20":"col-md-3 col-lg-3","21":"un-4-cols"},"_links":{"self":[{"href":"https:\/\/shop4trac.com\/de\/wp-json\/wp\/v2\/product\/86597","targetHints":{"allow":["GET"]}}],"collection":[{"href":"https:\/\/shop4trac.com\/de\/wp-json\/wp\/v2\/product"}],"about":[{"href":"https:\/\/shop4trac.com\/de\/wp-json\/wp\/v2\/types\/product"}],"replies":[{"embeddable":true,"href":"https:\/\/shop4trac.com\/de\/wp-json\/wp\/v2\/comments?post=86597"}],"wp:featuredmedia":[{"embeddable":true,"href":"https:\/\/shop4trac.com\/de\/wp-json\/wp\/v2\/media\/94327"}],"wp:attachment":[{"href":"https:\/\/shop4trac.com\/de\/wp-json\/wp\/v2\/media?parent=86597"}],"wp:term":[{"taxonomy":"product_cat","embeddable":true,"href":"https:\/\/shop4trac.com\/de\/wp-json\/wp\/v2\/product_cat?post=86597"},{"taxonomy":"product_tag","embeddable":true,"href":"https:\/\/shop4trac.com\/de\/wp-json\/wp\/v2\/product_tag?post=86597"}],"curies":[{"name":"wp","href":"https:\/\/api.w.org\/{rel}","templated":true}]}}