{"id":83950,"date":"2023-07-04T10:34:01","date_gmt":"2023-07-04T09:34:01","guid":{"rendered":"https:\/\/shop4trac.com\/unkategorisiert\/einspritzduese-kubota-v1903-v2203-d1703\/"},"modified":"2025-12-04T14:59:38","modified_gmt":"2025-12-04T12:59:38","slug":"einspritzduese-kubota-v1903-v2203-d1703","status":"publish","type":"product","link":"https:\/\/shop4trac.com\/de\/motorteile\/einspritzduse\/einspritzduese-kubota-v1903-v2203-d1703\/","title":{"rendered":"Einspritzd\u00fcse Kubota V1903 | V2203 | D1703"},"content":{"rendered":"<p>Injektor \/ Zerst\u00e4uberd\u00fcse geeignet f\u00fcr:<\/p>\n<p><strong>Kubota-Motor<\/strong><\/p>\n<ul>\n<li>V1903, V2203, V2203M, D1703<\/li>\n<li>V2203-M, V2203, V2203E<\/li>\n<li>V1903, V1903-B, V1903E, 4D80<\/li>\n<\/ul>\n<ul>\n<li>F2803<\/li>\n<\/ul>\n<p><strong>Kubota<\/strong> :<\/p>\n<ul>\n<li>L4240 GST, L4240 HST, L4240<\/li>\n<li>L4310 GST, L4310 HST, L4310<\/li>\n<li>L4400<\/li>\n<li>L4630 GST, L4630<\/li>\n<li>L4060GST, L4060HST, L4060, L4701HST, L4701, L4740GST, L4740HST, L4760GST, L4760HST, L5030GST, L5030HST, L5030, L5040GST, L5040, L5060GST, L5240HST, L5240HST, L5460HST, L5740HST, L5740HST, L6060HST<\/li>\n<li>MX4800HST, MX4800, MX5200HST, MX5200, MX5800HST<\/li>\n<li>KX121-3a, KX121-3S<\/li>\n<li>KX161-3a<\/li>\n<li>KX161-3S<\/li>\n<li>U45-3a, U45-3S<\/li>\n<li>U50-3a<\/li>\n<li>KC250H-4<\/li>\n<li>R510, R510B (1994-1997)<\/li>\n<li>R520<\/li>\n<li>Alpha B, R520 Alpha, R520, R520B, R520S<\/li>\n<li>L3600<\/li>\n<li>L3710 GST, L3710 HST, L3710<\/li>\n<li>L2501 HST, Kubota L2501, Kubota L3240 GST, Kubota L3240 HST, Kubota L3240, Kubota L3300 GST, Kubota L3300, Kubota L3400 HST, Kubota L3400, Kubota L3410 GST, Kubota L3410 HST, Kubota L3410, Kubota L3430, Kubota L35<\/li>\n<li>KX037-4, KX91-3S2, U35-3S2, U35-4, U36-4<\/li>\n<li>L1361, L3301HST, L3301, L3540, L3540 GST, L3540 HST, L3560 GST, L3560 HST, L3560, L3800, L3830, L3901 HST, L3901<\/li>\n<li>KX040-4, KX042-4, KX101-3a3, KX101-3a4 HI, KX101-3a4, U35-3a3, RT270-2, RT280-2<\/li>\n<\/ul>\n<p><strong>Bobcat<\/strong><\/p>\n<ul>\n<li>430,<\/li>\n<li>325C\/D<\/li>\n<li>Bobcat: -325 (G-Reihe), 328 (G-Reihe), E34<\/li>\n<li>E32, E35<\/li>\n<\/ul>\n<p><strong>Gigantisch<\/strong>:<\/p>\n<ul>\n<li>V5001, V5001T<\/li>\n<li>V5002, V5002 X-tra<\/li>\n<li>V5003, V5003 Tele, V5003 X-tra<\/li>\n<li>Giant V5003T, Giant V5003T Tele, Giant V5003T X-tra, Giant V6001T, Giant V6001T X-tra, Giant V6004T, Giant V6004T Tele, Giant V6004T X-tra.<\/li>\n<\/ul>\n<p><strong>Sch\u00e4fer<\/strong> :<\/p>\n<ul>\n<li>3033S (ab 2005)<\/li>\n<li>3050 (ab 2005)<\/li>\n<li>3150 (ab 2005)<\/li>\n<li>4048<\/li>\n<li>4050Z<\/li>\n<li>442S (ab 2003)<\/li>\n<li>450T<\/li>\n<li>5050Z (bis 2008)<\/li>\n<li>4042, 442, 442S<\/li>\n<li>Sch\u00e4ffer \u2013 2033S, 2034, 2434, 3036, 336, 336, 336S<\/li>\n<li>336S<\/li>\n<\/ul>\n<p><strong>Wacker Neuson<\/strong><\/p>\n<ul>\n<li>3003, 3503, 3703<\/li>\n<\/ul>\n<p><strong>TYM<\/strong><\/p>\n<ul>\n<li>T390 2WD, T390 4WD, T400 2WD, T400 4WD<\/li>\n<\/ul>\n<p><strong>OEM als Referenz<\/strong><\/p>\n<ul>\n<li>16454-53610, 1645453610<\/li>\n<li>DNOPD95<\/li>\n<li>093100-5060<\/li>\n<\/ul>\n","protected":false},"excerpt":{"rendered":"<p>Injektor \/ Zerst\u00e4uberd\u00fcse geeignet f\u00fcr: Kubota-Motor V1903, V2203, V2203M, D1703 V2203-M, V2203, V2203E V1903, V1903-B, V1903E, 4D80 F2803 Kubota : L4240 GST, L4240 HST, L4240 L4310 GST, L4310 HST, L4310 L4400 L4630 GST, L4630 L4060GST, L4060HST, L4060, L4701HST, L4701, L4740GST, L4740HST, L4760GST, L4760HST, L5030GST, L5030HST, L5030, L5040GST, L5040, L5060GST, L5240HST, L5240HST, L5460HST, L5740HST, L5740HST, L6060HST&hellip;<\/p>\n","protected":false},"featured_media":192938,"comment_status":"open","ping_status":"closed","template":"","meta":[],"product_cat":[8109],"product_tag":[],"class_list":{"0":"post-83950","1":"product","2":"type-product","3":"status-publish","4":"has-post-thumbnail","6":"product_cat-einspritzduse","7":"pa_merk-bobcat-de","8":"pa_merk-giant-de","9":"pa_merk-kubota-de","10":"pa_merk-schaffer-de","11":"pa_merk-tym-de","13":"first","14":"instock","15":"sale","16":"taxable","17":"shipping-taxable","18":"purchasable","19":"product-type-simple","20":"col-xs-6 col-sm-4","21":"col-md-3 col-lg-3","22":"un-4-cols"},"_links":{"self":[{"href":"https:\/\/shop4trac.com\/de\/wp-json\/wp\/v2\/product\/83950","targetHints":{"allow":["GET"]}}],"collection":[{"href":"https:\/\/shop4trac.com\/de\/wp-json\/wp\/v2\/product"}],"about":[{"href":"https:\/\/shop4trac.com\/de\/wp-json\/wp\/v2\/types\/product"}],"replies":[{"embeddable":true,"href":"https:\/\/shop4trac.com\/de\/wp-json\/wp\/v2\/comments?post=83950"}],"wp:featuredmedia":[{"embeddable":true,"href":"https:\/\/shop4trac.com\/de\/wp-json\/wp\/v2\/media\/192938"}],"wp:attachment":[{"href":"https:\/\/shop4trac.com\/de\/wp-json\/wp\/v2\/media?parent=83950"}],"wp:term":[{"taxonomy":"product_cat","embeddable":true,"href":"https:\/\/shop4trac.com\/de\/wp-json\/wp\/v2\/product_cat?post=83950"},{"taxonomy":"product_tag","embeddable":true,"href":"https:\/\/shop4trac.com\/de\/wp-json\/wp\/v2\/product_tag?post=83950"}],"curies":[{"name":"wp","href":"https:\/\/api.w.org\/{rel}","templated":true}]}}