{"id":81853,"date":"2023-05-25T17:26:50","date_gmt":"2023-05-25T16:26:50","guid":{"rendered":"https:\/\/shop4trac.com\/unkategorisiert\/traktorsitz-mit-mechanischer-federung\/"},"modified":"2025-10-22T11:54:42","modified_gmt":"2025-10-22T09:54:42","slug":"traktorensitz-mechanisch-gefedert","status":"publish","type":"product","link":"https:\/\/shop4trac.com\/de\/sonstige-teile\/kleintraktor-sitze\/traktorensitz-mechanisch-gefedert\/","title":{"rendered":"Traktorsitz mit mechanischer Federung"},"content":{"rendered":"<div>Dieser gefederte Sitz ist f\u00fcr eine Vielzahl von Traktoren und Minitraktoren geeignet.<\/div>\n<div><\/div>\n<div>Ergonomisch gestaltet und sehr bequem mit zus\u00e4tzlicher Unterst\u00fctzung im R\u00fccken. Der Stuhl ist <strong>gefedert<\/strong> und reduziert daher viele Vibrationen.<\/div>\n<div><\/div>\n<div>Mini-Traktoren<\/div>\n<div><\/div>\n<div>\n<ul>\n<li><strong>Kubota<\/strong><\/li>\n<li><strong>Mitsubishi<\/strong><\/li>\n<li><strong>Shibaura<\/strong><\/li>\n<li><strong>Hinomoto<\/strong><\/li>\n<li><strong>Rotluchs<\/strong><\/li>\n<li><strong>Zen-noh<\/strong><\/li>\n<li><strong>Bolens<\/strong><\/li>\n<li><strong>Kioti<\/strong><\/li>\n<li><strong>Suzue<\/strong><\/li>\n<li><strong>Satoh<\/strong><\/li>\n<li><strong>usw<\/strong>.<\/li>\n<\/ul>\n<div><strong>Abmessungen<\/strong><\/div>\n<div><\/div>\n<\/div>\n<ul>\n<li>H\u00f6he: 60cm<\/li>\n<li>Tiefe: 50cm<\/li>\n<li>Sitzh\u00f6he: 36cm<\/li>\n<li>Fu\u00dfgr\u00f6\u00dfe 36x21cm<\/li>\n<\/ul>\n<div>\n<div><\/div>\n<\/div>\n","protected":false},"excerpt":{"rendered":"<p>Dieser gefederte Sitz ist f\u00fcr eine Vielzahl von Traktoren und Minitraktoren geeignet. Ergonomisch gestaltet und sehr bequem mit zus\u00e4tzlicher Unterst\u00fctzung im R\u00fccken. Der Stuhl ist gefedert und reduziert daher viele Vibrationen. Mini-Traktoren Kubota Mitsubishi Shibaura Hinomoto Rotluchs Zen-noh Bolens Kioti Suzue Satoh usw. Abmessungen H\u00f6he: 60cm Tiefe: 50cm Sitzh\u00f6he: 36cm Fu\u00dfgr\u00f6\u00dfe 36x21cm<\/p>\n","protected":false},"featured_media":93624,"comment_status":"open","ping_status":"closed","template":"","meta":[],"product_cat":[400],"product_tag":[],"class_list":{"0":"post-81853","1":"product","2":"type-product","3":"status-publish","4":"has-post-thumbnail","6":"product_cat-kleintraktor-sitze","7":"pa_merk-case-de","8":"pa_merk-hinomoto-de","9":"pa_merk-iseki-de","10":"pa_merk-john-deere-de","11":"pa_merk-komatsu-de","12":"pa_merk-kubota-de","13":"pa_merk-new-holland-de","14":"pa_merk-yanmar-de","15":"pa_merk-zen-noh-de","17":"first","18":"outofstock","19":"sale","20":"taxable","21":"shipping-taxable","22":"product-type-simple","23":"col-xs-6 col-sm-4","24":"col-md-3 col-lg-3","25":"un-4-cols"},"_links":{"self":[{"href":"https:\/\/shop4trac.com\/de\/wp-json\/wp\/v2\/product\/81853","targetHints":{"allow":["GET"]}}],"collection":[{"href":"https:\/\/shop4trac.com\/de\/wp-json\/wp\/v2\/product"}],"about":[{"href":"https:\/\/shop4trac.com\/de\/wp-json\/wp\/v2\/types\/product"}],"replies":[{"embeddable":true,"href":"https:\/\/shop4trac.com\/de\/wp-json\/wp\/v2\/comments?post=81853"}],"wp:featuredmedia":[{"embeddable":true,"href":"https:\/\/shop4trac.com\/de\/wp-json\/wp\/v2\/media\/93624"}],"wp:attachment":[{"href":"https:\/\/shop4trac.com\/de\/wp-json\/wp\/v2\/media?parent=81853"}],"wp:term":[{"taxonomy":"product_cat","embeddable":true,"href":"https:\/\/shop4trac.com\/de\/wp-json\/wp\/v2\/product_cat?post=81853"},{"taxonomy":"product_tag","embeddable":true,"href":"https:\/\/shop4trac.com\/de\/wp-json\/wp\/v2\/product_tag?post=81853"}],"curies":[{"name":"wp","href":"https:\/\/api.w.org\/{rel}","templated":true}]}}