{"id":79264,"date":"2023-04-19T13:40:21","date_gmt":"2023-04-19T12:40:21","guid":{"rendered":"https:\/\/shop4trac.com\/unkategorisiert\/80w90-vorderachsoel-4liter-gl4\/"},"modified":"2026-04-04T12:56:20","modified_gmt":"2026-04-04T11:56:20","slug":"80w90-vorderachsoel-4liter-gl4","status":"publish","type":"product","link":"https:\/\/shop4trac.com\/de\/oel\/getriebe-getriebe\/80w90-vorderachsoel-4liter-gl4\/","title":{"rendered":"80W90 Vorderachs\u00f6l 4Liter | GL4"},"content":{"rendered":"<p>Wenn Sie nach einem geeigneten \u00d6l f\u00fcr die Vorderachse Ihres Minitraktors suchen, ist 80W90-\u00d6l eine ausgezeichnete Wahl. Dieses \u00d6l ist f\u00fcr verschiedene Marken von Minitraktoren geeignet, wie zum Beispiel:<\/p>\n<ul>\n<li>Iseki<\/li>\n<li>Kubota<\/li>\n<li>Yanmar<\/li>\n<li>Shibaura<\/li>\n<li>Satoh<\/li>\n<li>Suzue<\/li>\n<li>Hinomoto<\/li>\n<li>Mitsubishi<\/li>\n<li>Komatsu<\/li>\n<li>Hitachi<\/li>\n<li>Kobelco<\/li>\n<\/ul>\n<p>Dieses \u00d6l wird in einer praktischen <strong>4-Liter-Flasche<\/strong> geliefert<\/p>\n<p>Dar\u00fcber hinaus erf\u00fcllt das \u00d6l folgende Spezifikationen:<\/p>\n<ul>\n<li>SAE 80W-90, API GL-4 und MIL L 2105.<\/li>\n<\/ul>\n<p><strong>SAE 80W-90<\/strong> bedeutet, dass das \u00d6l sowohl f\u00fcr hei\u00dfe als auch f\u00fcr kalte Bedingungen geeignet ist. Dies ist wichtig, da Ihr Minitraktor unter verschiedenen Bedingungen eingesetzt werden kann.<\/p>\n<p><strong>API GL-4<\/strong> gibt an, dass das \u00d6l f\u00fcr verschiedene Anwendungen geeignet ist, beispielsweise in Schaltgetrieben und Differenzialen. Das bedeutet, dass das \u00d6l f\u00fcr die meisten Minitraktoren unabh\u00e4ngig von der Marke geeignet ist.<\/p>\n<p><strong>MIL L 2105<\/strong> gibt an, dass das \u00d6l milit\u00e4rische Spezifikationen f\u00fcr den Einsatz in Schwerlastfahrzeugen und -maschinen erf\u00fcllt. Dadurch ist das \u00d6l f\u00fcr hohe Belastungen und den Dauereinsatz geeignet, was ideal f\u00fcr intensiv genutzte Mini-Traktoren ist.<\/p>\n<p>Alles in allem ist 80W90-\u00d6l eine ausgezeichnete Wahl f\u00fcr jeden Minitraktor. Es ist f\u00fcr verschiedene Marken geeignet, erf\u00fcllt wichtige Spezifikationen und wird in einer praktischen 4-Liter-Flasche geliefert. Achten Sie nur darauf, das \u00d6l regelm\u00e4\u00dfig zu \u00fcberpr\u00fcfen und zu wechseln, damit Ihr Minitraktor mit H\u00f6chstleistung l\u00e4uft.<\/p>\n","protected":false},"excerpt":{"rendered":"<p>Wenn Sie nach einem geeigneten \u00d6l f\u00fcr die Vorderachse Ihres Minitraktors suchen, ist 80W90-\u00d6l eine ausgezeichnete Wahl. Dieses \u00d6l ist f\u00fcr verschiedene Marken von Minitraktoren geeignet, wie zum Beispiel: Iseki Kubota Yanmar Shibaura Satoh Suzue Hinomoto Mitsubishi Komatsu Hitachi Kobelco Dieses \u00d6l wird in einer praktischen 4-Liter-Flasche geliefert Dar\u00fcber hinaus erf\u00fcllt das \u00d6l folgende Spezifikationen:&hellip;<\/p>\n","protected":false},"featured_media":79255,"comment_status":"open","ping_status":"open","template":"","meta":[],"product_cat":[15484],"product_tag":[],"class_list":{"0":"post-79264","1":"product","2":"type-product","3":"status-publish","4":"has-post-thumbnail","6":"product_cat-getriebe-getriebe","7":"pa_merk-hinomoto-de","8":"pa_merk-iseki-de","9":"pa_merk-kubota-de","10":"pa_merk-kumiai-de","11":"pa_merk-mitsubishi-de","12":"pa_merk-satoh-de","13":"pa_merk-shibaura-de","14":"pa_merk-suzue-de","15":"pa_merk-yanmar-de","16":"pa_merk-zen-noh-de","18":"first","19":"instock","20":"sale","21":"taxable","22":"shipping-taxable","23":"purchasable","24":"product-type-simple","25":"col-xs-6 col-sm-4","26":"col-md-3 col-lg-3","27":"un-4-cols"},"_links":{"self":[{"href":"https:\/\/shop4trac.com\/de\/wp-json\/wp\/v2\/product\/79264","targetHints":{"allow":["GET"]}}],"collection":[{"href":"https:\/\/shop4trac.com\/de\/wp-json\/wp\/v2\/product"}],"about":[{"href":"https:\/\/shop4trac.com\/de\/wp-json\/wp\/v2\/types\/product"}],"replies":[{"embeddable":true,"href":"https:\/\/shop4trac.com\/de\/wp-json\/wp\/v2\/comments?post=79264"}],"wp:featuredmedia":[{"embeddable":true,"href":"https:\/\/shop4trac.com\/de\/wp-json\/wp\/v2\/media\/79255"}],"wp:attachment":[{"href":"https:\/\/shop4trac.com\/de\/wp-json\/wp\/v2\/media?parent=79264"}],"wp:term":[{"taxonomy":"product_cat","embeddable":true,"href":"https:\/\/shop4trac.com\/de\/wp-json\/wp\/v2\/product_cat?post=79264"},{"taxonomy":"product_tag","embeddable":true,"href":"https:\/\/shop4trac.com\/de\/wp-json\/wp\/v2\/product_tag?post=79264"}],"curies":[{"name":"wp","href":"https:\/\/api.w.org\/{rel}","templated":true}]}}