{"id":79208,"date":"2023-04-19T12:18:55","date_gmt":"2023-04-19T11:18:55","guid":{"rendered":"https:\/\/shop4trac.com\/unkategorisiert\/motoroel-15w40-iseki-kubota-yanmar-shibaura-satoh-suzu-hinomoto\/"},"modified":"2026-04-04T12:56:20","modified_gmt":"2026-04-04T11:56:20","slug":"motorol-15w40-iseki-kubota-yanmar-shibaura-satoh-suzue-hinomoto","status":"publish","type":"product","link":"https:\/\/shop4trac.com\/de\/filter\/motorol\/motorol-15w40-iseki-kubota-yanmar-shibaura-satoh-suzue-hinomoto\/","title":{"rendered":"Motor\u00f6l 15W40 Iseki | Kubota | Yanmar | Shibaura | Satoh | Suzue | Hinomoto |"},"content":{"rendered":"<p>Wenn Sie nach einem geeigneten Schmiermittel f\u00fcr Ihren Minitraktor suchen, ist <strong>15W40-\u00d6l<\/strong> eine ausgezeichnete Wahl.<\/p>\n<p><span style=\"text-decoration: underline\">Die meisten 2-Zylinder-Motoren ben\u00f6tigen etwa 2,5-3 Liter.<\/span><\/p>\n<p><span style=\"text-decoration: underline\">Die meisten 3-Zylinder-Motoren ben\u00f6tigen etwa 3,5-4 Liter.<\/span><\/p>\n<p>Es ist f\u00fcr verschiedene Marken geeignet, darunter:<\/p>\n<p><strong>SAE 15W-40<\/strong><\/p>\n<p><strong>API SG\/CD<\/strong><\/p>\n<ul>\n<li>Iseki<\/li>\n<li>Kubota<\/li>\n<li>Yanmar<\/li>\n<li>Shibaura<\/li>\n<li>Satoh<\/li>\n<li>Suzue<\/li>\n<li>Hinomoto<\/li>\n<li>Mitsubishi<\/li>\n<li>Komatsu<\/li>\n<li>Hitachi<\/li>\n<li>Kobelco<\/li>\n<\/ul>\n<p>Au\u00dferdem wird dieses \u00d6l in einer praktischen <span style=\"text-decoration: underline\"><strong>5-Liter-Flasche geliefert.<\/strong><\/span><\/p>\n<p>15W40-\u00d6l hat eine Viskosit\u00e4t, die f\u00fcr den Einsatz in Minitraktoren geeignet ist. Es flie\u00dft schnell durch das System und sch\u00fctzt die empfindlichen Teile des Motors. Dar\u00fcber hinaus h\u00e4lt dieses \u00d6l hohen Temperaturen stand, die beim Einsatz des Minitraktors auftreten k\u00f6nnen.<\/p>\n<p>Es ist wichtig, regelm\u00e4\u00dfige \u00d6lwechsel durchzuf\u00fchren, um den Motor Ihres Minitraktors in Top-Zustand zu halten. Schlechtes oder altes \u00d6l kann den reibungslosen Motorlauf beeintr\u00e4chtigen und sogar zu Sch\u00e4den f\u00fchren.<\/p>\n<p>Wenn Sie Ihren Minitraktor in gutem Betriebszustand halten m\u00f6chten, ist 15W40-\u00d6l eine ausgezeichnete Wahl. Dieses \u00d6l kann f\u00fcr jeden Dieselmotor verwendet werden, ist aber ausdr\u00fccklich f\u00fcr die Motoren dieser Mini-Traktoren geeignet.<\/p>\n<p><strong>Technische Daten:<\/strong><\/p>\n<ul>\n<li>API SG &amp; CD<\/li>\n<\/ul>\n<p>&nbsp;<\/p>\n<p>&nbsp;<\/p>\n","protected":false},"excerpt":{"rendered":"<p><strong>SAE 15W-40 Motor\u00f6l 5 Liter geeignet f\u00fcr jeden Minitraktor oder Iseki, Kubota, Yanmar und Mitsubishi Dieselmotor!  <\/strong><\/p>\n","protected":false},"featured_media":148439,"comment_status":"open","ping_status":"closed","template":"","meta":[],"product_cat":[15474,26284],"product_tag":[],"class_list":{"0":"post-79208","1":"product","2":"type-product","3":"status-publish","4":"has-post-thumbnail","6":"product_cat-motorol","7":"product_cat-motorol-de","8":"pa_merk-aixam-de","9":"pa_merk-allis-chalmers-de","10":"pa_merk-hanix-de","11":"pa_merk-hinomoto-de","12":"pa_merk-holder-de","13":"pa_merk-iseki-de","14":"pa_merk-john-deere-de","15":"pa_merk-komatsu-de","16":"pa_merk-kubota-de","17":"pa_merk-kumiai-de","18":"pa_merk-satoh-de","19":"pa_merk-shibaura-de","20":"pa_merk-suzue-de","21":"pa_merk-yanmar-de","22":"pa_merk-zen-noh-de","24":"first","25":"instock","26":"sale","27":"featured","28":"taxable","29":"shipping-taxable","30":"purchasable","31":"product-type-simple","32":"col-xs-6 col-sm-4","33":"col-md-3 col-lg-3","34":"un-4-cols"},"_links":{"self":[{"href":"https:\/\/shop4trac.com\/de\/wp-json\/wp\/v2\/product\/79208","targetHints":{"allow":["GET"]}}],"collection":[{"href":"https:\/\/shop4trac.com\/de\/wp-json\/wp\/v2\/product"}],"about":[{"href":"https:\/\/shop4trac.com\/de\/wp-json\/wp\/v2\/types\/product"}],"replies":[{"embeddable":true,"href":"https:\/\/shop4trac.com\/de\/wp-json\/wp\/v2\/comments?post=79208"}],"wp:featuredmedia":[{"embeddable":true,"href":"https:\/\/shop4trac.com\/de\/wp-json\/wp\/v2\/media\/148439"}],"wp:attachment":[{"href":"https:\/\/shop4trac.com\/de\/wp-json\/wp\/v2\/media?parent=79208"}],"wp:term":[{"taxonomy":"product_cat","embeddable":true,"href":"https:\/\/shop4trac.com\/de\/wp-json\/wp\/v2\/product_cat?post=79208"},{"taxonomy":"product_tag","embeddable":true,"href":"https:\/\/shop4trac.com\/de\/wp-json\/wp\/v2\/product_tag?post=79208"}],"curies":[{"name":"wp","href":"https:\/\/api.w.org\/{rel}","templated":true}]}}