{"id":76536,"date":"2023-03-31T14:58:19","date_gmt":"2023-03-31T13:58:19","guid":{"rendered":"https:\/\/shop4trac.com\/?post_type=product&#038;p=76536"},"modified":"2025-08-01T17:35:52","modified_gmt":"2025-08-01T15:35:52","slug":"kraftstoffforderpumpe-kubota-03-serie-v2203-di","status":"publish","type":"product","link":"https:\/\/shop4trac.com\/de\/motorteile\/kraftstoffforderpumpe\/kraftstoffforderpumpe-kubota-03-serie-v2203-di\/","title":{"rendered":"Kraftstofff\u00f6rderpumpe Kubota -03 Serie | V2203 DI"},"content":{"rendered":"<p>Kraftstofff\u00f6rderpumpe geeignet f\u00fcr:<\/p>\n<p><strong>Kubota<\/strong><\/p>\n<ul>\n<li>Kubota L-Serie<\/li>\n<li>Kubota M-Serie<\/li>\n<li>KX161-2, KX121, U45-S, R510, R520<\/li>\n<li>Fall 560, 1838<\/li>\n<\/ul>\n<div><strong>Rotluchs<\/strong><\/div>\n<div><\/div>\n<ul>\n<li>331, 334, 337, 341<\/li>\n<li>S130, S150, S160, S175, S205<\/li>\n<li>753, 763, 773<\/li>\n<\/ul>\n<p><strong>Motor  <\/strong><\/p>\n<ul>\n<li>D1403, D1703<\/li>\n<li>V1903, V2003-M, V2203-M, V2203-M-D, V2403-M, V2403-M-DI, F2803-BG<\/li>\n<\/ul>\n<p><strong>OEM als Referenz<\/strong><\/p>\n<ul>\n<li data-spm-anchor-id=\"a2g0o.detail.1000023.i0.5ff45cc14a0XNO\">16604-52030, 16604-52032<\/li>\n<li data-spm-anchor-id=\"a2g0o.detail.1000023.i0.5ff45cc14a0XNO\">19844-52031<\/li>\n<\/ul>\n<p>&nbsp;<\/p>\n","protected":false},"excerpt":{"rendered":"<p>Kraftstofff\u00f6rderpumpe geeignet f\u00fcr: Kubota Kubota L-Serie Kubota M-Serie KX161-2, KX121, U45-S, R510, R520 Fall 560, 1838 Rotluchs 331, 334, 337, 341 S130, S150, S160, S175, S205 753, 763, 773 Motor D1403, D1703 V1903, V2003-M, V2203-M, V2203-M-D, V2403-M, V2403-M-DI, F2803-BG OEM als Referenz 16604-52030, 16604-52032 19844-52031 &nbsp;<\/p>\n","protected":false},"featured_media":82089,"comment_status":"open","ping_status":"closed","template":"","meta":[],"product_cat":[8115],"product_tag":[3895],"class_list":{"0":"post-76536","1":"product","2":"type-product","3":"status-publish","4":"has-post-thumbnail","6":"product_cat-kraftstoffforderpumpe","7":"product_tag-snelparts-de","8":"pa_merk-bobcat-de","9":"pa_merk-kubota-de","10":"pa_motor-d1403-de","11":"pa_motor-d1703-de","12":"pa_motor-v1903-de","13":"pa_motor-v2003-de","14":"pa_motor-v2203-de","15":"pa_motor-v2203mdi-de","16":"pa_motor-v2403-de","18":"first","19":"instock","20":"taxable","21":"shipping-taxable","22":"purchasable","23":"product-type-simple","24":"col-xs-6 col-sm-4","25":"col-md-3 col-lg-3","26":"un-4-cols"},"_links":{"self":[{"href":"https:\/\/shop4trac.com\/de\/wp-json\/wp\/v2\/product\/76536","targetHints":{"allow":["GET"]}}],"collection":[{"href":"https:\/\/shop4trac.com\/de\/wp-json\/wp\/v2\/product"}],"about":[{"href":"https:\/\/shop4trac.com\/de\/wp-json\/wp\/v2\/types\/product"}],"replies":[{"embeddable":true,"href":"https:\/\/shop4trac.com\/de\/wp-json\/wp\/v2\/comments?post=76536"}],"wp:featuredmedia":[{"embeddable":true,"href":"https:\/\/shop4trac.com\/de\/wp-json\/wp\/v2\/media\/82089"}],"wp:attachment":[{"href":"https:\/\/shop4trac.com\/de\/wp-json\/wp\/v2\/media?parent=76536"}],"wp:term":[{"taxonomy":"product_cat","embeddable":true,"href":"https:\/\/shop4trac.com\/de\/wp-json\/wp\/v2\/product_cat?post=76536"},{"taxonomy":"product_tag","embeddable":true,"href":"https:\/\/shop4trac.com\/de\/wp-json\/wp\/v2\/product_tag?post=76536"}],"curies":[{"name":"wp","href":"https:\/\/api.w.org\/{rel}","templated":true}]}}