{"id":76135,"date":"2023-03-28T12:50:13","date_gmt":"2023-03-28T11:50:13","guid":{"rendered":"https:\/\/shop4trac.com\/?post_type=product&#038;p=76135"},"modified":"2025-08-01T17:36:14","modified_gmt":"2025-08-01T15:36:14","slug":"pleuellager-absenkschale-yanmar-3tnv76","status":"publish","type":"product","link":"https:\/\/shop4trac.com\/de\/motorteile\/pleuellager\/pleuellager-absenkschale-yanmar-3tnv76\/","title":{"rendered":"Pleuellager | Lagerschale Yanmar 3TNV76"},"content":{"rendered":"<p>Pleuellager | Lagerschale passend f\u00fcr:<\/p>\n<p><strong>Yanmar<\/strong><\/p>\n<p><strong>John Deer<\/strong><\/p>\n<ul>\n<li>X495, X595, X740, X744, X748, X950<\/li>\n<li>1026R, 2026R, 2305, 2320<\/li>\n<\/ul>\n<p><b>Motor Yanmar<\/b><\/p>\n<ul>\n<li>3TNV76<\/li>\n<\/ul>\n<p><strong>Gr\u00f6\u00dfe:<\/strong><\/p>\n<ul>\n<li>Standard<\/li>\n<\/ul>\n<p><strong>OEM als Referenz:<\/strong><\/p>\n<ul>\n<li>119717-23601<\/li>\n<\/ul>\n<p><span style=\"text-decoration: underline\"><strong>Bitte beachten Sie den Preis pro Pleuelstange.<\/strong><\/span><\/p>\n<p><span style=\"text-decoration: underline\"><strong>Bestellen Sie die Anzahl, die Sie f\u00fcr Ihren Motor ben\u00f6tigen.<\/strong><\/span><\/p>\n<p><strong>Standardgr\u00f6\u00dfe!<\/strong><\/p>\n","protected":false},"excerpt":{"rendered":"<p>Pleuellager | Lagerschale passend f\u00fcr: Yanmar John Deer X495, X595, X740, X744, X748, X950 1026R, 2026R, 2305, 2320 Motor Yanmar 3TNV76 Gr\u00f6\u00dfe: Standard OEM als Referenz: 119717-23601 Bitte beachten Sie den Preis pro Pleuelstange. Bestellen Sie die Anzahl, die Sie f\u00fcr Ihren Motor ben\u00f6tigen. Standardgr\u00f6\u00dfe!<\/p>\n","protected":false},"featured_media":47674,"comment_status":"open","ping_status":"closed","template":"","meta":[],"product_cat":[406],"product_tag":[3895],"class_list":{"0":"post-76135","1":"product","2":"type-product","3":"status-publish","4":"has-post-thumbnail","6":"product_cat-pleuellager","7":"product_tag-snelparts-de","8":"pa_merk-john-deere-de","9":"pa_merk-yanmar-de","10":"pa_motor-3tnv76-de","12":"first","13":"instock","14":"taxable","15":"shipping-taxable","16":"purchasable","17":"product-type-simple","18":"col-xs-6 col-sm-4","19":"col-md-3 col-lg-3","20":"un-4-cols"},"_links":{"self":[{"href":"https:\/\/shop4trac.com\/de\/wp-json\/wp\/v2\/product\/76135","targetHints":{"allow":["GET"]}}],"collection":[{"href":"https:\/\/shop4trac.com\/de\/wp-json\/wp\/v2\/product"}],"about":[{"href":"https:\/\/shop4trac.com\/de\/wp-json\/wp\/v2\/types\/product"}],"replies":[{"embeddable":true,"href":"https:\/\/shop4trac.com\/de\/wp-json\/wp\/v2\/comments?post=76135"}],"wp:featuredmedia":[{"embeddable":true,"href":"https:\/\/shop4trac.com\/de\/wp-json\/wp\/v2\/media\/47674"}],"wp:attachment":[{"href":"https:\/\/shop4trac.com\/de\/wp-json\/wp\/v2\/media?parent=76135"}],"wp:term":[{"taxonomy":"product_cat","embeddable":true,"href":"https:\/\/shop4trac.com\/de\/wp-json\/wp\/v2\/product_cat?post=76135"},{"taxonomy":"product_tag","embeddable":true,"href":"https:\/\/shop4trac.com\/de\/wp-json\/wp\/v2\/product_tag?post=76135"}],"curies":[{"name":"wp","href":"https:\/\/api.w.org\/{rel}","templated":true}]}}