{"id":74300,"date":"2023-03-14T18:11:05","date_gmt":"2023-03-14T17:11:05","guid":{"rendered":"https:\/\/shop4trac.com\/?post_type=product&#038;p=74300"},"modified":"2026-03-04T11:48:21","modified_gmt":"2026-03-04T10:48:21","slug":"filterset-yanmar-ke-serie-ke-2-ke-3-ke-4","status":"publish","type":"product","link":"https:\/\/shop4trac.com\/de\/filter\/filter-satz\/filterset-yanmar-ke-serie-ke-2-ke-3-ke-4\/","title":{"rendered":"Filterkit Yanmar KE-Serie KE-2 | Ke-3 | KE-4"},"content":{"rendered":"<p>Wartungssatz f\u00fcr <strong>Yanmar F-Serie<\/strong>.<\/p>\n<p>Bestehend aus:<\/p>\n<ul>\n<li>\u00d6lfilter<\/li>\n<li>Kraftstofffilter<\/li>\n<li>Luftfilter<\/li>\n<\/ul>\n<p>Geeignet f\u00fcr die folgenden Typen:<\/p>\n<ul>\n<li>Yanmar KE-2. KE-3, KE-3<\/li>\n<\/ul>\n","protected":false},"excerpt":{"rendered":"<p>Wartungssatz f\u00fcr Yanmar F-Serie. Bestehend aus: \u00d6lfilter Kraftstofffilter Luftfilter Geeignet f\u00fcr die folgenden Typen: Yanmar KE-2. KE-3, KE-3<\/p>\n","protected":false},"featured_media":74308,"comment_status":"open","ping_status":"closed","template":"","meta":[],"product_cat":[382],"product_tag":[3895],"class_list":{"0":"post-74300","1":"product","2":"type-product","3":"status-publish","4":"has-post-thumbnail","6":"product_cat-filter-satz","7":"product_tag-snelparts-de","8":"pa_merk-yanmar-de","10":"first","11":"instock","12":"taxable","13":"shipping-taxable","14":"purchasable","15":"product-type-simple","16":"col-xs-6 col-sm-4","17":"col-md-3 col-lg-3","18":"un-4-cols"},"_links":{"self":[{"href":"https:\/\/shop4trac.com\/de\/wp-json\/wp\/v2\/product\/74300","targetHints":{"allow":["GET"]}}],"collection":[{"href":"https:\/\/shop4trac.com\/de\/wp-json\/wp\/v2\/product"}],"about":[{"href":"https:\/\/shop4trac.com\/de\/wp-json\/wp\/v2\/types\/product"}],"replies":[{"embeddable":true,"href":"https:\/\/shop4trac.com\/de\/wp-json\/wp\/v2\/comments?post=74300"}],"wp:featuredmedia":[{"embeddable":true,"href":"https:\/\/shop4trac.com\/de\/wp-json\/wp\/v2\/media\/74308"}],"wp:attachment":[{"href":"https:\/\/shop4trac.com\/de\/wp-json\/wp\/v2\/media?parent=74300"}],"wp:term":[{"taxonomy":"product_cat","embeddable":true,"href":"https:\/\/shop4trac.com\/de\/wp-json\/wp\/v2\/product_cat?post=74300"},{"taxonomy":"product_tag","embeddable":true,"href":"https:\/\/shop4trac.com\/de\/wp-json\/wp\/v2\/product_tag?post=74300"}],"curies":[{"name":"wp","href":"https:\/\/api.w.org\/{rel}","templated":true}]}}