{"id":70718,"date":"2023-01-27T14:29:23","date_gmt":"2023-01-27T13:29:23","guid":{"rendered":"https:\/\/shop4trac.com\/?post_type=product&#038;p=70718"},"modified":"2025-08-01T17:39:48","modified_gmt":"2025-08-01T15:39:48","slug":"handleiding-yanmar-2tnv70-3tnv70-3tn76","status":"publish","type":"product","link":"https:\/\/shop4trac.com\/de\/sonstige-teile\/handbuch\/handleiding-yanmar-2tnv70-3tnv70-3tn76\/","title":{"rendered":"Handbuch Wartungshandbuch Yanmar 2TNV70 \u2013 3TNV70 \u2013 3TN76 | Goldoni | Takeuchi | Hitachi"},"content":{"rendered":"<h3><b>? Servicehandbuch f\u00fcr Yanmar-Dieselmotoren \u2013 TNV-Serie<\/b><\/h3>\n<p class=\"p3\"><b>F\u00fcr Motortypen: 2TNV70, 3TNV70, 3TNV76<\/b><b><\/b><\/p>\n<p class=\"p4\">Dieses originale <span class=\"s2\"><b>Yanmar-Servicehandbuch<\/b><\/span> ist der perfekte technische Leitfaden f\u00fcr Mechaniker, Profis und erfahrene Heimwerker, die mit Dieselmotoren <span class=\"s2\"><b>der TNV-Serie<\/b><\/span> arbeiten. Ideal f\u00fcr Wartung, Reparatur und ein umfassendes Verst\u00e4ndnis des Motors. <\/p>\n<h4><b>\u2705 Inhalt des Handbuchs:<\/b><\/h4>\n<ul>\n<li>\n<p class=\"p1\"><span class=\"s1\"><b>Vollst\u00e4ndige technische Daten<\/b><\/span> der Motoren 2TNV70, 3TNV70 und 3TNV76<\/p>\n<\/li>\n<li>\n<p class=\"p1\"><span class=\"s1\"><b>Spezifikationen<\/b><\/span> , Toleranzen, Anzugsdrehmomente, Ventilspiele und mehr<\/p>\n<\/li>\n<li>\n<p class=\"p1\"><span class=\"s1\"><b>Schritt-f\u00fcr-Schritt-Anleitungen<\/b><\/span> f\u00fcr Wartung, Demontage, Inspektion und Montage<\/p>\n<\/li>\n<li>\n<p class=\"p1\"><span class=\"s1\"><b>Explosionszeichnungen und Diagramme<\/b><\/span> zur einfachen Teileidentifizierung<\/p>\n<\/li>\n<li>\n<p class=\"p1\"><span class=\"s1\">Ausf\u00fchrliche Informationen zu<\/span> <b>Kraftstoffsystem, K\u00fchlung, Schmierung und Innenteilen<\/b><\/p>\n<\/li>\n<\/ul>\n<h4><b>? Spezifikationen:<\/b><\/h4>\n<ul>\n<li>\n<p class=\"p1\"><span class=\"s1\"><b>Sprache:<\/b><\/span> Englisch<\/p>\n<\/li>\n<li>\n<p class=\"p1\"><b>Seitenanzahl:<\/b> <span class=\"s1\">140<\/span><\/p>\n<\/li>\n<li>\n<p class=\"p1\"><span class=\"s1\"><b>Format:<\/b><\/span> Digitale Reproduktion mit hoher Aufl\u00f6sung (PDF), ideal zum Ausdrucken oder zur Nutzung auf Laptop\/Tablet<\/p>\n<\/li>\n<\/ul>\n<h4><b>?\ufe0f Anwendungen:<\/b><\/h4>\n<p class=\"p4\">H\u00e4ufig verwendet unter anderem in:<\/p>\n<ul>\n<li>\n<p class=\"p1\"><b>Minibagger<\/b><b><\/b><\/p>\n<\/li>\n<li>\n<p class=\"p1\"><b>Kompakttraktoren<\/b><b><\/b><\/p>\n<\/li>\n<li>\n<p class=\"p1\"><b>Industriemaschinen<\/b><b><\/b><\/p>\n<\/li>\n<li>\n<p class=\"p1\"><b>Aggregate und Pumpensysteme<\/b><\/p>\n<\/li>\n<\/ul>\n<p class=\"p1\"><b>Ammann<\/b><b><\/b><\/p>\n<ul>\n<li>\n<p class=\"p1\">AV 12-2, AV 16-2, AV 16-2 K, AV 20-2<\/p>\n<\/li>\n<\/ul>\n<p class=\"p1\"><b>Fuchs<\/b><b><\/b><\/p>\n<ul>\n<li>\n<p class=\"p1\">F853<\/p>\n<\/li>\n<\/ul>\n<p class=\"p1\"><b>Gehl<\/b><b><\/b><\/p>\n<ul>\n<li>\n<p class=\"p1\">AL-140<\/p>\n<\/li>\n<\/ul>\n<p class=\"p1\"><b>Goldoni<\/b><b><\/b><\/p>\n<ul>\n<li>\n<p class=\"p1\">Boxster 20, Boxster 25<\/p>\n<\/li>\n<\/ul>\n<p class=\"p1\"><b>Hitachi<\/b><b><\/b><\/p>\n<ul>\n<li>\n<p class=\"p1\">ZX 17-U5A, ZX 19-U5A, ZX 26U-5A (Z-Achse)<\/p>\n<\/li>\n<\/ul>\n<p class=\"p1\"><b>John Deere<\/b><b><\/b><\/p>\n<ul>\n<li>\n<p class=\"p1\">X495, X595, X740, X744, X748, X950<\/p>\n<\/li>\n<li>\n<p class=\"p1\">1026R, 2026R, 2305, 2320<\/p>\n<\/li>\n<li>\n<p class=\"p1\">XUV 850D<\/p>\n<\/li>\n<\/ul>\n<p class=\"p1\"><b>Komatsu<\/b><b><\/b><\/p>\n<ul>\n<li>\n<p class=\"p1\">3D70E, 3D76E<\/p>\n<\/li>\n<li>\n<p class=\"p1\">PC22MR-3, PC26MR-3<\/p>\n<\/li>\n<\/ul>\n<p class=\"p1\"><b>Kramer<\/b><b><\/b><\/p>\n<ul>\n<li>\n<p class=\"p1\">250, 348-00, 0001 \u2192<\/p>\n<\/li>\n<\/ul>\n<p class=\"p1\"><b>Landini<\/b><b><\/b><\/p>\n<ul>\n<li>\n<p class=\"p1\">4630 ARM, 4630 ISM<\/p>\n<\/li>\n<\/ul>\n<p class=\"p1\"><b>Maeda<\/b><b><\/b><\/p>\n<ul>\n<li>\n<p class=\"p1\">MC-305C-2<\/p>\n<\/li>\n<\/ul>\n<p class=\"p1\"><b>Mase<\/b><b><\/b><\/p>\n<ul>\n<li>\n<p class=\"p1\">IS 7,6, IS 8,1, Mariner 810<\/p>\n<\/li>\n<\/ul>\n<p class=\"p1\"><b>McCormick<\/b><b><\/b><\/p>\n<ul>\n<li>\n<p class=\"p1\">4630 ARM, 4630 ISM<\/p>\n<\/li>\n<\/ul>\n<p class=\"p1\"><b>Mosa<\/b><b><\/b><\/p>\n<ul>\n<li>\n<p class=\"p1\">GE 10 YSX, GE 10 YSXC, GE 8 YSXC<\/p>\n<\/li>\n<\/ul>\n<p class=\"p1\"><b>Mustang<\/b><b><\/b><\/p>\n<ul>\n<li>\n<p class=\"p1\">AL-106, 1503, 2803ZT<\/p>\n<\/li>\n<\/ul>\n<p class=\"p1\"><b>Takeuchi<\/b><b><\/b><\/p>\n<ul>\n<li>\n<p class=\"p1\">TB219, TB20R<\/p>\n<\/li>\n<\/ul>\n<p class=\"p1\"><b>Valpadana<\/b><b><\/b><\/p>\n<ul>\n<li>\n<p class=\"p1\">4630 ARM, 4630 ISM<\/p>\n<\/li>\n<\/ul>\n<p class=\"p1\"><b>Wacker Neuson<\/b><b><\/b><\/p>\n<ul>\n<li>\n<p class=\"p1\">1404, 1703, 2003, 2404, 28Z3, ET18, ET20, ET24, EZ17, EZ28<\/p>\n<\/li>\n<\/ul>\n<p class=\"p1\"><b>Yanmar<\/b><b><\/b><\/p>\n<ul>\n<li>\n<p class=\"p1\">SV15, SV17, SV18<\/p>\n<\/li>\n<li>\n<p class=\"p1\">Motoren: 3TNV70, 3TNV70-ASA, 3TNV70-HGE, 3TNV76<\/p>\n<\/li>\n<\/ul>\n","protected":false},"excerpt":{"rendered":"<p>? Servicehandbuch f\u00fcr Yanmar-Dieselmotoren \u2013 TNV-Serie F\u00fcr Motortypen: 2TNV70, 3TNV70, 3TNV76 Dieses originale Yanmar-Servicehandbuch ist der perfekte technische Leitfaden f\u00fcr Mechaniker, Profis und erfahrene Heimwerker, die mit Dieselmotoren der TNV-Serie arbeiten. Ideal f\u00fcr Wartung, Reparatur und ein umfassendes Verst\u00e4ndnis des Motors. \u2705 Inhalt des Handbuchs: Vollst\u00e4ndige technische Daten der Motoren 2TNV70, 3TNV70 und 3TNV76 Spezifikationen&hellip;<\/p>\n","protected":false},"featured_media":151327,"comment_status":"open","ping_status":"closed","template":"","meta":[],"product_cat":[782],"product_tag":[2553,2561,2565,3895],"class_list":{"0":"post-70718","1":"product","2":"type-product","3":"status-publish","4":"has-post-thumbnail","6":"product_cat-handbuch","7":"product_tag-k3b-de","8":"product_tag-k3d-de","9":"product_tag-k3e-de","10":"product_tag-snelparts-de","11":"pa_merk-goldoni-de","12":"pa_merk-john-deere-de","13":"pa_merk-landini-de","14":"pa_merk-mustang-de","15":"pa_merk-takeuchi-de","16":"pa_merk-wacker-neuson-de","17":"pa_merk-yanmar-de","19":"first","20":"instock","21":"sale","22":"taxable","23":"shipping-taxable","24":"purchasable","25":"product-type-variable","26":"col-xs-6 col-sm-4","27":"col-md-3 col-lg-3","28":"un-4-cols"},"_links":{"self":[{"href":"https:\/\/shop4trac.com\/de\/wp-json\/wp\/v2\/product\/70718","targetHints":{"allow":["GET"]}}],"collection":[{"href":"https:\/\/shop4trac.com\/de\/wp-json\/wp\/v2\/product"}],"about":[{"href":"https:\/\/shop4trac.com\/de\/wp-json\/wp\/v2\/types\/product"}],"replies":[{"embeddable":true,"href":"https:\/\/shop4trac.com\/de\/wp-json\/wp\/v2\/comments?post=70718"}],"wp:featuredmedia":[{"embeddable":true,"href":"https:\/\/shop4trac.com\/de\/wp-json\/wp\/v2\/media\/151327"}],"wp:attachment":[{"href":"https:\/\/shop4trac.com\/de\/wp-json\/wp\/v2\/media?parent=70718"}],"wp:term":[{"taxonomy":"product_cat","embeddable":true,"href":"https:\/\/shop4trac.com\/de\/wp-json\/wp\/v2\/product_cat?post=70718"},{"taxonomy":"product_tag","embeddable":true,"href":"https:\/\/shop4trac.com\/de\/wp-json\/wp\/v2\/product_tag?post=70718"}],"curies":[{"name":"wp","href":"https:\/\/api.w.org\/{rel}","templated":true}]}}