{"id":63104,"date":"2022-11-23T14:30:16","date_gmt":"2022-11-23T13:30:16","guid":{"rendered":"https:\/\/shop4trac.com\/?post_type=product&#038;p=63104"},"modified":"2026-03-27T11:41:42","modified_gmt":"2026-03-27T10:41:42","slug":"thermostat-yanmar-motor-3tnv70-3tnv76","status":"publish","type":"product","link":"https:\/\/shop4trac.com\/de\/kuehlung-kuehler\/thermostat-de\/thermostat-yanmar-motor-3tnv70-3tnv76\/","title":{"rendered":"Thermostat Yanmar-Motor 3TNV70 | 3TNV76"},"content":{"rendered":"<p>Thermostat passend f\u00fcr folgende Typen:<\/p>\n<p><strong>Yanmar<\/strong><\/p>\n<p><strong>Motor<\/strong><\/p>\n<ul>\n<li>3TNV70, 3TNV76<\/li>\n<\/ul>\n<p><strong>\u00d6ffnungstemperatur<\/strong> <strong>:<\/strong> 71 \u00b0C \/ 160 \u00b0F<\/p>\n<p><strong>\u00c4u\u00dferer Durchmesser:<\/strong> 44 mm<\/p>\n<p><strong>H\u00f6he: <\/strong>44 mm<\/p>\n<p><strong>OEM als Referenz<\/strong><\/p>\n<ul>\n<li>119717-49800, 11971749800<\/li>\n<\/ul>\n","protected":false},"excerpt":{"rendered":"<p>Thermostat passend f\u00fcr folgende Typen: Yanmar Motor 3TNV70, 3TNV76 \u00d6ffnungstemperatur : 71 \u00b0C \/ 160 \u00b0F \u00c4u\u00dferer Durchmesser: 44 mm H\u00f6he: 44 mm OEM als Referenz 119717-49800, 11971749800<\/p>\n","protected":false},"featured_media":186750,"comment_status":"open","ping_status":"closed","template":"","meta":[],"product_cat":[389],"product_tag":[3895],"class_list":{"0":"post-63104","1":"product","2":"type-product","3":"status-publish","4":"has-post-thumbnail","6":"product_cat-thermostat-de","7":"product_tag-snelparts-de","8":"pa_merk-john-deere-de","9":"pa_merk-yanmar-de","10":"pa_motor-3tnv70-de","11":"pa_motor-3tnv76-de","13":"first","14":"instock","15":"sale","16":"taxable","17":"shipping-taxable","18":"purchasable","19":"product-type-simple","20":"col-xs-6 col-sm-4","21":"col-md-3 col-lg-3","22":"un-4-cols"},"_links":{"self":[{"href":"https:\/\/shop4trac.com\/de\/wp-json\/wp\/v2\/product\/63104","targetHints":{"allow":["GET"]}}],"collection":[{"href":"https:\/\/shop4trac.com\/de\/wp-json\/wp\/v2\/product"}],"about":[{"href":"https:\/\/shop4trac.com\/de\/wp-json\/wp\/v2\/types\/product"}],"replies":[{"embeddable":true,"href":"https:\/\/shop4trac.com\/de\/wp-json\/wp\/v2\/comments?post=63104"}],"wp:featuredmedia":[{"embeddable":true,"href":"https:\/\/shop4trac.com\/de\/wp-json\/wp\/v2\/media\/186750"}],"wp:attachment":[{"href":"https:\/\/shop4trac.com\/de\/wp-json\/wp\/v2\/media?parent=63104"}],"wp:term":[{"taxonomy":"product_cat","embeddable":true,"href":"https:\/\/shop4trac.com\/de\/wp-json\/wp\/v2\/product_cat?post=63104"},{"taxonomy":"product_tag","embeddable":true,"href":"https:\/\/shop4trac.com\/de\/wp-json\/wp\/v2\/product_tag?post=63104"}],"curies":[{"name":"wp","href":"https:\/\/api.w.org\/{rel}","templated":true}]}}