{"id":62948,"date":"2022-11-20T20:06:42","date_gmt":"2022-11-20T19:06:42","guid":{"rendered":"https:\/\/shop4trac.com\/unkategorisiert\/auspuffkruemmerdichtung-mitsubishi-l3e-2-l3a-l3c\/"},"modified":"2025-08-01T17:46:41","modified_gmt":"2025-08-01T15:46:41","slug":"auspuffkrummer-dichtung-mitsubishi-l3e-2-l3a-l3c","status":"publish","type":"product","link":"https:\/\/shop4trac.com\/de\/motorteile\/kopfdichtungen\/auspuffkrummer-dichtung-mitsubishi-l3e-2-l3a-l3c\/","title":{"rendered":"Auspuffkr\u00fcmmerdichtung Mitsubishi L3E2 | L3E | L3A | L3C"},"content":{"rendered":"<p>Mitsubishi Auspuffkr\u00fcmmerdichtung passend f\u00fcr:<\/p>\n<p><strong>Mitsubishi<\/strong><\/p>\n<ul>\n<li>L3E2, L3A, L3C<\/li>\n<li>MT14, MT15, MT16, MT17, MT165<\/li>\n<li>MTX15<\/li>\n<\/ul>\n<p><strong>Iseki<\/strong><\/p>\n<ul>\n<li>TU125F, TU135F, TU137F<\/li>\n<\/ul>\n<p><strong>OEM als Referenz:<\/strong><\/p>\n<ul>\n<li>MM43212901<\/li>\n<\/ul>\n","protected":false},"excerpt":{"rendered":"<p>Mitsubishi Auspuffkr\u00fcmmerdichtung passend f\u00fcr: Mitsubishi L3E2, L3A, L3C MT14, MT15, MT16, MT17, MT165 MTX15 Iseki TU125F, TU135F, TU137F OEM als Referenz: MM43212901<\/p>\n","protected":false},"featured_media":66758,"comment_status":"open","ping_status":"open","template":"","meta":[],"product_cat":[411],"product_tag":[3895],"class_list":{"0":"post-62948","1":"product","2":"type-product","3":"status-publish","4":"has-post-thumbnail","6":"product_cat-kopfdichtungen","7":"product_tag-snelparts-de","8":"pa_merk-iseki-de","9":"pa_merk-mitsubishi-de","10":"pa_motor-l3a-de","11":"pa_motor-l3c-de","12":"pa_motor-l3e-de","13":"pa_motor-l3e2-de","15":"first","16":"instock","17":"taxable","18":"shipping-taxable","19":"purchasable","20":"product-type-simple","21":"col-xs-6 col-sm-4","22":"col-md-3 col-lg-3","23":"un-4-cols"},"_links":{"self":[{"href":"https:\/\/shop4trac.com\/de\/wp-json\/wp\/v2\/product\/62948","targetHints":{"allow":["GET"]}}],"collection":[{"href":"https:\/\/shop4trac.com\/de\/wp-json\/wp\/v2\/product"}],"about":[{"href":"https:\/\/shop4trac.com\/de\/wp-json\/wp\/v2\/types\/product"}],"replies":[{"embeddable":true,"href":"https:\/\/shop4trac.com\/de\/wp-json\/wp\/v2\/comments?post=62948"}],"wp:featuredmedia":[{"embeddable":true,"href":"https:\/\/shop4trac.com\/de\/wp-json\/wp\/v2\/media\/66758"}],"wp:attachment":[{"href":"https:\/\/shop4trac.com\/de\/wp-json\/wp\/v2\/media?parent=62948"}],"wp:term":[{"taxonomy":"product_cat","embeddable":true,"href":"https:\/\/shop4trac.com\/de\/wp-json\/wp\/v2\/product_cat?post=62948"},{"taxonomy":"product_tag","embeddable":true,"href":"https:\/\/shop4trac.com\/de\/wp-json\/wp\/v2\/product_tag?post=62948"}],"curies":[{"name":"wp","href":"https:\/\/api.w.org\/{rel}","templated":true}]}}