{"id":61314,"date":"2022-10-28T09:56:38","date_gmt":"2022-10-28T08:56:38","guid":{"rendered":"https:\/\/shop4trac.com\/?post_type=product&#038;p=61314"},"modified":"2025-08-01T17:49:57","modified_gmt":"2025-08-01T15:49:57","slug":"gluhrelais-mitsubishi-k3a-k3b-k3c-k3d","status":"publish","type":"product","link":"https:\/\/shop4trac.com\/de\/elektrik-teile\/gluhrelais\/gluhrelais-mitsubishi-k3a-k3b-k3c-k3d\/","title":{"rendered":"Gl\u00fchrelais Iseki TU137 \u2013 TU177 | Mitsubishi MT160 \u2013 MT180"},"content":{"rendered":"<p>Steuerger\u00e4t Gl\u00fchzeit geeignet f\u00fcr:<\/p>\n<div><strong>Mitsubishi<\/strong><\/div>\n<ul>\n<li>D1350, D1450<\/li>\n<li>MT160, MT180, MT373<\/li>\n<\/ul>\n<div><strong>Bolens<\/strong><\/div>\n<div><strong>Iseki<\/strong><\/div>\n<ul>\n<li>TU145, TU147, TU155, TU157, TU165, TU167, TU175, TU177<\/li>\n<\/ul>\n<p><strong>Mitsubishi-Motor<\/strong><\/p>\n<ul>\n<li>K3A, K3B, K3C, K3D<\/li>\n<\/ul>\n<p><strong>Spannung<\/strong>: 12V<\/p>\n<p><strong>OEM als Referenz:<\/strong><\/p>\n<ul>\n<li>91306-05700<\/li>\n<li>5650-043-1762-0<\/li>\n<li>91306-05700, MM431762, MM436811<\/li>\n<li>PJ5110049, PJ7417275<\/li>\n<li>S85NC, S81NJ, S83AD, S85NR<\/li>\n<\/ul>\n","protected":false},"excerpt":{"rendered":"<p>Steuerger\u00e4t Gl\u00fchzeit geeignet f\u00fcr: Mitsubishi D1350, D1450 MT160, MT180, MT373 Bolens Iseki TU145, TU147, TU155, TU157, TU165, TU167, TU175, TU177 Mitsubishi-Motor K3A, K3B, K3C, K3D Spannung: 12V OEM als Referenz: 91306-05700 5650-043-1762-0 91306-05700, MM431762, MM436811 PJ5110049, PJ7417275 S85NC, S81NJ, S83AD, S85NR<\/p>\n","protected":false},"featured_media":65000,"comment_status":"open","ping_status":"closed","template":"","meta":[],"product_cat":[376],"product_tag":[3895],"class_list":{"0":"post-61314","1":"product","2":"type-product","3":"status-publish","4":"has-post-thumbnail","6":"product_cat-gluhrelais","7":"product_tag-snelparts-de","8":"pa_merk-iseki-de","9":"pa_merk-kumiai-de","10":"pa_merk-mitsubishi-de","12":"first","13":"instock","14":"sale","15":"taxable","16":"shipping-taxable","17":"purchasable","18":"product-type-simple","19":"col-xs-6 col-sm-4","20":"col-md-3 col-lg-3","21":"un-4-cols"},"_links":{"self":[{"href":"https:\/\/shop4trac.com\/de\/wp-json\/wp\/v2\/product\/61314","targetHints":{"allow":["GET"]}}],"collection":[{"href":"https:\/\/shop4trac.com\/de\/wp-json\/wp\/v2\/product"}],"about":[{"href":"https:\/\/shop4trac.com\/de\/wp-json\/wp\/v2\/types\/product"}],"replies":[{"embeddable":true,"href":"https:\/\/shop4trac.com\/de\/wp-json\/wp\/v2\/comments?post=61314"}],"wp:featuredmedia":[{"embeddable":true,"href":"https:\/\/shop4trac.com\/de\/wp-json\/wp\/v2\/media\/65000"}],"wp:attachment":[{"href":"https:\/\/shop4trac.com\/de\/wp-json\/wp\/v2\/media?parent=61314"}],"wp:term":[{"taxonomy":"product_cat","embeddable":true,"href":"https:\/\/shop4trac.com\/de\/wp-json\/wp\/v2\/product_cat?post=61314"},{"taxonomy":"product_tag","embeddable":true,"href":"https:\/\/shop4trac.com\/de\/wp-json\/wp\/v2\/product_tag?post=61314"}],"curies":[{"name":"wp","href":"https:\/\/api.w.org\/{rel}","templated":true}]}}